{"id":3730,"date":"2024-11-25T10:59:38","date_gmt":"2024-11-25T09:59:38","guid":{"rendered":"https:\/\/www.miksch.de\/?post_type=product&#038;p=3730"},"modified":"2026-02-27T13:44:04","modified_gmt":"2026-02-27T12:44:04","slug":"engineering-fuer-kurvengetriebe-berechnung-bis-fertigung","status":"publish","type":"product","link":"https:\/\/www.miksch.de\/en\/product\/engineering-fuer-kurvengetriebe-berechnung-bis-fertigung\/","title":{"rendered":"Engineering for cam gears"},"content":{"rendered":"<h2 class=\"title\" style=\"font-size: 24px;padding: 30px 0px 10px;\">You can count on it!<\/h2>\n<div class=\"responsive-columns\">\n<div>\n<h3 style=\"margin-bottom: 15px;\"><strong>Advice<\/strong><\/h3>\n<ul>\n<li><img decoding=\"async\" class=\"alignnone size-full wp-image-3279\" src=\"https:\/\/www.miksch.de\/wp-content\/uploads\/2020\/06\/Frame-116.png\" alt=\"\" width=\"16\" height=\"12\" \/> joint search for an optimal drive concept<\/li>\n<li><img decoding=\"async\" class=\"alignnone size-full wp-image-3279\" src=\"https:\/\/www.miksch.de\/wp-content\/uploads\/2020\/06\/Frame-116.png\" alt=\"\" width=\"16\" height=\"12\" \/> Discussion of design features of cam drives<\/li>\n<\/ul>\n<\/div>\n<\/div>\n<p><a href=\"https:\/\/www.miksch.de\/wp-content\/uploads\/2025\/01\/karriere-stellenangebot-1-miksch-e1737379579943.webp\"><img decoding=\"async\" class=\"alignnone wp-image-4267\" src=\"https:\/\/www.miksch.de\/wp-content\/uploads\/2025\/01\/karriere-stellenangebot-1-miksch-e1737379579943-1024x677.webp\" alt=\"\" width=\"516\" height=\"341\" srcset=\"https:\/\/www.miksch.de\/wp-content\/uploads\/2025\/01\/karriere-stellenangebot-1-miksch-e1737379579943-1024x677.webp 1024w, https:\/\/www.miksch.de\/wp-content\/uploads\/2025\/01\/karriere-stellenangebot-1-miksch-e1737379579943-300x198.webp 300w, https:\/\/www.miksch.de\/wp-content\/uploads\/2025\/01\/karriere-stellenangebot-1-miksch-e1737379579943-768x508.webp 768w, https:\/\/www.miksch.de\/wp-content\/uploads\/2025\/01\/karriere-stellenangebot-1-miksch-e1737379579943-1536x1016.webp 1536w, https:\/\/www.miksch.de\/wp-content\/uploads\/2025\/01\/karriere-stellenangebot-1-miksch-e1737379579943-2048x1355.webp 2048w, https:\/\/www.miksch.de\/wp-content\/uploads\/2025\/01\/karriere-stellenangebot-1-miksch-e1737379579943-500x331.webp 500w\" sizes=\"(max-width: 516px) 100vw, 516px\" \/><\/a><\/p>\n<h3><strong>interpretation<\/strong><\/h3>\n<div class=\"responsive-columns\">\n<div>\n<ul>\n<li><img decoding=\"async\" class=\"alignnone size-full wp-image-3279\" src=\"https:\/\/www.miksch.de\/wp-content\/uploads\/2020\/06\/Frame-116.png\" alt=\"\" width=\"16\" height=\"12\" \/> Movement design on your working organ<\/li>\n<li><img decoding=\"async\" class=\"alignnone size-full wp-image-3279\" src=\"https:\/\/www.miksch.de\/wp-content\/uploads\/2020\/06\/Frame-116.png\" alt=\"\" width=\"16\" height=\"12\" \/> Selection of movement functions depending on your requirements (harmonious movements, low vibration, noise-optimized, etc.)<\/li>\n<li><img decoding=\"async\" class=\"alignnone size-full wp-image-3279\" src=\"https:\/\/www.miksch.de\/wp-content\/uploads\/2020\/06\/Frame-116.png\" alt=\"\" width=\"16\" height=\"12\" \/> Collision control of multiple movements<\/li>\n<\/ul>\n<\/div>\n<\/div>\n<p><a href=\"https:\/\/www.miksch.de\/wp-content\/uploads\/2025\/05\/Auswahlmatrix_Kurvengetriebe_Pendelbwegungen_ENG-scaled.png\"><img decoding=\"async\" class=\"alignnone wp-image-4262\" src=\"https:\/\/www.miksch.de\/wp-content\/uploads\/2025\/05\/Auswahlmatrix_Kurvengetriebe_Pendelbwegungen_ENG-scaled.png\" alt=\"\" width=\"1172\" height=\"601\" srcset=\"https:\/\/www.miksch.de\/wp-content\/uploads\/2025\/05\/Auswahlmatrix_Kurvengetriebe_Pendelbwegungen_ENG-scaled.png 2560w, https:\/\/www.miksch.de\/wp-content\/uploads\/2025\/05\/Auswahlmatrix_Kurvengetriebe_Pendelbwegungen_ENG-300x163.png 300w, https:\/\/www.miksch.de\/wp-content\/uploads\/2025\/05\/Auswahlmatrix_Kurvengetriebe_Pendelbwegungen_ENG-1024x556.png 1024w, https:\/\/www.miksch.de\/wp-content\/uploads\/2025\/05\/Auswahlmatrix_Kurvengetriebe_Pendelbwegungen_ENG-768x417.png 768w, https:\/\/www.miksch.de\/wp-content\/uploads\/2025\/05\/Auswahlmatrix_Kurvengetriebe_Pendelbwegungen_ENG-1536x834.png 1536w, https:\/\/www.miksch.de\/wp-content\/uploads\/2025\/05\/Auswahlmatrix_Kurvengetriebe_Pendelbwegungen_ENG-2048x1113.png 2048w, https:\/\/www.miksch.de\/wp-content\/uploads\/2025\/05\/Auswahlmatrix_Kurvengetriebe_Pendelbwegungen_ENG-18x10.png 18w, https:\/\/www.miksch.de\/wp-content\/uploads\/2025\/05\/Auswahlmatrix_Kurvengetriebe_Pendelbwegungen_ENG-500x272.png 500w\" sizes=\"(max-width: 1172px) 100vw, 1172px\" \/><\/a><\/p>\n<p><!--more--><\/p>\n<p><a href=\"https:\/\/www.miksch.de\/wp-content\/uploads\/2025\/05\/Auswahlmatrix_Kurvengetriebe_Schrittbewegungen_ENG.png\"><img decoding=\"async\" class=\"alignnone wp-image-4403\" src=\"https:\/\/www.miksch.de\/wp-content\/uploads\/2025\/05\/Auswahlmatrix_Kurvengetriebe_Schrittbewegungen_ENG.png\" alt=\"\" width=\"1174\" height=\"885\" srcset=\"https:\/\/www.miksch.de\/wp-content\/uploads\/2025\/05\/Auswahlmatrix_Kurvengetriebe_Schrittbewegungen_ENG.png 1024w, https:\/\/www.miksch.de\/wp-content\/uploads\/2025\/05\/Auswahlmatrix_Kurvengetriebe_Schrittbewegungen_ENG-300x225.png 300w, https:\/\/www.miksch.de\/wp-content\/uploads\/2025\/05\/Auswahlmatrix_Kurvengetriebe_Schrittbewegungen_ENG-768x576.png 768w, https:\/\/www.miksch.de\/wp-content\/uploads\/2025\/05\/Auswahlmatrix_Kurvengetriebe_Schrittbewegungen_ENG-16x12.png 16w, https:\/\/www.miksch.de\/wp-content\/uploads\/2025\/05\/Auswahlmatrix_Kurvengetriebe_Schrittbewegungen_ENG-500x375.png 500w\" sizes=\"(max-width: 1174px) 100vw, 1174px\" \/><\/a><\/p>\n<h3><strong>calculation<\/strong><\/h3>\n<div class=\"responsive-columns\">\n<div>\n<ul>\n<li><img decoding=\"async\" class=\"alignnone size-full wp-image-3279\" src=\"https:\/\/www.miksch.de\/wp-content\/uploads\/2020\/06\/Frame-116.png\" alt=\"\" width=\"16\" height=\"12\" \/> Determination of the main dimensions<\/li>\n<li><img decoding=\"async\" class=\"alignnone size-full wp-image-3279\" src=\"https:\/\/www.miksch.de\/wp-content\/uploads\/2020\/06\/Frame-116.png\" alt=\"\" width=\"16\" height=\"12\" \/> Checking geometric feasibility<\/li>\n<li><img decoding=\"async\" class=\"alignnone size-full wp-image-3279\" src=\"https:\/\/www.miksch.de\/wp-content\/uploads\/2020\/06\/Frame-116.png\" alt=\"\" width=\"16\" height=\"12\" \/> Input and output loads from masses and forces<\/li>\n<li><img decoding=\"async\" class=\"alignnone size-full wp-image-3279\" src=\"https:\/\/www.miksch.de\/wp-content\/uploads\/2020\/06\/Frame-116.png\" alt=\"\" width=\"16\" height=\"12\" \/> Selection of the roller depending on the required service life<\/li>\n<li><img decoding=\"async\" class=\"alignnone size-full wp-image-3279\" src=\"https:\/\/www.miksch.de\/wp-content\/uploads\/2020\/06\/Frame-116.png\" alt=\"\" width=\"16\" height=\"12\" \/> Documentation of the calculation for your records<\/li>\n<li><img decoding=\"async\" class=\"alignnone size-full wp-image-3279\" src=\"https:\/\/www.miksch.de\/wp-content\/uploads\/2020\/06\/Frame-116.png\" alt=\"\" width=\"16\" height=\"12\" \/> Coordinates of the roller\/curve track for your production<\/li>\n<li><img decoding=\"async\" class=\"alignnone size-full wp-image-3279\" src=\"https:\/\/www.miksch.de\/wp-content\/uploads\/2020\/06\/Frame-116.png\" alt=\"\" width=\"16\" height=\"12\" \/> Production-ready drawing for our production<\/li>\n<\/ul>\n<\/div>\n<\/div>\n<h3><strong>optimization<\/strong><\/h3>\n<ul>\n<li><img decoding=\"async\" class=\"alignnone size-full wp-image-3279\" src=\"https:\/\/www.miksch.de\/wp-content\/uploads\/2020\/06\/Frame-116.png\" alt=\"\" width=\"16\" height=\"12\" \/> Review and recalculation of motion sequences and cam mechanisms to increase the performance of existing systems<\/li>\n<\/ul>\n<h3><strong>Experience<\/strong><\/h3>\n<ul>\n<li><img decoding=\"async\" class=\"alignnone size-full wp-image-3279\" src=\"https:\/\/www.miksch.de\/wp-content\/uploads\/2020\/06\/Frame-116.png\" alt=\"\" width=\"16\" height=\"12\" \/> Since around 1970, computer-aided motion design and development of curves<\/li>\n<li><img decoding=\"async\" class=\"alignnone size-full wp-image-3279\" src=\"https:\/\/www.miksch.de\/wp-content\/uploads\/2020\/06\/Frame-116.png\" alt=\"\" width=\"16\" height=\"12\" \/> Motion design and curve solutions in a wide range of industries<\/li>\n<\/ul>\n<p><a href=\"https:\/\/www.miksch.de\/wp-content\/uploads\/2024\/11\/AM_Portraet_2500pixel.webp\"><img decoding=\"async\" class=\"alignnone wp-image-4404\" src=\"https:\/\/www.miksch.de\/wp-content\/uploads\/2024\/11\/AM_Portraet_2500pixel-300x200.webp\" alt=\"\" width=\"557\" height=\"371\" srcset=\"https:\/\/www.miksch.de\/wp-content\/uploads\/2024\/11\/AM_Portraet_2500pixel-300x200.webp 300w, https:\/\/www.miksch.de\/wp-content\/uploads\/2024\/11\/AM_Portraet_2500pixel-1024x683.webp 1024w, https:\/\/www.miksch.de\/wp-content\/uploads\/2024\/11\/AM_Portraet_2500pixel-768x512.webp 768w, https:\/\/www.miksch.de\/wp-content\/uploads\/2024\/11\/AM_Portraet_2500pixel-1536x1024.webp 1536w, https:\/\/www.miksch.de\/wp-content\/uploads\/2024\/11\/AM_Portraet_2500pixel-2048x1366.webp 2048w, https:\/\/www.miksch.de\/wp-content\/uploads\/2024\/11\/AM_Portraet_2500pixel-500x333.webp 500w\" sizes=\"(max-width: 557px) 100vw, 557px\" \/><\/a><\/p>\n<h3><strong>Movement functions<\/strong><\/h3>\n<ul>\n<li><img decoding=\"async\" class=\"alignnone size-full wp-image-3279\" src=\"https:\/\/www.miksch.de\/wp-content\/uploads\/2020\/06\/Frame-116.png\" alt=\"\" width=\"16\" height=\"12\" \/> According to VDI guideline 2143<\/li>\n<li><img decoding=\"async\" class=\"alignnone size-full wp-image-3279\" src=\"https:\/\/www.miksch.de\/wp-content\/uploads\/2020\/06\/Frame-116.png\" alt=\"\" width=\"16\" height=\"12\" \/> In-house developments based on VDI 2143<\/li>\n<li><img decoding=\"async\" class=\"alignnone size-full wp-image-3279\" src=\"https:\/\/www.miksch.de\/wp-content\/uploads\/2020\/06\/Frame-116.png\" alt=\"\" width=\"16\" height=\"12\" \/> In-house developments for low-vibration movement<\/li>\n<li><img decoding=\"async\" class=\"alignnone size-full wp-image-3279\" src=\"https:\/\/www.miksch.de\/wp-content\/uploads\/2020\/06\/Frame-116.png\" alt=\"\" width=\"16\" height=\"12\" \/> Spline functions<\/li>\n<\/ul>\n<h3><strong>software<\/strong><\/h3>\n<ul>\n<li><img decoding=\"async\" class=\"alignnone size-full wp-image-3279\" src=\"https:\/\/www.miksch.de\/wp-content\/uploads\/2020\/06\/Frame-116.png\" alt=\"\" width=\"16\" height=\"12\" \/> In-house developments by our curve specialists with continuous development<\/li>\n<li><img decoding=\"async\" class=\"alignnone size-full wp-image-3279\" src=\"https:\/\/www.miksch.de\/wp-content\/uploads\/2020\/06\/Frame-116.png\" alt=\"\" width=\"16\" height=\"12\" \/> Adaptation to new curve requirements<\/li>\n<li><img decoding=\"async\" class=\"alignnone size-full wp-image-3279\" src=\"https:\/\/www.miksch.de\/wp-content\/uploads\/2020\/06\/Frame-116.png\" alt=\"\" width=\"16\" height=\"12\" \/> Connection to CAD with output of curve profiles to CAD standard formats<\/li>\n<\/ul>","protected":false},"excerpt":{"rendered":"<p>Motion design and curve development as a service.<br \/>\nThe modular structure of our service offers a broad, customer-oriented offering. This includes consulting, design, calculation, and manufacturing. Choose individual modules or a complete solution from us.<\/p>\n<p>Do you need initial technical data or details? No problem. Simply send us a completely non-binding \u201cenquiry\u201d and we will help you.<\/p>\n<p>Under &quot;Download&quot; you will find initial technical information about the product.<\/p>\n<div id=\"linkContainer\">\n<ul>\n<li><a href=\"\/wp-content\/uploads\/2025\/01\/kurvengetriebe-pendelbewegung-auswahl-empfehlung-miksch-e1737381171974.webp\" target=\"_blank\" rel=\"noopener\">Cam gear selection matrix<\/a><\/li>\n<li><a href=\"\/wp-content\/uploads\/2025\/02\/Auswahlmatrix_Kurvengetriebe_Schrittbewegungen_2500pixel.webp\" target=\"_blank\" rel=\"noopener\">Selection matrix index gear<\/a><\/li>\n<\/ul>\n<\/div>","protected":false},"featured_media":4320,"comment_status":"closed","ping_status":"closed","template":"","meta":{"_acf_changed":false},"product_brand":[],"product_cat":[82],"class_list":{"0":"post-3730","1":"product","2":"type-product","3":"status-publish","4":"has-post-thumbnail","6":"product_cat-kurvengetriebe","8":"first","9":"instock","10":"shipping-taxable","11":"product-type-external"},"acf":[],"yoast_head":"<!-- This site is optimized with the Yoast SEO plugin v27.3 - https:\/\/yoast.com\/product\/yoast-seo-wordpress\/ -->\n<title>Engineering f\u00fcr Kurvengetriebe<\/title>\n<meta name=\"description\" content=\"MIKSCH bietet ma\u00dfgeschneiderte Engineering-Dienstleistungen f\u00fcr Entwicklung und Optimierung von Kurvengetrieben, von der Berechnung bis zur Fertigung.\" \/>\n<meta name=\"robots\" content=\"index, follow, max-snippet:-1, max-image-preview:large, max-video-preview:-1\" \/>\n<link rel=\"canonical\" href=\"https:\/\/www.miksch.de\/en\/product\/engineering-fuer-kurvengetriebe-berechnung-bis-fertigung\/\" \/>\n<meta property=\"og:locale\" content=\"en_US\" \/>\n<meta property=\"og:type\" content=\"article\" \/>\n<meta property=\"og:title\" content=\"Engineering f\u00fcr Kurvengetriebe\" \/>\n<meta property=\"og:description\" content=\"MIKSCH bietet ma\u00dfgeschneiderte Engineering-Dienstleistungen f\u00fcr Entwicklung und Optimierung von Kurvengetrieben, von der Berechnung bis zur Fertigung.\" \/>\n<meta property=\"og:url\" content=\"https:\/\/www.miksch.de\/en\/product\/engineering-fuer-kurvengetriebe-berechnung-bis-fertigung\/\" \/>\n<meta property=\"og:site_name\" content=\"MIKSCH - accelerates\" \/>\n<meta property=\"article:publisher\" content=\"https:\/\/www.facebook.com\/people\/Miksch-GmbH\/100066497170541\/\" \/>\n<meta property=\"article:modified_time\" content=\"2026-02-27T12:44:04+00:00\" \/>\n<meta property=\"og:image\" content=\"https:\/\/www.miksch.de\/wp-content\/uploads\/2025\/01\/kurvengetriebe-schrittgetriebe-einbausatz-miksch-Vors.webp\" \/>\n\t<meta property=\"og:image:width\" content=\"350\" \/>\n\t<meta property=\"og:image:height\" content=\"350\" \/>\n\t<meta property=\"og:image:type\" content=\"image\/webp\" \/>\n<meta name=\"twitter:card\" content=\"summary_large_image\" \/>\n<meta name=\"twitter:label1\" content=\"Est. reading time\" \/>\n\t<meta name=\"twitter:data1\" content=\"7 minutes\" \/>\n<script type=\"application\/ld+json\" class=\"yoast-schema-graph\">{\"@context\":\"https:\\\/\\\/schema.org\",\"@graph\":[{\"@type\":\"WebPage\",\"@id\":\"https:\\\/\\\/www.miksch.de\\\/produkt\\\/engineering-fuer-kurvengetriebe-berechnung-bis-fertigung\\\/\",\"url\":\"https:\\\/\\\/www.miksch.de\\\/produkt\\\/engineering-fuer-kurvengetriebe-berechnung-bis-fertigung\\\/\",\"name\":\"Engineering f\u00fcr Kurvengetriebe\",\"isPartOf\":{\"@id\":\"https:\\\/\\\/www.miksch.de\\\/#website\"},\"primaryImageOfPage\":{\"@id\":\"https:\\\/\\\/www.miksch.de\\\/produkt\\\/engineering-fuer-kurvengetriebe-berechnung-bis-fertigung\\\/#primaryimage\"},\"image\":{\"@id\":\"https:\\\/\\\/www.miksch.de\\\/produkt\\\/engineering-fuer-kurvengetriebe-berechnung-bis-fertigung\\\/#primaryimage\"},\"thumbnailUrl\":\"https:\\\/\\\/www.miksch.de\\\/wp-content\\\/uploads\\\/2025\\\/01\\\/kurvengetriebe-schrittgetriebe-einbausatz-miksch-Vors.webp\",\"datePublished\":\"2024-11-25T09:59:38+00:00\",\"dateModified\":\"2026-02-27T12:44:04+00:00\",\"description\":\"MIKSCH bietet ma\u00dfgeschneiderte Engineering-Dienstleistungen f\u00fcr Entwicklung und Optimierung von Kurvengetrieben, von der Berechnung bis zur Fertigung.\",\"breadcrumb\":{\"@id\":\"https:\\\/\\\/www.miksch.de\\\/produkt\\\/engineering-fuer-kurvengetriebe-berechnung-bis-fertigung\\\/#breadcrumb\"},\"inLanguage\":\"en-US\",\"potentialAction\":[{\"@type\":\"ReadAction\",\"target\":[\"https:\\\/\\\/www.miksch.de\\\/produkt\\\/engineering-fuer-kurvengetriebe-berechnung-bis-fertigung\\\/\"]}]},{\"@type\":\"ImageObject\",\"inLanguage\":\"en-US\",\"@id\":\"https:\\\/\\\/www.miksch.de\\\/produkt\\\/engineering-fuer-kurvengetriebe-berechnung-bis-fertigung\\\/#primaryimage\",\"url\":\"https:\\\/\\\/www.miksch.de\\\/wp-content\\\/uploads\\\/2025\\\/01\\\/kurvengetriebe-schrittgetriebe-einbausatz-miksch-Vors.webp\",\"contentUrl\":\"https:\\\/\\\/www.miksch.de\\\/wp-content\\\/uploads\\\/2025\\\/01\\\/kurvengetriebe-schrittgetriebe-einbausatz-miksch-Vors.webp\",\"width\":350,\"height\":350,\"caption\":\"Einbausatz f\u00fcr ein Kurvengetriebe mit Schrittbewegung.\"},{\"@type\":\"BreadcrumbList\",\"@id\":\"https:\\\/\\\/www.miksch.de\\\/produkt\\\/engineering-fuer-kurvengetriebe-berechnung-bis-fertigung\\\/#breadcrumb\",\"itemListElement\":[{\"@type\":\"ListItem\",\"position\":1,\"name\":\"Home\",\"item\":\"https:\\\/\\\/www.miksch.de\\\/\"},{\"@type\":\"ListItem\",\"position\":2,\"name\":\"Produkte\",\"item\":\"https:\\\/\\\/www.miksch.de\\\/shop\\\/\"},{\"@type\":\"ListItem\",\"position\":3,\"name\":\"Engineering f\u00fcr Kurvengetriebe\"}]},{\"@type\":\"WebSite\",\"@id\":\"https:\\\/\\\/www.miksch.de\\\/#website\",\"url\":\"https:\\\/\\\/www.miksch.de\\\/\",\"name\":\"MIKSCH GmbH\",\"description\":\"\",\"publisher\":{\"@id\":\"https:\\\/\\\/www.miksch.de\\\/#organization\"},\"potentialAction\":[{\"@type\":\"SearchAction\",\"target\":{\"@type\":\"EntryPoint\",\"urlTemplate\":\"https:\\\/\\\/www.miksch.de\\\/?s={search_term_string}\"},\"query-input\":{\"@type\":\"PropertyValueSpecification\",\"valueRequired\":true,\"valueName\":\"search_term_string\"}}],\"inLanguage\":\"en-US\"},{\"@type\":\"Organization\",\"@id\":\"https:\\\/\\\/www.miksch.de\\\/#organization\",\"name\":\"MIKSCH GmbH\",\"url\":\"https:\\\/\\\/www.miksch.de\\\/\",\"logo\":{\"@type\":\"ImageObject\",\"inLanguage\":\"en-US\",\"@id\":\"https:\\\/\\\/www.miksch.de\\\/#\\\/schema\\\/logo\\\/image\\\/\",\"url\":\"https:\\\/\\\/www.miksch.de\\\/wp-content\\\/uploads\\\/2024\\\/11\\\/gcOnlineDirectory-5-2.png\",\"contentUrl\":\"https:\\\/\\\/www.miksch.de\\\/wp-content\\\/uploads\\\/2024\\\/11\\\/gcOnlineDirectory-5-2.png\",\"width\":227,\"height\":48,\"caption\":\"MIKSCH GmbH\"},\"image\":{\"@id\":\"https:\\\/\\\/www.miksch.de\\\/#\\\/schema\\\/logo\\\/image\\\/\"},\"sameAs\":[\"https:\\\/\\\/www.facebook.com\\\/people\\\/Miksch-GmbH\\\/100066497170541\\\/\",\"https:\\\/\\\/au.linkedin.com\\\/company\\\/miksch-gmbh\"]}]}<\/script>\n<!-- \/ Yoast SEO plugin. -->","yoast_head_json":{"title":"Engineering for cam gears","description":"MIKSCH offers customized engineering services for the development and optimization of cam drives, from calculation to manufacturing.","robots":{"index":"index","follow":"follow","max-snippet":"max-snippet:-1","max-image-preview":"max-image-preview:large","max-video-preview":"max-video-preview:-1"},"canonical":"https:\/\/www.miksch.de\/en\/product\/engineering-fuer-kurvengetriebe-berechnung-bis-fertigung\/","og_locale":"en_US","og_type":"article","og_title":"Engineering f\u00fcr Kurvengetriebe","og_description":"MIKSCH bietet ma\u00dfgeschneiderte Engineering-Dienstleistungen f\u00fcr Entwicklung und Optimierung von Kurvengetrieben, von der Berechnung bis zur Fertigung.","og_url":"https:\/\/www.miksch.de\/en\/product\/engineering-fuer-kurvengetriebe-berechnung-bis-fertigung\/","og_site_name":"MIKSCH - accelerates","article_publisher":"https:\/\/www.facebook.com\/people\/Miksch-GmbH\/100066497170541\/","article_modified_time":"2026-02-27T12:44:04+00:00","og_image":[{"width":350,"height":350,"url":"https:\/\/www.miksch.de\/wp-content\/uploads\/2025\/01\/kurvengetriebe-schrittgetriebe-einbausatz-miksch-Vors.webp","type":"image\/webp"}],"twitter_card":"summary_large_image","twitter_misc":{"Est. reading time":"7 minutes"},"schema":{"@context":"https:\/\/schema.org","@graph":[{"@type":"WebPage","@id":"https:\/\/www.miksch.de\/produkt\/engineering-fuer-kurvengetriebe-berechnung-bis-fertigung\/","url":"https:\/\/www.miksch.de\/produkt\/engineering-fuer-kurvengetriebe-berechnung-bis-fertigung\/","name":"Engineering for cam gears","isPartOf":{"@id":"https:\/\/www.miksch.de\/#website"},"primaryImageOfPage":{"@id":"https:\/\/www.miksch.de\/produkt\/engineering-fuer-kurvengetriebe-berechnung-bis-fertigung\/#primaryimage"},"image":{"@id":"https:\/\/www.miksch.de\/produkt\/engineering-fuer-kurvengetriebe-berechnung-bis-fertigung\/#primaryimage"},"thumbnailUrl":"https:\/\/www.miksch.de\/wp-content\/uploads\/2025\/01\/kurvengetriebe-schrittgetriebe-einbausatz-miksch-Vors.webp","datePublished":"2024-11-25T09:59:38+00:00","dateModified":"2026-02-27T12:44:04+00:00","description":"MIKSCH offers customized engineering services for the development and optimization of cam drives, from calculation to manufacturing.","breadcrumb":{"@id":"https:\/\/www.miksch.de\/produkt\/engineering-fuer-kurvengetriebe-berechnung-bis-fertigung\/#breadcrumb"},"inLanguage":"en-US","potentialAction":[{"@type":"ReadAction","target":["https:\/\/www.miksch.de\/produkt\/engineering-fuer-kurvengetriebe-berechnung-bis-fertigung\/"]}]},{"@type":"ImageObject","inLanguage":"en-US","@id":"https:\/\/www.miksch.de\/produkt\/engineering-fuer-kurvengetriebe-berechnung-bis-fertigung\/#primaryimage","url":"https:\/\/www.miksch.de\/wp-content\/uploads\/2025\/01\/kurvengetriebe-schrittgetriebe-einbausatz-miksch-Vors.webp","contentUrl":"https:\/\/www.miksch.de\/wp-content\/uploads\/2025\/01\/kurvengetriebe-schrittgetriebe-einbausatz-miksch-Vors.webp","width":350,"height":350,"caption":"Einbausatz f\u00fcr ein Kurvengetriebe mit Schrittbewegung."},{"@type":"BreadcrumbList","@id":"https:\/\/www.miksch.de\/produkt\/engineering-fuer-kurvengetriebe-berechnung-bis-fertigung\/#breadcrumb","itemListElement":[{"@type":"ListItem","position":1,"name":"Home","item":"https:\/\/www.miksch.de\/"},{"@type":"ListItem","position":2,"name":"Produkte","item":"https:\/\/www.miksch.de\/shop\/"},{"@type":"ListItem","position":3,"name":"Engineering f\u00fcr Kurvengetriebe"}]},{"@type":"WebSite","@id":"https:\/\/www.miksch.de\/#website","url":"https:\/\/www.miksch.de\/","name":"MIKSCH GmbH","description":"","publisher":{"@id":"https:\/\/www.miksch.de\/#organization"},"potentialAction":[{"@type":"SearchAction","target":{"@type":"EntryPoint","urlTemplate":"https:\/\/www.miksch.de\/?s={search_term_string}"},"query-input":{"@type":"PropertyValueSpecification","valueRequired":true,"valueName":"search_term_string"}}],"inLanguage":"en-US"},{"@type":"Organization","@id":"https:\/\/www.miksch.de\/#organization","name":"MIKSCH GmbH","url":"https:\/\/www.miksch.de\/","logo":{"@type":"ImageObject","inLanguage":"en-US","@id":"https:\/\/www.miksch.de\/#\/schema\/logo\/image\/","url":"https:\/\/www.miksch.de\/wp-content\/uploads\/2024\/11\/gcOnlineDirectory-5-2.png","contentUrl":"https:\/\/www.miksch.de\/wp-content\/uploads\/2024\/11\/gcOnlineDirectory-5-2.png","width":227,"height":48,"caption":"MIKSCH GmbH"},"image":{"@id":"https:\/\/www.miksch.de\/#\/schema\/logo\/image\/"},"sameAs":["https:\/\/www.facebook.com\/people\/Miksch-GmbH\/100066497170541\/","https:\/\/au.linkedin.com\/company\/miksch-gmbh"]}]}},"_links":{"self":[{"href":"https:\/\/www.miksch.de\/en\/wp-json\/wp\/v2\/product\/3730","targetHints":{"allow":["GET"]}}],"collection":[{"href":"https:\/\/www.miksch.de\/en\/wp-json\/wp\/v2\/product"}],"about":[{"href":"https:\/\/www.miksch.de\/en\/wp-json\/wp\/v2\/types\/product"}],"replies":[{"embeddable":true,"href":"https:\/\/www.miksch.de\/en\/wp-json\/wp\/v2\/comments?post=3730"}],"wp:featuredmedia":[{"embeddable":true,"href":"https:\/\/www.miksch.de\/en\/wp-json\/wp\/v2\/media\/4320"}],"wp:attachment":[{"href":"https:\/\/www.miksch.de\/en\/wp-json\/wp\/v2\/media?parent=3730"}],"wp:term":[{"taxonomy":"product_brand","embeddable":true,"href":"https:\/\/www.miksch.de\/en\/wp-json\/wp\/v2\/product_brand?post=3730"},{"taxonomy":"product_cat","embeddable":true,"href":"https:\/\/www.miksch.de\/en\/wp-json\/wp\/v2\/product_cat?post=3730"}],"curies":[{"name":"wp","href":"https:\/\/api.w.org\/{rel}","templated":true}]}}