{"id":3374,"date":"2024-11-12T14:29:20","date_gmt":"2024-11-12T13:29:20","guid":{"rendered":"https:\/\/www.miksch.de\/?post_type=product&#038;p=3374"},"modified":"2026-03-30T10:05:00","modified_gmt":"2026-03-30T09:05:00","slug":"kurvengetriebe-fuer-viele-anwendungsfaelle-miksch-gmbh","status":"publish","type":"product","link":"https:\/\/www.miksch.de\/en\/product\/kurvengetriebe-fuer-viele-anwendungsfaelle-miksch-gmbh\/","title":{"rendered":"Cam gears for many applications"},"content":{"rendered":"<div>\n<h2 class=\"title\" style=\"font-size: 24px; padding: 30px 0px 10px;\">YOUR BENEFITS AT A GLANCE<\/h2>\n<div class=\"responsive-columns\">\n<div>\n<ul>\n<li><img decoding=\"async\" class=\"alignnone size-full wp-image-3279\" src=\"https:\/\/www.miksch.de\/wp-content\/uploads\/2020\/06\/Frame-116.png\" alt=\"\" width=\"16\" height=\"12\" \/> quiet <span style=\"color: #f0f0f0;\">\u2014\u2014\u2014\u2014\u2013<\/span><\/li>\n<li><img decoding=\"async\" class=\"alignnone size-full wp-image-3279\" src=\"https:\/\/www.miksch.de\/wp-content\/uploads\/2020\/06\/Frame-116.png\" alt=\"\" width=\"16\" height=\"12\" \/> form-fitting <span style=\"color: #f0f0f0;\">\u2014\u2014\u2014\u2014\u2013<\/span><\/li>\n<li><img decoding=\"async\" class=\"alignnone wp-image-3279\" src=\"https:\/\/www.miksch.de\/wp-content\/uploads\/2020\/06\/Frame-116.png\" alt=\"\" width=\"16\" height=\"12\" \/> short switching times <span style=\"color: #f0f0f0;\">\u2014\u2014\u2014\u2014\u2013<\/span><\/li>\n<li><img decoding=\"async\" class=\"alignnone size-full wp-image-3279\" src=\"https:\/\/www.miksch.de\/wp-content\/uploads\/2020\/06\/Frame-116.png\" alt=\"\" width=\"16\" height=\"12\" \/> harmonious motion sequence<\/li>\n<\/ul>\n<\/div>\n<div>\n<ul>\n<li><img decoding=\"async\" class=\"alignnone size-full wp-image-3279\" src=\"https:\/\/www.miksch.de\/wp-content\/uploads\/2020\/06\/Frame-116.png\" alt=\"\" width=\"16\" height=\"12\" \/> any installation position<\/li>\n<li><img decoding=\"async\" class=\"alignnone size-full wp-image-3279\" src=\"https:\/\/www.miksch.de\/wp-content\/uploads\/2020\/06\/Frame-116.png\" alt=\"\" width=\"16\" height=\"12\" \/> no additional indexing required<\/li>\n<li><img decoding=\"async\" class=\"alignnone size-full wp-image-3279\" src=\"https:\/\/www.miksch.de\/wp-content\/uploads\/2020\/06\/Frame-116.png\" alt=\"\" width=\"16\" height=\"12\" \/> direct mounting of the reduction gear on the housing<\/li>\n<\/ul>\n<\/div>\n<div>\n<ul>\n<li><img decoding=\"async\" class=\"alignnone size-full wp-image-3279\" src=\"https:\/\/www.miksch.de\/wp-content\/uploads\/2020\/06\/Frame-116.png\" alt=\"\" width=\"16\" height=\"12\" \/> compact housing<\/li>\n<li><img decoding=\"async\" class=\"alignnone size-full wp-image-3279\" src=\"https:\/\/www.miksch.de\/wp-content\/uploads\/2020\/06\/Frame-116.png\" alt=\"\" width=\"16\" height=\"12\" \/> long lifespan <span style=\"color: #f0f0f0;\">\u2014\u2014\u2014\u2014\u2013<\/span><\/li>\n<li><img decoding=\"async\" class=\"alignnone size-full wp-image-3279\" src=\"https:\/\/www.miksch.de\/wp-content\/uploads\/2020\/06\/Frame-116.png\" alt=\"\" width=\"16\" height=\"12\" \/> largely low-maintenance<\/li>\n<li><img decoding=\"async\" class=\"alignnone size-full wp-image-3279\" src=\"https:\/\/www.miksch.de\/wp-content\/uploads\/2020\/06\/Frame-116.png\" alt=\"\" width=\"16\" height=\"12\" \/> permanently lubricated<\/li>\n<\/ul>\n<\/div>\n<\/div>\n<div>\n<h2 class=\"title\" style=\"font-size: 24px;\">VIDEOS<\/h2>\n<div class=\"product-video-thumb\"><iframe title=\"Product video\" src=\"https:\/\/www.youtube.com\/embed\/98CUYxMrEIo?si=qGctopnrgjxvbNrE\" width=\"560\" height=\"315\" frameborder=\"0\" allowfullscreen=\"allowfullscreen\"><\/iframe><\/div>\n<div class=\"product-video-thumb\"><iframe title=\"Product video\" src=\"https:\/\/www.youtube.com\/embed\/Glt48FsMPKI\" frameborder=\"0\" allowfullscreen=\"allowfullscreen\"><\/iframe><\/div>\n<h4 class=\"title\" style=\"font-size: 24px;\">OUR CURVE GEARS AT A GLANCE<\/h4>\n<p><!--more--><a href=\"https:\/\/www.miksch.de\/wp-content\/uploads\/2025\/05\/Auswahlmatrix_Kurvengetriebe_Pendelbwegungen_ENG-scaled.png\"><img decoding=\"async\" class=\"alignnone wp-image-4262\" src=\"https:\/\/www.miksch.de\/wp-content\/uploads\/2025\/05\/Auswahlmatrix_Kurvengetriebe_Pendelbwegungen_ENG-scaled.png\" alt=\"\" width=\"1172\" height=\"602\" srcset=\"https:\/\/www.miksch.de\/wp-content\/uploads\/2025\/05\/Auswahlmatrix_Kurvengetriebe_Pendelbwegungen_ENG-scaled.png 2560w, https:\/\/www.miksch.de\/wp-content\/uploads\/2025\/05\/Auswahlmatrix_Kurvengetriebe_Pendelbwegungen_ENG-300x163.png 300w, https:\/\/www.miksch.de\/wp-content\/uploads\/2025\/05\/Auswahlmatrix_Kurvengetriebe_Pendelbwegungen_ENG-1024x556.png 1024w, https:\/\/www.miksch.de\/wp-content\/uploads\/2025\/05\/Auswahlmatrix_Kurvengetriebe_Pendelbwegungen_ENG-768x417.png 768w, https:\/\/www.miksch.de\/wp-content\/uploads\/2025\/05\/Auswahlmatrix_Kurvengetriebe_Pendelbwegungen_ENG-1536x834.png 1536w, https:\/\/www.miksch.de\/wp-content\/uploads\/2025\/05\/Auswahlmatrix_Kurvengetriebe_Pendelbwegungen_ENG-2048x1113.png 2048w, https:\/\/www.miksch.de\/wp-content\/uploads\/2025\/05\/Auswahlmatrix_Kurvengetriebe_Pendelbwegungen_ENG-18x10.png 18w, https:\/\/www.miksch.de\/wp-content\/uploads\/2025\/05\/Auswahlmatrix_Kurvengetriebe_Pendelbwegungen_ENG-500x272.png 500w\" sizes=\"(max-width: 1172px) 100vw, 1172px\" \/><\/a><\/p>\n<p><!--more--><\/p>\n<p><a href=\"https:\/\/www.miksch.de\/wp-content\/uploads\/2025\/05\/Auswahlmatrix_Kurvengetriebe_Schrittbewegungen_ENG.png\"><img decoding=\"async\" class=\"alignnone wp-image-4403\" src=\"https:\/\/www.miksch.de\/wp-content\/uploads\/2025\/05\/Auswahlmatrix_Kurvengetriebe_Schrittbewegungen_ENG.png\" alt=\"\" width=\"1174\" height=\"885\" srcset=\"https:\/\/www.miksch.de\/wp-content\/uploads\/2025\/05\/Auswahlmatrix_Kurvengetriebe_Schrittbewegungen_ENG.png 1024w, https:\/\/www.miksch.de\/wp-content\/uploads\/2025\/05\/Auswahlmatrix_Kurvengetriebe_Schrittbewegungen_ENG-300x225.png 300w, https:\/\/www.miksch.de\/wp-content\/uploads\/2025\/05\/Auswahlmatrix_Kurvengetriebe_Schrittbewegungen_ENG-768x576.png 768w, https:\/\/www.miksch.de\/wp-content\/uploads\/2025\/05\/Auswahlmatrix_Kurvengetriebe_Schrittbewegungen_ENG-16x12.png 16w, https:\/\/www.miksch.de\/wp-content\/uploads\/2025\/05\/Auswahlmatrix_Kurvengetriebe_Schrittbewegungen_ENG-500x375.png 500w\" sizes=\"(max-width: 1174px) 100vw, 1174px\" \/><\/a><\/p>\n<\/div>\n<\/div>","protected":false},"excerpt":{"rendered":"<pre style=\"text-align: right;\"><strong><em>Fast - Robust - Reliable<\/em><\/strong><\/pre>\n<p><strong>MIKSCH cam gear<\/strong> are the ideal drive solution for:<\/p>\n<p><img decoding=\"async\" class=\"alignnone size-full wp-image-3279\" src=\"https:\/\/www.miksch.de\/wp-content\/uploads\/2020\/06\/Frame-116.png\" alt=\"\" width=\"16\" height=\"12\" \/> continuous step movements in the same direction<\/p>\n<p><img decoding=\"async\" class=\"alignnone size-full wp-image-3279\" src=\"https:\/\/www.miksch.de\/wp-content\/uploads\/2020\/06\/Frame-116.png\" alt=\"\" width=\"16\" height=\"12\" \/> back and forth pendulum movements<\/p>\n<p><img decoding=\"async\" class=\"alignnone size-full wp-image-3279\" src=\"https:\/\/www.miksch.de\/wp-content\/uploads\/2020\/06\/Frame-116.png\" alt=\"\" width=\"16\" height=\"12\" \/> combined movements in space or on the plane<\/p>\n<p>While the drive shaft of a cam gear is driven at a constant speed, its output element carries out the desired movement. This movement is free of jolts and shocks and is therefore extremely harmonious. Noise and vibration are reduced to a minimum. The control effort required to integrate a cam gear into your application is limited to switching the drive motor on and off. Our cam gears are positively locked, play-free during standstill phases and therefore offer very high precision over the long term.<br \/>\nMIKSCH cam gears are available in various designs, optimized for the respective applications.<\/p>\n<p>Do you need initial technical data or details about a cam gear? No problem. Send us a completely non-binding inquiry, and we&#039;ll be happy to help.<\/p>\n<p>Under \u201eDownload\u201c you will find our technical questionnaire so that we can interpret your request in detail.<\/p>\n<div id=\"linkContainer\">\n<ul>\n<li><a href=\"https:\/\/www.miksch.de\/wp-content\/uploads\/2026\/01\/M1326DD2601_cam-gears_questionnaire.pdf\" target=\"_blank\" rel=\"noopener\">Questionnaire Cam Gear<\/a><\/li>\n<\/ul>\n<\/div>","protected":false},"featured_media":4990,"comment_status":"closed","ping_status":"closed","template":"","meta":{"_acf_changed":false},"product_brand":[],"product_cat":[82],"class_list":{"0":"post-3374","1":"product","2":"type-product","3":"status-publish","4":"has-post-thumbnail","6":"product_cat-kurvengetriebe","8":"first","9":"instock","10":"shipping-taxable","11":"product-type-external"},"acf":[],"yoast_head":"<!-- This site is optimized with the Yoast SEO plugin v27.3 - https:\/\/yoast.com\/product\/yoast-seo-wordpress\/ -->\n<title>Kurvengetriebe f\u00fcr viele Anwendungsf\u00e4lle<\/title>\n<meta name=\"description\" content=\"Kurvengetriebe von MIKSCH - die ideale Antriebsl\u00f6sung f\u00fcr sto\u00df- und ruckfreie Schrittbewegungen, Pendel- &amp; kombinierte Bewegungen mit hoher Pr\u00e4zision.\" \/>\n<meta name=\"robots\" content=\"index, follow, max-snippet:-1, max-image-preview:large, max-video-preview:-1\" \/>\n<link rel=\"canonical\" href=\"https:\/\/www.miksch.de\/en\/product\/kurvengetriebe-fuer-viele-anwendungsfaelle-miksch-gmbh\/\" \/>\n<meta property=\"og:locale\" content=\"en_US\" \/>\n<meta property=\"og:type\" content=\"article\" \/>\n<meta property=\"og:title\" content=\"Kurvengetriebe f\u00fcr viele Anwendungsf\u00e4lle\" \/>\n<meta property=\"og:description\" content=\"Kurvengetriebe von MIKSCH - die ideale Antriebsl\u00f6sung f\u00fcr sto\u00df- und ruckfreie Schrittbewegungen, Pendel- &amp; kombinierte Bewegungen mit hoher Pr\u00e4zision.\" \/>\n<meta property=\"og:url\" content=\"https:\/\/www.miksch.de\/en\/product\/kurvengetriebe-fuer-viele-anwendungsfaelle-miksch-gmbh\/\" \/>\n<meta property=\"og:site_name\" content=\"MIKSCH - accelerates\" \/>\n<meta property=\"article:publisher\" content=\"https:\/\/www.facebook.com\/people\/Miksch-GmbH\/100066497170541\/\" \/>\n<meta property=\"article:modified_time\" content=\"2026-03-30T09:05:00+00:00\" \/>\n<meta property=\"og:image\" content=\"https:\/\/www.miksch.de\/wp-content\/uploads\/2024\/11\/schrittgetriebe-kurvengetriebe-funktion-miksch-Vors_weis.webp\" \/>\n\t<meta property=\"og:image:width\" content=\"350\" \/>\n\t<meta property=\"og:image:height\" content=\"350\" \/>\n\t<meta property=\"og:image:type\" content=\"image\/webp\" \/>\n<meta name=\"twitter:card\" content=\"summary_large_image\" \/>\n<meta name=\"twitter:label1\" content=\"Est. reading time\" \/>\n\t<meta name=\"twitter:data1\" content=\"3 minutes\" \/>\n<script type=\"application\/ld+json\" class=\"yoast-schema-graph\">{\"@context\":\"https:\\\/\\\/schema.org\",\"@graph\":[{\"@type\":\"WebPage\",\"@id\":\"https:\\\/\\\/www.miksch.de\\\/produkt\\\/kurvengetriebe-fuer-viele-anwendungsfaelle-miksch-gmbh\\\/\",\"url\":\"https:\\\/\\\/www.miksch.de\\\/produkt\\\/kurvengetriebe-fuer-viele-anwendungsfaelle-miksch-gmbh\\\/\",\"name\":\"Kurvengetriebe f\u00fcr viele Anwendungsf\u00e4lle\",\"isPartOf\":{\"@id\":\"https:\\\/\\\/www.miksch.de\\\/#website\"},\"primaryImageOfPage\":{\"@id\":\"https:\\\/\\\/www.miksch.de\\\/produkt\\\/kurvengetriebe-fuer-viele-anwendungsfaelle-miksch-gmbh\\\/#primaryimage\"},\"image\":{\"@id\":\"https:\\\/\\\/www.miksch.de\\\/produkt\\\/kurvengetriebe-fuer-viele-anwendungsfaelle-miksch-gmbh\\\/#primaryimage\"},\"thumbnailUrl\":\"https:\\\/\\\/www.miksch.de\\\/wp-content\\\/uploads\\\/2024\\\/11\\\/schrittgetriebe-kurvengetriebe-funktion-miksch-Vors_weis.webp\",\"datePublished\":\"2024-11-12T13:29:20+00:00\",\"dateModified\":\"2026-03-30T09:05:00+00:00\",\"description\":\"Kurvengetriebe von MIKSCH - die ideale Antriebsl\u00f6sung f\u00fcr sto\u00df- und ruckfreie Schrittbewegungen, Pendel- & kombinierte Bewegungen mit hoher Pr\u00e4zision.\",\"breadcrumb\":{\"@id\":\"https:\\\/\\\/www.miksch.de\\\/produkt\\\/kurvengetriebe-fuer-viele-anwendungsfaelle-miksch-gmbh\\\/#breadcrumb\"},\"inLanguage\":\"en-US\",\"potentialAction\":[{\"@type\":\"ReadAction\",\"target\":[\"https:\\\/\\\/www.miksch.de\\\/produkt\\\/kurvengetriebe-fuer-viele-anwendungsfaelle-miksch-gmbh\\\/\"]}]},{\"@type\":\"ImageObject\",\"inLanguage\":\"en-US\",\"@id\":\"https:\\\/\\\/www.miksch.de\\\/produkt\\\/kurvengetriebe-fuer-viele-anwendungsfaelle-miksch-gmbh\\\/#primaryimage\",\"url\":\"https:\\\/\\\/www.miksch.de\\\/wp-content\\\/uploads\\\/2024\\\/11\\\/schrittgetriebe-kurvengetriebe-funktion-miksch-Vors_weis.webp\",\"contentUrl\":\"https:\\\/\\\/www.miksch.de\\\/wp-content\\\/uploads\\\/2024\\\/11\\\/schrittgetriebe-kurvengetriebe-funktion-miksch-Vors_weis.webp\",\"width\":350,\"height\":350,\"caption\":\"Schaubild: Funktion eines Kurven-Schrittgetriebes.\"},{\"@type\":\"BreadcrumbList\",\"@id\":\"https:\\\/\\\/www.miksch.de\\\/produkt\\\/kurvengetriebe-fuer-viele-anwendungsfaelle-miksch-gmbh\\\/#breadcrumb\",\"itemListElement\":[{\"@type\":\"ListItem\",\"position\":1,\"name\":\"Home\",\"item\":\"https:\\\/\\\/www.miksch.de\\\/\"},{\"@type\":\"ListItem\",\"position\":2,\"name\":\"Produkte\",\"item\":\"https:\\\/\\\/www.miksch.de\\\/shop\\\/\"},{\"@type\":\"ListItem\",\"position\":3,\"name\":\"Kurvengetriebe f\u00fcr viele Anwendungsf\u00e4lle\"}]},{\"@type\":\"WebSite\",\"@id\":\"https:\\\/\\\/www.miksch.de\\\/#website\",\"url\":\"https:\\\/\\\/www.miksch.de\\\/\",\"name\":\"MIKSCH GmbH\",\"description\":\"\",\"publisher\":{\"@id\":\"https:\\\/\\\/www.miksch.de\\\/#organization\"},\"potentialAction\":[{\"@type\":\"SearchAction\",\"target\":{\"@type\":\"EntryPoint\",\"urlTemplate\":\"https:\\\/\\\/www.miksch.de\\\/?s={search_term_string}\"},\"query-input\":{\"@type\":\"PropertyValueSpecification\",\"valueRequired\":true,\"valueName\":\"search_term_string\"}}],\"inLanguage\":\"en-US\"},{\"@type\":\"Organization\",\"@id\":\"https:\\\/\\\/www.miksch.de\\\/#organization\",\"name\":\"MIKSCH GmbH\",\"url\":\"https:\\\/\\\/www.miksch.de\\\/\",\"logo\":{\"@type\":\"ImageObject\",\"inLanguage\":\"en-US\",\"@id\":\"https:\\\/\\\/www.miksch.de\\\/#\\\/schema\\\/logo\\\/image\\\/\",\"url\":\"https:\\\/\\\/www.miksch.de\\\/wp-content\\\/uploads\\\/2024\\\/11\\\/gcOnlineDirectory-5-2.png\",\"contentUrl\":\"https:\\\/\\\/www.miksch.de\\\/wp-content\\\/uploads\\\/2024\\\/11\\\/gcOnlineDirectory-5-2.png\",\"width\":227,\"height\":48,\"caption\":\"MIKSCH GmbH\"},\"image\":{\"@id\":\"https:\\\/\\\/www.miksch.de\\\/#\\\/schema\\\/logo\\\/image\\\/\"},\"sameAs\":[\"https:\\\/\\\/www.facebook.com\\\/people\\\/Miksch-GmbH\\\/100066497170541\\\/\",\"https:\\\/\\\/au.linkedin.com\\\/company\\\/miksch-gmbh\"]}]}<\/script>\n<!-- \/ Yoast SEO plugin. -->","yoast_head_json":{"title":"Cam gears for many applications","description":"MIKSCH cam gears - the ideal drive solution for smooth and jerk-free stepping movements, pendulum and combined movements with high precision.","robots":{"index":"index","follow":"follow","max-snippet":"max-snippet:-1","max-image-preview":"max-image-preview:large","max-video-preview":"max-video-preview:-1"},"canonical":"https:\/\/www.miksch.de\/en\/product\/kurvengetriebe-fuer-viele-anwendungsfaelle-miksch-gmbh\/","og_locale":"en_US","og_type":"article","og_title":"Kurvengetriebe f\u00fcr viele Anwendungsf\u00e4lle","og_description":"Kurvengetriebe von MIKSCH - die ideale Antriebsl\u00f6sung f\u00fcr sto\u00df- und ruckfreie Schrittbewegungen, Pendel- & kombinierte Bewegungen mit hoher Pr\u00e4zision.","og_url":"https:\/\/www.miksch.de\/en\/product\/kurvengetriebe-fuer-viele-anwendungsfaelle-miksch-gmbh\/","og_site_name":"MIKSCH - accelerates","article_publisher":"https:\/\/www.facebook.com\/people\/Miksch-GmbH\/100066497170541\/","article_modified_time":"2026-03-30T09:05:00+00:00","og_image":[{"width":350,"height":350,"url":"https:\/\/www.miksch.de\/wp-content\/uploads\/2024\/11\/schrittgetriebe-kurvengetriebe-funktion-miksch-Vors_weis.webp","type":"image\/webp"}],"twitter_card":"summary_large_image","twitter_misc":{"Est. reading time":"3 minutes"},"schema":{"@context":"https:\/\/schema.org","@graph":[{"@type":"WebPage","@id":"https:\/\/www.miksch.de\/produkt\/kurvengetriebe-fuer-viele-anwendungsfaelle-miksch-gmbh\/","url":"https:\/\/www.miksch.de\/produkt\/kurvengetriebe-fuer-viele-anwendungsfaelle-miksch-gmbh\/","name":"Cam gears for many applications","isPartOf":{"@id":"https:\/\/www.miksch.de\/#website"},"primaryImageOfPage":{"@id":"https:\/\/www.miksch.de\/produkt\/kurvengetriebe-fuer-viele-anwendungsfaelle-miksch-gmbh\/#primaryimage"},"image":{"@id":"https:\/\/www.miksch.de\/produkt\/kurvengetriebe-fuer-viele-anwendungsfaelle-miksch-gmbh\/#primaryimage"},"thumbnailUrl":"https:\/\/www.miksch.de\/wp-content\/uploads\/2024\/11\/schrittgetriebe-kurvengetriebe-funktion-miksch-Vors_weis.webp","datePublished":"2024-11-12T13:29:20+00:00","dateModified":"2026-03-30T09:05:00+00:00","description":"MIKSCH cam gears - the ideal drive solution for smooth and jerk-free stepping movements, pendulum and combined movements with high precision.","breadcrumb":{"@id":"https:\/\/www.miksch.de\/produkt\/kurvengetriebe-fuer-viele-anwendungsfaelle-miksch-gmbh\/#breadcrumb"},"inLanguage":"en-US","potentialAction":[{"@type":"ReadAction","target":["https:\/\/www.miksch.de\/produkt\/kurvengetriebe-fuer-viele-anwendungsfaelle-miksch-gmbh\/"]}]},{"@type":"ImageObject","inLanguage":"en-US","@id":"https:\/\/www.miksch.de\/produkt\/kurvengetriebe-fuer-viele-anwendungsfaelle-miksch-gmbh\/#primaryimage","url":"https:\/\/www.miksch.de\/wp-content\/uploads\/2024\/11\/schrittgetriebe-kurvengetriebe-funktion-miksch-Vors_weis.webp","contentUrl":"https:\/\/www.miksch.de\/wp-content\/uploads\/2024\/11\/schrittgetriebe-kurvengetriebe-funktion-miksch-Vors_weis.webp","width":350,"height":350,"caption":"Schaubild: Funktion eines Kurven-Schrittgetriebes."},{"@type":"BreadcrumbList","@id":"https:\/\/www.miksch.de\/produkt\/kurvengetriebe-fuer-viele-anwendungsfaelle-miksch-gmbh\/#breadcrumb","itemListElement":[{"@type":"ListItem","position":1,"name":"Home","item":"https:\/\/www.miksch.de\/"},{"@type":"ListItem","position":2,"name":"Produkte","item":"https:\/\/www.miksch.de\/shop\/"},{"@type":"ListItem","position":3,"name":"Kurvengetriebe f\u00fcr viele Anwendungsf\u00e4lle"}]},{"@type":"WebSite","@id":"https:\/\/www.miksch.de\/#website","url":"https:\/\/www.miksch.de\/","name":"MIKSCH GmbH","description":"","publisher":{"@id":"https:\/\/www.miksch.de\/#organization"},"potentialAction":[{"@type":"SearchAction","target":{"@type":"EntryPoint","urlTemplate":"https:\/\/www.miksch.de\/?s={search_term_string}"},"query-input":{"@type":"PropertyValueSpecification","valueRequired":true,"valueName":"search_term_string"}}],"inLanguage":"en-US"},{"@type":"Organization","@id":"https:\/\/www.miksch.de\/#organization","name":"MIKSCH GmbH","url":"https:\/\/www.miksch.de\/","logo":{"@type":"ImageObject","inLanguage":"en-US","@id":"https:\/\/www.miksch.de\/#\/schema\/logo\/image\/","url":"https:\/\/www.miksch.de\/wp-content\/uploads\/2024\/11\/gcOnlineDirectory-5-2.png","contentUrl":"https:\/\/www.miksch.de\/wp-content\/uploads\/2024\/11\/gcOnlineDirectory-5-2.png","width":227,"height":48,"caption":"MIKSCH GmbH"},"image":{"@id":"https:\/\/www.miksch.de\/#\/schema\/logo\/image\/"},"sameAs":["https:\/\/www.facebook.com\/people\/Miksch-GmbH\/100066497170541\/","https:\/\/au.linkedin.com\/company\/miksch-gmbh"]}]}},"_links":{"self":[{"href":"https:\/\/www.miksch.de\/en\/wp-json\/wp\/v2\/product\/3374","targetHints":{"allow":["GET"]}}],"collection":[{"href":"https:\/\/www.miksch.de\/en\/wp-json\/wp\/v2\/product"}],"about":[{"href":"https:\/\/www.miksch.de\/en\/wp-json\/wp\/v2\/types\/product"}],"replies":[{"embeddable":true,"href":"https:\/\/www.miksch.de\/en\/wp-json\/wp\/v2\/comments?post=3374"}],"wp:featuredmedia":[{"embeddable":true,"href":"https:\/\/www.miksch.de\/en\/wp-json\/wp\/v2\/media\/4990"}],"wp:attachment":[{"href":"https:\/\/www.miksch.de\/en\/wp-json\/wp\/v2\/media?parent=3374"}],"wp:term":[{"taxonomy":"product_brand","embeddable":true,"href":"https:\/\/www.miksch.de\/en\/wp-json\/wp\/v2\/product_brand?post=3374"},{"taxonomy":"product_cat","embeddable":true,"href":"https:\/\/www.miksch.de\/en\/wp-json\/wp\/v2\/product_cat?post=3374"}],"curies":[{"name":"wp","href":"https:\/\/api.w.org\/{rel}","templated":true}]}}