{"id":5090,"date":"2025-11-26T11:41:30","date_gmt":"2025-11-26T10:41:30","guid":{"rendered":"https:\/\/www.miksch.de\/?page_id=5090"},"modified":"2026-03-16T08:57:58","modified_gmt":"2026-03-16T07:57:58","slug":"umfrage-abgeschlossen","status":"publish","type":"page","link":"https:\/\/www.miksch.de\/en\/umfrage-abgeschlossen\/","title":{"rendered":"Survey completed"},"content":{"rendered":"<h2 class=\"wp-block-heading\">MIKSCH survey successfully completed<\/h2>\n\n\n\n<p><\/p>\n\n\n\n<h3 class=\"wp-block-heading\">We say thank you!<\/h3>\n\n\n\n<p>Thanks to your support and good cooperation, we can continue to work on ourselves and our skills in 2026 and adapt them even better to your wishes and needs.<\/p>\n\n\n\n<p>Furthermore, your participation has made a valuable contribution. For every completed questionnaire, MIKSCH GmbH will donate [amount of donation]. <strong>5 \u20ac<\/strong> to <a href=\"https:\/\/www.gutetaten-nwz.de\/\" target=\"_blank\" rel=\"noreferrer noopener\">Good deeds<\/a><\/p>\n\n\n\n<figure class=\"wp-block-image size-full\"><a href=\"https:\/\/www.miksch.de\/wp-content\/uploads\/2025\/11\/Gute-Taten.jpg\"><img decoding=\"async\" width=\"568\" height=\"339\" src=\"https:\/\/www.miksch.de\/wp-content\/uploads\/2025\/11\/Gute-Taten.jpg\" alt=\"\" class=\"wp-image-5091\" srcset=\"https:\/\/www.miksch.de\/wp-content\/uploads\/2025\/11\/Gute-Taten.jpg 568w, https:\/\/www.miksch.de\/wp-content\/uploads\/2025\/11\/Gute-Taten-300x179.jpg 300w, https:\/\/www.miksch.de\/wp-content\/uploads\/2025\/11\/Gute-Taten-18x12.jpg 18w, https:\/\/www.miksch.de\/wp-content\/uploads\/2025\/11\/Gute-Taten-500x298.jpg 500w\" sizes=\"(max-width: 568px) 100vw, 568px\" \/><\/a><\/figure>\n\n\n\n<p><\/p>\n\n\n\n<p>We would like to sincerely thank you for your support and are therefore raffling off an attractive prize in addition to the donation. With a little luck, you have the chance to win a <strong>\u201e&quot;Culinary city tour&quot;.<\/strong><\/p>\n\n\n\n<figure class=\"wp-block-image size-full\"><a href=\"https:\/\/www.miksch.de\/wp-content\/uploads\/2025\/11\/Stadtbild-1.jpg\"><img decoding=\"async\" width=\"619\" height=\"372\" src=\"https:\/\/www.miksch.de\/wp-content\/uploads\/2025\/11\/Stadtbild-1.jpg\" alt=\"\" class=\"wp-image-5093\" srcset=\"https:\/\/www.miksch.de\/wp-content\/uploads\/2025\/11\/Stadtbild-1.jpg 619w, https:\/\/www.miksch.de\/wp-content\/uploads\/2025\/11\/Stadtbild-1-300x180.jpg 300w, https:\/\/www.miksch.de\/wp-content\/uploads\/2025\/11\/Stadtbild-1-18x12.jpg 18w, https:\/\/www.miksch.de\/wp-content\/uploads\/2025\/11\/Stadtbild-1-500x300.jpg 500w\" sizes=\"(max-width: 619px) 100vw, 619px\" \/><\/a><\/figure>\n\n\n\n<p><\/p>\n\n\n\n<p>Experience the diversity and uniqueness that each city has to offer. Discover hidden gems of certain neighborhoods, accompanied by culinary delights and guided tours. And not just in one city. <strong>City of your choice<\/strong>, but for <strong>a total of 4 people<\/strong>. <\/p>\n\n\n\n<figure class=\"wp-block-image size-full\"><a href=\"https:\/\/www.miksch.de\/wp-content\/uploads\/2025\/11\/Lecker_Essen.jpg\"><img decoding=\"async\" width=\"623\" height=\"334\" src=\"https:\/\/www.miksch.de\/wp-content\/uploads\/2025\/11\/Lecker_Essen.jpg\" alt=\"\" class=\"wp-image-5094\" srcset=\"https:\/\/www.miksch.de\/wp-content\/uploads\/2025\/11\/Lecker_Essen.jpg 623w, https:\/\/www.miksch.de\/wp-content\/uploads\/2025\/11\/Lecker_Essen-300x161.jpg 300w, https:\/\/www.miksch.de\/wp-content\/uploads\/2025\/11\/Lecker_Essen-18x10.jpg 18w, https:\/\/www.miksch.de\/wp-content\/uploads\/2025\/11\/Lecker_Essen-500x268.jpg 500w\" sizes=\"(max-width: 623px) 100vw, 623px\" \/><\/a><\/figure>\n\n\n\n<p><\/p>\n\n\n\n<p>We wish you the best of luck with it! <br><br>Best regards from G\u00f6ppingen<br>Your MIKSCH sales team<\/p>\n\n\n\n<h2 class=\"wp-block-heading\"><strong>MIKSCH Survey Review<\/strong><\/h2>\n\n\n\n<p><\/p>\n\n\n\n<h3 class=\"wp-block-heading\"><strong>Our donation<\/strong><\/h3>\n\n\n\n<p><\/p>\n\n\n\n<p>Your participation in our 2024 survey enabled us to [further details to be added] in 2025. <a href=\"https:\/\/www.friends-kinderhilfe.de\/\" target=\"_blank\" rel=\"noreferrer noopener\">FRIENDS Children&#039;s Aid International eV.<\/a> with a donation amounting to <strong>1000 \u20ac <\/strong>We would like to thank you for your support, and we do so very much on behalf of the organization.<\/p>\n\n\n\n<p><\/p>\n\n\n\n<figure class=\"wp-block-image size-full is-resized\"><a href=\"https:\/\/www.miksch.de\/wp-content\/uploads\/2025\/11\/Firends-Kinderhilfe-1.jpg\"><img decoding=\"async\" width=\"797\" height=\"452\" src=\"https:\/\/www.miksch.de\/wp-content\/uploads\/2025\/11\/Firends-Kinderhilfe-1.jpg\" alt=\"\" class=\"wp-image-5104\" style=\"width:606px;height:auto\" srcset=\"https:\/\/www.miksch.de\/wp-content\/uploads\/2025\/11\/Firends-Kinderhilfe-1.jpg 797w, https:\/\/www.miksch.de\/wp-content\/uploads\/2025\/11\/Firends-Kinderhilfe-1-300x170.jpg 300w, https:\/\/www.miksch.de\/wp-content\/uploads\/2025\/11\/Firends-Kinderhilfe-1-768x436.jpg 768w, https:\/\/www.miksch.de\/wp-content\/uploads\/2025\/11\/Firends-Kinderhilfe-1-18x10.jpg 18w, https:\/\/www.miksch.de\/wp-content\/uploads\/2025\/11\/Firends-Kinderhilfe-1-500x284.jpg 500w\" sizes=\"(max-width: 797px) 100vw, 797px\" \/><\/a><\/figure>\n\n\n\n<p><\/p>\n\n\n\n<h3 class=\"wp-block-heading\"><strong>The profit<\/strong><\/h3>\n\n\n\n<p><\/p>\n\n\n\n<p>The winner of our 2024 survey prize was quite surprised when we informed him that he had won our raffle. His trip took him to the beautiful Allg\u00e4u region \u2013 or more precisely, to the K\u00f6nigwinkel. Upon arrival, he received a warm welcome followed by a briefing on the aircraft&#039;s technology and safety procedures. Then, the approximately 60-minute scenic flight around the Zugspitze mountain began, passing the Fernpass and the Alpine lakes, culminating \u2013 quite literally \u2013 in a view of Neuschwanstein Castle.<\/p>\n\n\n\n<p><\/p>\n\n\n\n<figure class=\"wp-block-image size-full\"><a href=\"https:\/\/www.miksch.de\/wp-content\/uploads\/2025\/11\/Rundflug.jpg\"><img decoding=\"async\" width=\"614\" height=\"350\" src=\"https:\/\/www.miksch.de\/wp-content\/uploads\/2025\/11\/Rundflug.jpg\" alt=\"\" class=\"wp-image-5103\" srcset=\"https:\/\/www.miksch.de\/wp-content\/uploads\/2025\/11\/Rundflug.jpg 614w, https:\/\/www.miksch.de\/wp-content\/uploads\/2025\/11\/Rundflug-300x171.jpg 300w, https:\/\/www.miksch.de\/wp-content\/uploads\/2025\/11\/Rundflug-18x10.jpg 18w, https:\/\/www.miksch.de\/wp-content\/uploads\/2025\/11\/Rundflug-500x285.jpg 500w\" sizes=\"(max-width: 614px) 100vw, 614px\" \/><\/a><\/figure>\n\n\n\n<p><\/p>\n\n\n\n<p>We are delighted that with this prize we were able to provide the winner with a fantastic and, to date, unique experience that will hopefully be remembered for a long time.<\/p>\n\n\n\n<p><\/p>","protected":false},"excerpt":{"rendered":"<p>MIKSCH Umfrage erfolgreich abgeschlossen Wir sagen Dankesch\u00f6n! Durch Ihre Unterst\u00fctzung und die gute Zusammenarbeit k\u00f6nnen wir in 2026 weiter an uns und unseren Kompetenzen arbeiten und diese noch besser auf Ihre W\u00fcnsche und Bed\u00fcrfnisse anpassen. Au\u00dferdem haben Sie durch Ihre Teilnahme einen wertvollen Beitrag geleistet. Denn f\u00fcr jeden ausgef\u00fcllten Fragebogen<\/p>","protected":false},"author":5,"featured_media":0,"parent":0,"menu_order":0,"comment_status":"closed","ping_status":"closed","template":"","meta":{"_acf_changed":false,"footnotes":""},"class_list":["post-5090","page","type-page","status-publish","hentry"],"acf":[],"yoast_head":"<!-- This site is optimized with the Yoast SEO plugin v27.4 - https:\/\/yoast.com\/product\/yoast-seo-wordpress\/ -->\n<title>Umfrage abgeschlossen - MIKSCH - accelerates<\/title>\n<meta name=\"description\" content=\"MIKSCH Umfrage 2025 abgeschlossen. Ein wertvoller Beitrag und die Chance auf einen Gewinn.\" \/>\n<meta name=\"robots\" content=\"index, follow, max-snippet:-1, max-image-preview:large, max-video-preview:-1\" \/>\n<link rel=\"canonical\" href=\"https:\/\/www.miksch.de\/en\/umfrage-abgeschlossen\/\" \/>\n<meta property=\"og:locale\" content=\"en_US\" \/>\n<meta property=\"og:type\" content=\"article\" \/>\n<meta property=\"og:title\" content=\"Umfrage abgeschlossen - MIKSCH - accelerates\" \/>\n<meta property=\"og:description\" content=\"MIKSCH Umfrage 2025 abgeschlossen. Ein wertvoller Beitrag und die Chance auf einen Gewinn.\" \/>\n<meta property=\"og:url\" content=\"https:\/\/www.miksch.de\/en\/umfrage-abgeschlossen\/\" \/>\n<meta property=\"og:site_name\" content=\"MIKSCH - accelerates\" \/>\n<meta property=\"article:publisher\" content=\"https:\/\/www.facebook.com\/people\/Miksch-GmbH\/100066497170541\/\" \/>\n<meta property=\"article:modified_time\" content=\"2026-03-16T07:57:58+00:00\" \/>\n<meta property=\"og:image\" content=\"https:\/\/www.miksch.de\/wp-content\/uploads\/2025\/11\/Gute-Taten.jpg\" \/>\n\t<meta property=\"og:image:width\" content=\"568\" \/>\n\t<meta property=\"og:image:height\" content=\"339\" \/>\n\t<meta property=\"og:image:type\" content=\"image\/jpeg\" \/>\n<meta name=\"twitter:card\" content=\"summary_large_image\" \/>\n<meta name=\"twitter:label1\" content=\"Est. reading time\" \/>\n\t<meta name=\"twitter:data1\" content=\"3 minutes\" \/>\n<script type=\"application\/ld+json\" class=\"yoast-schema-graph\">{\"@context\":\"https:\\\/\\\/schema.org\",\"@graph\":[{\"@type\":\"WebPage\",\"@id\":\"https:\\\/\\\/www.miksch.de\\\/umfrage-abgeschlossen\\\/\",\"url\":\"https:\\\/\\\/www.miksch.de\\\/umfrage-abgeschlossen\\\/\",\"name\":\"Umfrage abgeschlossen - MIKSCH - accelerates\",\"isPartOf\":{\"@id\":\"https:\\\/\\\/www.miksch.de\\\/#website\"},\"primaryImageOfPage\":{\"@id\":\"https:\\\/\\\/www.miksch.de\\\/umfrage-abgeschlossen\\\/#primaryimage\"},\"image\":{\"@id\":\"https:\\\/\\\/www.miksch.de\\\/umfrage-abgeschlossen\\\/#primaryimage\"},\"thumbnailUrl\":\"https:\\\/\\\/www.miksch.de\\\/wp-content\\\/uploads\\\/2025\\\/11\\\/Gute-Taten.jpg\",\"datePublished\":\"2025-11-26T10:41:30+00:00\",\"dateModified\":\"2026-03-16T07:57:58+00:00\",\"description\":\"MIKSCH Umfrage 2025 abgeschlossen. Ein wertvoller Beitrag und die Chance auf einen Gewinn.\",\"breadcrumb\":{\"@id\":\"https:\\\/\\\/www.miksch.de\\\/umfrage-abgeschlossen\\\/#breadcrumb\"},\"inLanguage\":\"en-US\",\"potentialAction\":[{\"@type\":\"ReadAction\",\"target\":[\"https:\\\/\\\/www.miksch.de\\\/umfrage-abgeschlossen\\\/\"]}]},{\"@type\":\"ImageObject\",\"inLanguage\":\"en-US\",\"@id\":\"https:\\\/\\\/www.miksch.de\\\/umfrage-abgeschlossen\\\/#primaryimage\",\"url\":\"https:\\\/\\\/www.miksch.de\\\/wp-content\\\/uploads\\\/2025\\\/11\\\/Gute-Taten.jpg\",\"contentUrl\":\"https:\\\/\\\/www.miksch.de\\\/wp-content\\\/uploads\\\/2025\\\/11\\\/Gute-Taten.jpg\"},{\"@type\":\"BreadcrumbList\",\"@id\":\"https:\\\/\\\/www.miksch.de\\\/umfrage-abgeschlossen\\\/#breadcrumb\",\"itemListElement\":[{\"@type\":\"ListItem\",\"position\":1,\"name\":\"Home\",\"item\":\"https:\\\/\\\/www.miksch.de\\\/\"},{\"@type\":\"ListItem\",\"position\":2,\"name\":\"Umfrage abgeschlossen\"}]},{\"@type\":\"WebSite\",\"@id\":\"https:\\\/\\\/www.miksch.de\\\/#website\",\"url\":\"https:\\\/\\\/www.miksch.de\\\/\",\"name\":\"MIKSCH GmbH\",\"description\":\"\",\"publisher\":{\"@id\":\"https:\\\/\\\/www.miksch.de\\\/#organization\"},\"potentialAction\":[{\"@type\":\"SearchAction\",\"target\":{\"@type\":\"EntryPoint\",\"urlTemplate\":\"https:\\\/\\\/www.miksch.de\\\/?s={search_term_string}\"},\"query-input\":{\"@type\":\"PropertyValueSpecification\",\"valueRequired\":true,\"valueName\":\"search_term_string\"}}],\"inLanguage\":\"en-US\"},{\"@type\":\"Organization\",\"@id\":\"https:\\\/\\\/www.miksch.de\\\/#organization\",\"name\":\"MIKSCH GmbH\",\"url\":\"https:\\\/\\\/www.miksch.de\\\/\",\"logo\":{\"@type\":\"ImageObject\",\"inLanguage\":\"en-US\",\"@id\":\"https:\\\/\\\/www.miksch.de\\\/#\\\/schema\\\/logo\\\/image\\\/\",\"url\":\"https:\\\/\\\/www.miksch.de\\\/wp-content\\\/uploads\\\/2024\\\/11\\\/gcOnlineDirectory-5-2.png\",\"contentUrl\":\"https:\\\/\\\/www.miksch.de\\\/wp-content\\\/uploads\\\/2024\\\/11\\\/gcOnlineDirectory-5-2.png\",\"width\":227,\"height\":48,\"caption\":\"MIKSCH GmbH\"},\"image\":{\"@id\":\"https:\\\/\\\/www.miksch.de\\\/#\\\/schema\\\/logo\\\/image\\\/\"},\"sameAs\":[\"https:\\\/\\\/www.facebook.com\\\/people\\\/Miksch-GmbH\\\/100066497170541\\\/\",\"https:\\\/\\\/au.linkedin.com\\\/company\\\/miksch-gmbh\"]}]}<\/script>\n<!-- \/ Yoast SEO plugin. -->","yoast_head_json":{"title":"Survey completed - MIKSCH - accelerates","description":"MIKSCH survey 2025 completed. A valuable contribution and a chance to win.","robots":{"index":"index","follow":"follow","max-snippet":"max-snippet:-1","max-image-preview":"max-image-preview:large","max-video-preview":"max-video-preview:-1"},"canonical":"https:\/\/www.miksch.de\/en\/umfrage-abgeschlossen\/","og_locale":"en_US","og_type":"article","og_title":"Umfrage abgeschlossen - MIKSCH - accelerates","og_description":"MIKSCH Umfrage 2025 abgeschlossen. Ein wertvoller Beitrag und die Chance auf einen Gewinn.","og_url":"https:\/\/www.miksch.de\/en\/umfrage-abgeschlossen\/","og_site_name":"MIKSCH - accelerates","article_publisher":"https:\/\/www.facebook.com\/people\/Miksch-GmbH\/100066497170541\/","article_modified_time":"2026-03-16T07:57:58+00:00","og_image":[{"width":568,"height":339,"url":"https:\/\/www.miksch.de\/wp-content\/uploads\/2025\/11\/Gute-Taten.jpg","type":"image\/jpeg"}],"twitter_card":"summary_large_image","twitter_misc":{"Est. reading time":"3 minutes"},"schema":{"@context":"https:\/\/schema.org","@graph":[{"@type":"WebPage","@id":"https:\/\/www.miksch.de\/umfrage-abgeschlossen\/","url":"https:\/\/www.miksch.de\/umfrage-abgeschlossen\/","name":"Survey completed - MIKSCH - accelerates","isPartOf":{"@id":"https:\/\/www.miksch.de\/#website"},"primaryImageOfPage":{"@id":"https:\/\/www.miksch.de\/umfrage-abgeschlossen\/#primaryimage"},"image":{"@id":"https:\/\/www.miksch.de\/umfrage-abgeschlossen\/#primaryimage"},"thumbnailUrl":"https:\/\/www.miksch.de\/wp-content\/uploads\/2025\/11\/Gute-Taten.jpg","datePublished":"2025-11-26T10:41:30+00:00","dateModified":"2026-03-16T07:57:58+00:00","description":"MIKSCH survey 2025 completed. A valuable contribution and a chance to win.","breadcrumb":{"@id":"https:\/\/www.miksch.de\/umfrage-abgeschlossen\/#breadcrumb"},"inLanguage":"en-US","potentialAction":[{"@type":"ReadAction","target":["https:\/\/www.miksch.de\/umfrage-abgeschlossen\/"]}]},{"@type":"ImageObject","inLanguage":"en-US","@id":"https:\/\/www.miksch.de\/umfrage-abgeschlossen\/#primaryimage","url":"https:\/\/www.miksch.de\/wp-content\/uploads\/2025\/11\/Gute-Taten.jpg","contentUrl":"https:\/\/www.miksch.de\/wp-content\/uploads\/2025\/11\/Gute-Taten.jpg"},{"@type":"BreadcrumbList","@id":"https:\/\/www.miksch.de\/umfrage-abgeschlossen\/#breadcrumb","itemListElement":[{"@type":"ListItem","position":1,"name":"Home","item":"https:\/\/www.miksch.de\/"},{"@type":"ListItem","position":2,"name":"Umfrage abgeschlossen"}]},{"@type":"WebSite","@id":"https:\/\/www.miksch.de\/#website","url":"https:\/\/www.miksch.de\/","name":"MIKSCH GmbH","description":"","publisher":{"@id":"https:\/\/www.miksch.de\/#organization"},"potentialAction":[{"@type":"SearchAction","target":{"@type":"EntryPoint","urlTemplate":"https:\/\/www.miksch.de\/?s={search_term_string}"},"query-input":{"@type":"PropertyValueSpecification","valueRequired":true,"valueName":"search_term_string"}}],"inLanguage":"en-US"},{"@type":"Organization","@id":"https:\/\/www.miksch.de\/#organization","name":"MIKSCH GmbH","url":"https:\/\/www.miksch.de\/","logo":{"@type":"ImageObject","inLanguage":"en-US","@id":"https:\/\/www.miksch.de\/#\/schema\/logo\/image\/","url":"https:\/\/www.miksch.de\/wp-content\/uploads\/2024\/11\/gcOnlineDirectory-5-2.png","contentUrl":"https:\/\/www.miksch.de\/wp-content\/uploads\/2024\/11\/gcOnlineDirectory-5-2.png","width":227,"height":48,"caption":"MIKSCH GmbH"},"image":{"@id":"https:\/\/www.miksch.de\/#\/schema\/logo\/image\/"},"sameAs":["https:\/\/www.facebook.com\/people\/Miksch-GmbH\/100066497170541\/","https:\/\/au.linkedin.com\/company\/miksch-gmbh"]}]}},"_links":{"self":[{"href":"https:\/\/www.miksch.de\/en\/wp-json\/wp\/v2\/pages\/5090","targetHints":{"allow":["GET"]}}],"collection":[{"href":"https:\/\/www.miksch.de\/en\/wp-json\/wp\/v2\/pages"}],"about":[{"href":"https:\/\/www.miksch.de\/en\/wp-json\/wp\/v2\/types\/page"}],"author":[{"embeddable":true,"href":"https:\/\/www.miksch.de\/en\/wp-json\/wp\/v2\/users\/5"}],"replies":[{"embeddable":true,"href":"https:\/\/www.miksch.de\/en\/wp-json\/wp\/v2\/comments?post=5090"}],"version-history":[{"count":8,"href":"https:\/\/www.miksch.de\/en\/wp-json\/wp\/v2\/pages\/5090\/revisions"}],"predecessor-version":[{"id":5461,"href":"https:\/\/www.miksch.de\/en\/wp-json\/wp\/v2\/pages\/5090\/revisions\/5461"}],"wp:attachment":[{"href":"https:\/\/www.miksch.de\/en\/wp-json\/wp\/v2\/media?parent=5090"}],"curies":[{"name":"wp","href":"https:\/\/api.w.org\/{rel}","templated":true}]}}