{"id":4210,"date":"2025-01-08T14:50:12","date_gmt":"2025-01-08T13:50:12","guid":{"rendered":"https:\/\/www.miksch.de\/?post_type=product&#038;p=4210"},"modified":"2026-03-04T22:50:08","modified_gmt":"2026-03-04T21:50:08","slug":"miksch-sonderloesungen-fuer-individuelle-anforderungen","status":"publish","type":"product","link":"https:\/\/www.miksch.de\/de\/produkt\/miksch-sonderloesungen-fuer-individuelle-anforderungen\/","title":{"rendered":"Sonderl\u00f6sungen f\u00fcr spezifische Anforderungen"},"content":{"rendered":"<h2 class=\"title\" style=\"font-size: 24px; padding: 30px 0px 10px;\">IHRE VORTEILE AUF EINEN BLICK<\/h2>\n<div class=\"responsive-columns\">\n<div>\n<h3 style=\"margin-bottom: 15px;\"><strong>Steigerung der Produktivit\u00e4t<\/strong><\/h3>\n<ul>\n<li><img decoding=\"async\" class=\"alignnone size-full wp-image-3279\" src=\"https:\/\/www.miksch.de\/wp-content\/uploads\/2020\/06\/Frame-116.png\" alt=\"\" width=\"16\" height=\"12\" \/> individuelle L\u00f6sung<\/li>\n<li><img decoding=\"async\" class=\"alignnone size-full wp-image-3279\" src=\"https:\/\/www.miksch.de\/wp-content\/uploads\/2020\/06\/Frame-116.png\" alt=\"\" width=\"16\" height=\"12\" \/> optimale Abstimmung<\/li>\n<li><img decoding=\"async\" class=\"alignnone wp-image-3279\" src=\"https:\/\/www.miksch.de\/wp-content\/uploads\/2020\/06\/Frame-116.png\" alt=\"\" width=\"16\" height=\"12\" \/> einfache und schnelle Integration<\/li>\n<\/ul>\n<\/div>\n<div>\n<h3 style=\"margin-bottom: 15px;\"><strong>Flexibel in der Anwendung<\/strong><\/h3>\n<ul>\n<li><img decoding=\"async\" class=\"alignnone size-full wp-image-3279\" src=\"https:\/\/www.miksch.de\/wp-content\/uploads\/2020\/06\/Frame-116.png\" alt=\"\" width=\"16\" height=\"12\" \/> beliebige Einbaulage<\/li>\n<li><img decoding=\"async\" class=\"alignnone size-full wp-image-3279\" src=\"https:\/\/www.miksch.de\/wp-content\/uploads\/2020\/06\/Frame-116.png\" alt=\"\" width=\"16\" height=\"12\" \/> alle g\u00e4ngigen Werkzeugaufnahmen<\/li>\n<li><img decoding=\"async\" class=\"alignnone size-full wp-image-3279\" src=\"https:\/\/www.miksch.de\/wp-content\/uploads\/2020\/06\/Frame-116.png\" alt=\"\" width=\"16\" height=\"12\" \/> Einbau neben und gegen\u00fcber der Spindel m\u00f6glich<\/li>\n<\/ul>\n<\/div>\n<div>\n<h3 style=\"margin-bottom: 15px;\"><strong>Reduzierung der Kosten<\/strong><\/h3>\n<ul>\n<li><img decoding=\"async\" class=\"alignnone size-full wp-image-3279\" src=\"https:\/\/www.miksch.de\/wp-content\/uploads\/2020\/06\/Frame-116.png\" alt=\"\" width=\"16\" height=\"12\" \/> lange Verf\u00fcgbarkeit von Ersatzteilen<\/li>\n<li><img decoding=\"async\" class=\"alignnone size-full wp-image-3279\" src=\"https:\/\/www.miksch.de\/wp-content\/uploads\/2020\/06\/Frame-116.png\" alt=\"\" width=\"16\" height=\"12\" \/> robust und zuverl\u00e4ssig<\/li>\n<li><img decoding=\"async\" class=\"alignnone size-full wp-image-3279\" src=\"https:\/\/www.miksch.de\/wp-content\/uploads\/2020\/06\/Frame-116.png\" alt=\"\" width=\"16\" height=\"12\" \/> keine zus\u00e4tzliche Steuerung erforderlich<\/li>\n<li><img decoding=\"async\" class=\"alignnone size-full wp-image-3279\" src=\"https:\/\/www.miksch.de\/wp-content\/uploads\/2020\/06\/Frame-116.png\" alt=\"\" width=\"16\" height=\"12\" \/> frei von Hydraulik<\/li>\n<\/ul>\n<\/div>\n<\/div>\n<\/div>\n<h2 class=\"title\" style=\"font-size: 24px;\">VIDEOS<\/h2>\n<div class=\"product-video-thumb\"><iframe title=\"V\u00eddeo do produto\" <iframe width=\"560\" height=\"315\" src=\"https:\/\/www.youtube.com\/embed\/oH4dlmyiiWg?si=g2agDJCNizoa7Pwr\" title=\"YouTube video player\" frameborder=\"0\" allow=\"accelerometer; autoplay; clipboard-write; encrypted-media; gyroscope; picture-in-picture; web-share\" referrerpolicy=\"strict-origin-when-cross-origin\" allowfullscreen><\/iframe> <\/iframe><\/div>\n","protected":false},"excerpt":{"rendered":"<pre style=\"text-align: right;\"><strong><em>Individuell - Spezifisch - Innovativ<\/em><\/strong><\/pre>\n<p>Gerne realisieren wir auch individuelle <strong>Sonderl\u00f6sungen<\/strong> nach <strong>kundenspezifischen Anforderungen<\/strong>.<\/p>\n<p>Mit <strong>MIKSCH<\/strong> an Ihrer Seite haben Sie einen zuverl\u00e4ssigen Partner, bei dem alles aus einer Hand kommt.<\/p>\n<p>Unsere Philosophie basiert auf den drei S\u00e4ulen Kreativit\u00e4t, Funktionalit\u00e4t und Benutzererfahrung. Und wir sind davon \u00fcberzeugt, dass jedes Projekt eine Chance verdient, etwas Au\u00dfergew\u00f6hnliches zu werden.<br \/>\nDabei streben wir nach innovativen und benutzerfreundlichen L\u00f6sungen und stellen die Bed\u00fcrfnisse des Nutzers in den Mittelpunkt.<\/p>\n<p>Kontaktieren Sie uns und lassen Sie uns \u00fcber Ihre Anforderung sprechen. Unser Team aus Experten und Spezialisten freut sich auf Ihre Anfrage.<\/p>\n<div id=\"linkContainer\">\n<ul>\n<li><a href=\"#\" target=\"_blank\" rel=\"noopener\">Fragebogen Werkzeugwechsler<\/a><\/li>\n<li><a href=\"#\" target=\"_blank\" rel=\"noopener\">Fragebogen Werkzeugmagazin<\/a><\/li>\n<li><a href=\"#\" target=\"_blank\" rel=\"noopener\">Fragebogen Werkzeugwechselsysteme<\/a><\/li>\n<li><a href=\"#\" target=\"_blank\" rel=\"noopener\">Fragebogen Kurvengetriebe<\/a><\/li>\n<\/ul>\n<\/div>\n","protected":false},"featured_media":4340,"comment_status":"closed","ping_status":"closed","template":"","meta":{"_acf_changed":false},"product_brand":[],"product_cat":[86],"class_list":{"0":"post-4210","1":"product","2":"type-product","3":"status-publish","4":"has-post-thumbnail","6":"product_cat-sonderloesungen","8":"first","9":"instock","10":"shipping-taxable","11":"product-type-external"},"acf":[],"yoast_head":"<!-- This site is optimized with the Yoast SEO plugin v27.3 - https:\/\/yoast.com\/product\/yoast-seo-wordpress\/ -->\n<title>Sonderl\u00f6sungen f\u00fcr spezifische Anforderungen<\/title>\n<meta name=\"description\" content=\"MIKSCH entwickelt ma\u00dfgeschneiderte Produkte, die \u00fcber das Standardportfolio hinausgehen und Ihre individuellen Anforderungen erf\u00fcllen. Jetzt anfragen!\" \/>\n<meta name=\"robots\" content=\"index, follow, max-snippet:-1, max-image-preview:large, max-video-preview:-1\" \/>\n<link rel=\"canonical\" href=\"https:\/\/www.miksch.de\/de\/produkt\/miksch-sonderloesungen-fuer-individuelle-anforderungen\/\" \/>\n<meta property=\"og:locale\" content=\"de_DE\" \/>\n<meta property=\"og:type\" content=\"article\" \/>\n<meta property=\"og:title\" content=\"Sonderl\u00f6sungen f\u00fcr spezifische Anforderungen\" \/>\n<meta property=\"og:description\" content=\"MIKSCH entwickelt ma\u00dfgeschneiderte Produkte, die \u00fcber das Standardportfolio hinausgehen und Ihre individuellen Anforderungen erf\u00fcllen. Jetzt anfragen!\" \/>\n<meta property=\"og:url\" content=\"https:\/\/www.miksch.de\/de\/produkt\/miksch-sonderloesungen-fuer-individuelle-anforderungen\/\" \/>\n<meta property=\"og:site_name\" content=\"MIKSCH - accelerates\" \/>\n<meta property=\"article:publisher\" content=\"https:\/\/www.facebook.com\/people\/Miksch-GmbH\/100066497170541\/\" \/>\n<meta property=\"article:modified_time\" content=\"2026-03-04T21:50:08+00:00\" \/>\n<meta property=\"og:image\" content=\"https:\/\/www.miksch.de\/wp-content\/uploads\/2025\/01\/werkzeugwechsler-sonderloesung-tuerantrieb-miksch-Vors.webp\" \/>\n\t<meta property=\"og:image:width\" content=\"350\" \/>\n\t<meta property=\"og:image:height\" content=\"350\" \/>\n\t<meta property=\"og:image:type\" content=\"image\/webp\" \/>\n<meta name=\"twitter:card\" content=\"summary_large_image\" \/>\n<meta name=\"twitter:label1\" content=\"Gesch\u00e4tzte Lesezeit\" \/>\n\t<meta name=\"twitter:data1\" content=\"3\u00a0Minuten\" \/>\n<script type=\"application\/ld+json\" class=\"yoast-schema-graph\">{\"@context\":\"https:\\\/\\\/schema.org\",\"@graph\":[{\"@type\":\"WebPage\",\"@id\":\"https:\\\/\\\/www.miksch.de\\\/produkt\\\/miksch-sonderloesungen-fuer-individuelle-anforderungen\\\/\",\"url\":\"https:\\\/\\\/www.miksch.de\\\/produkt\\\/miksch-sonderloesungen-fuer-individuelle-anforderungen\\\/\",\"name\":\"Sonderl\u00f6sungen f\u00fcr spezifische Anforderungen\",\"isPartOf\":{\"@id\":\"https:\\\/\\\/www.miksch.de\\\/#website\"},\"primaryImageOfPage\":{\"@id\":\"https:\\\/\\\/www.miksch.de\\\/produkt\\\/miksch-sonderloesungen-fuer-individuelle-anforderungen\\\/#primaryimage\"},\"image\":{\"@id\":\"https:\\\/\\\/www.miksch.de\\\/produkt\\\/miksch-sonderloesungen-fuer-individuelle-anforderungen\\\/#primaryimage\"},\"thumbnailUrl\":\"https:\\\/\\\/www.miksch.de\\\/wp-content\\\/uploads\\\/2025\\\/01\\\/werkzeugwechsler-sonderloesung-tuerantrieb-miksch-Vors.webp\",\"datePublished\":\"2025-01-08T13:50:12+00:00\",\"dateModified\":\"2026-03-04T21:50:08+00:00\",\"description\":\"MIKSCH entwickelt ma\u00dfgeschneiderte Produkte, die \u00fcber das Standardportfolio hinausgehen und Ihre individuellen Anforderungen erf\u00fcllen. Jetzt anfragen!\",\"breadcrumb\":{\"@id\":\"https:\\\/\\\/www.miksch.de\\\/produkt\\\/miksch-sonderloesungen-fuer-individuelle-anforderungen\\\/#breadcrumb\"},\"inLanguage\":\"de\",\"potentialAction\":[{\"@type\":\"ReadAction\",\"target\":[\"https:\\\/\\\/www.miksch.de\\\/produkt\\\/miksch-sonderloesungen-fuer-individuelle-anforderungen\\\/\"]}]},{\"@type\":\"ImageObject\",\"inLanguage\":\"de\",\"@id\":\"https:\\\/\\\/www.miksch.de\\\/produkt\\\/miksch-sonderloesungen-fuer-individuelle-anforderungen\\\/#primaryimage\",\"url\":\"https:\\\/\\\/www.miksch.de\\\/wp-content\\\/uploads\\\/2025\\\/01\\\/werkzeugwechsler-sonderloesung-tuerantrieb-miksch-Vors.webp\",\"contentUrl\":\"https:\\\/\\\/www.miksch.de\\\/wp-content\\\/uploads\\\/2025\\\/01\\\/werkzeugwechsler-sonderloesung-tuerantrieb-miksch-Vors.webp\",\"width\":350,\"height\":350,\"caption\":\"Innovative Sonderl\u00f6sung: T\u00fcrantrieb auf Basis eines Werkzeugwechslers.\"},{\"@type\":\"BreadcrumbList\",\"@id\":\"https:\\\/\\\/www.miksch.de\\\/produkt\\\/miksch-sonderloesungen-fuer-individuelle-anforderungen\\\/#breadcrumb\",\"itemListElement\":[{\"@type\":\"ListItem\",\"position\":1,\"name\":\"Home\",\"item\":\"https:\\\/\\\/www.miksch.de\\\/\"},{\"@type\":\"ListItem\",\"position\":2,\"name\":\"Produkte\",\"item\":\"https:\\\/\\\/www.miksch.de\\\/shop\\\/\"},{\"@type\":\"ListItem\",\"position\":3,\"name\":\"Sonderl\u00f6sungen f\u00fcr spezifische Anforderungen\"}]},{\"@type\":\"WebSite\",\"@id\":\"https:\\\/\\\/www.miksch.de\\\/#website\",\"url\":\"https:\\\/\\\/www.miksch.de\\\/\",\"name\":\"MIKSCH GmbH\",\"description\":\"\",\"publisher\":{\"@id\":\"https:\\\/\\\/www.miksch.de\\\/#organization\"},\"potentialAction\":[{\"@type\":\"SearchAction\",\"target\":{\"@type\":\"EntryPoint\",\"urlTemplate\":\"https:\\\/\\\/www.miksch.de\\\/?s={search_term_string}\"},\"query-input\":{\"@type\":\"PropertyValueSpecification\",\"valueRequired\":true,\"valueName\":\"search_term_string\"}}],\"inLanguage\":\"de\"},{\"@type\":\"Organization\",\"@id\":\"https:\\\/\\\/www.miksch.de\\\/#organization\",\"name\":\"MIKSCH GmbH\",\"url\":\"https:\\\/\\\/www.miksch.de\\\/\",\"logo\":{\"@type\":\"ImageObject\",\"inLanguage\":\"de\",\"@id\":\"https:\\\/\\\/www.miksch.de\\\/#\\\/schema\\\/logo\\\/image\\\/\",\"url\":\"https:\\\/\\\/www.miksch.de\\\/wp-content\\\/uploads\\\/2024\\\/11\\\/gcOnlineDirectory-5-2.png\",\"contentUrl\":\"https:\\\/\\\/www.miksch.de\\\/wp-content\\\/uploads\\\/2024\\\/11\\\/gcOnlineDirectory-5-2.png\",\"width\":227,\"height\":48,\"caption\":\"MIKSCH GmbH\"},\"image\":{\"@id\":\"https:\\\/\\\/www.miksch.de\\\/#\\\/schema\\\/logo\\\/image\\\/\"},\"sameAs\":[\"https:\\\/\\\/www.facebook.com\\\/people\\\/Miksch-GmbH\\\/100066497170541\\\/\",\"https:\\\/\\\/au.linkedin.com\\\/company\\\/miksch-gmbh\"]}]}<\/script>\n<!-- \/ Yoast SEO plugin. -->","yoast_head_json":{"title":"Sonderl\u00f6sungen f\u00fcr spezifische Anforderungen","description":"MIKSCH entwickelt ma\u00dfgeschneiderte Produkte, die \u00fcber das Standardportfolio hinausgehen und Ihre individuellen Anforderungen erf\u00fcllen. Jetzt anfragen!","robots":{"index":"index","follow":"follow","max-snippet":"max-snippet:-1","max-image-preview":"max-image-preview:large","max-video-preview":"max-video-preview:-1"},"canonical":"https:\/\/www.miksch.de\/de\/produkt\/miksch-sonderloesungen-fuer-individuelle-anforderungen\/","og_locale":"de_DE","og_type":"article","og_title":"Sonderl\u00f6sungen f\u00fcr spezifische Anforderungen","og_description":"MIKSCH entwickelt ma\u00dfgeschneiderte Produkte, die \u00fcber das Standardportfolio hinausgehen und Ihre individuellen Anforderungen erf\u00fcllen. Jetzt anfragen!","og_url":"https:\/\/www.miksch.de\/de\/produkt\/miksch-sonderloesungen-fuer-individuelle-anforderungen\/","og_site_name":"MIKSCH - accelerates","article_publisher":"https:\/\/www.facebook.com\/people\/Miksch-GmbH\/100066497170541\/","article_modified_time":"2026-03-04T21:50:08+00:00","og_image":[{"width":350,"height":350,"url":"https:\/\/www.miksch.de\/wp-content\/uploads\/2025\/01\/werkzeugwechsler-sonderloesung-tuerantrieb-miksch-Vors.webp","type":"image\/webp"}],"twitter_card":"summary_large_image","twitter_misc":{"Gesch\u00e4tzte Lesezeit":"3\u00a0Minuten"},"schema":{"@context":"https:\/\/schema.org","@graph":[{"@type":"WebPage","@id":"https:\/\/www.miksch.de\/produkt\/miksch-sonderloesungen-fuer-individuelle-anforderungen\/","url":"https:\/\/www.miksch.de\/produkt\/miksch-sonderloesungen-fuer-individuelle-anforderungen\/","name":"Sonderl\u00f6sungen f\u00fcr spezifische Anforderungen","isPartOf":{"@id":"https:\/\/www.miksch.de\/#website"},"primaryImageOfPage":{"@id":"https:\/\/www.miksch.de\/produkt\/miksch-sonderloesungen-fuer-individuelle-anforderungen\/#primaryimage"},"image":{"@id":"https:\/\/www.miksch.de\/produkt\/miksch-sonderloesungen-fuer-individuelle-anforderungen\/#primaryimage"},"thumbnailUrl":"https:\/\/www.miksch.de\/wp-content\/uploads\/2025\/01\/werkzeugwechsler-sonderloesung-tuerantrieb-miksch-Vors.webp","datePublished":"2025-01-08T13:50:12+00:00","dateModified":"2026-03-04T21:50:08+00:00","description":"MIKSCH entwickelt ma\u00dfgeschneiderte Produkte, die \u00fcber das Standardportfolio hinausgehen und Ihre individuellen Anforderungen erf\u00fcllen. Jetzt anfragen!","breadcrumb":{"@id":"https:\/\/www.miksch.de\/produkt\/miksch-sonderloesungen-fuer-individuelle-anforderungen\/#breadcrumb"},"inLanguage":"de","potentialAction":[{"@type":"ReadAction","target":["https:\/\/www.miksch.de\/produkt\/miksch-sonderloesungen-fuer-individuelle-anforderungen\/"]}]},{"@type":"ImageObject","inLanguage":"de","@id":"https:\/\/www.miksch.de\/produkt\/miksch-sonderloesungen-fuer-individuelle-anforderungen\/#primaryimage","url":"https:\/\/www.miksch.de\/wp-content\/uploads\/2025\/01\/werkzeugwechsler-sonderloesung-tuerantrieb-miksch-Vors.webp","contentUrl":"https:\/\/www.miksch.de\/wp-content\/uploads\/2025\/01\/werkzeugwechsler-sonderloesung-tuerantrieb-miksch-Vors.webp","width":350,"height":350,"caption":"Innovative Sonderl\u00f6sung: T\u00fcrantrieb auf Basis eines Werkzeugwechslers."},{"@type":"BreadcrumbList","@id":"https:\/\/www.miksch.de\/produkt\/miksch-sonderloesungen-fuer-individuelle-anforderungen\/#breadcrumb","itemListElement":[{"@type":"ListItem","position":1,"name":"Home","item":"https:\/\/www.miksch.de\/"},{"@type":"ListItem","position":2,"name":"Produkte","item":"https:\/\/www.miksch.de\/shop\/"},{"@type":"ListItem","position":3,"name":"Sonderl\u00f6sungen f\u00fcr spezifische Anforderungen"}]},{"@type":"WebSite","@id":"https:\/\/www.miksch.de\/#website","url":"https:\/\/www.miksch.de\/","name":"MIKSCH GmbH","description":"","publisher":{"@id":"https:\/\/www.miksch.de\/#organization"},"potentialAction":[{"@type":"SearchAction","target":{"@type":"EntryPoint","urlTemplate":"https:\/\/www.miksch.de\/?s={search_term_string}"},"query-input":{"@type":"PropertyValueSpecification","valueRequired":true,"valueName":"search_term_string"}}],"inLanguage":"de"},{"@type":"Organization","@id":"https:\/\/www.miksch.de\/#organization","name":"MIKSCH GmbH","url":"https:\/\/www.miksch.de\/","logo":{"@type":"ImageObject","inLanguage":"de","@id":"https:\/\/www.miksch.de\/#\/schema\/logo\/image\/","url":"https:\/\/www.miksch.de\/wp-content\/uploads\/2024\/11\/gcOnlineDirectory-5-2.png","contentUrl":"https:\/\/www.miksch.de\/wp-content\/uploads\/2024\/11\/gcOnlineDirectory-5-2.png","width":227,"height":48,"caption":"MIKSCH GmbH"},"image":{"@id":"https:\/\/www.miksch.de\/#\/schema\/logo\/image\/"},"sameAs":["https:\/\/www.facebook.com\/people\/Miksch-GmbH\/100066497170541\/","https:\/\/au.linkedin.com\/company\/miksch-gmbh"]}]}},"_links":{"self":[{"href":"https:\/\/www.miksch.de\/de\/wp-json\/wp\/v2\/product\/4210","targetHints":{"allow":["GET"]}}],"collection":[{"href":"https:\/\/www.miksch.de\/de\/wp-json\/wp\/v2\/product"}],"about":[{"href":"https:\/\/www.miksch.de\/de\/wp-json\/wp\/v2\/types\/product"}],"replies":[{"embeddable":true,"href":"https:\/\/www.miksch.de\/de\/wp-json\/wp\/v2\/comments?post=4210"}],"wp:featuredmedia":[{"embeddable":true,"href":"https:\/\/www.miksch.de\/de\/wp-json\/wp\/v2\/media\/4340"}],"wp:attachment":[{"href":"https:\/\/www.miksch.de\/de\/wp-json\/wp\/v2\/media?parent=4210"}],"wp:term":[{"taxonomy":"product_brand","embeddable":true,"href":"https:\/\/www.miksch.de\/de\/wp-json\/wp\/v2\/product_brand?post=4210"},{"taxonomy":"product_cat","embeddable":true,"href":"https:\/\/www.miksch.de\/de\/wp-json\/wp\/v2\/product_cat?post=4210"}],"curies":[{"name":"wp","href":"https:\/\/api.w.org\/{rel}","templated":true}]}}