{"id":3458,"date":"2024-11-18T15:30:47","date_gmt":"2024-11-18T14:30:47","guid":{"rendered":"https:\/\/www.miksch.de\/?post_type=product&#038;p=3458"},"modified":"2026-03-30T09:05:04","modified_gmt":"2026-03-30T08:05:04","slug":"werkzeugwechselsysteme-fuer-spezifische-anforderungen","status":"publish","type":"product","link":"https:\/\/www.miksch.de\/de\/produkt\/werkzeugwechselsysteme-fuer-spezifische-anforderungen\/","title":{"rendered":"Werkzeugwechselsystem f\u00fcr spezifische L\u00f6sungen"},"content":{"rendered":"<h2 class=\"title\" style=\"font-size: 24px; padding: 30px 0px 10px;\">IHRE VORTEILE AUF EINEN BLICK<\/h2>\n<div class=\"responsive-columns\">\n<div>\n<h3 style=\"margin-bottom: 15px;\"><strong>Steigerung der Produktivit\u00e4t<\/strong><\/h3>\n<ul>\n<li style=\"list-style-type: none;\">\n<ul>\n<li><img decoding=\"async\" src=\"https:\/\/www.miksch.de\/wp-content\/uploads\/2020\/06\/Frame-116.png\" width=\"16\" height=\"12\" \/> hohe Packungsdichte<\/li>\n<li><img decoding=\"async\" src=\"https:\/\/www.miksch.de\/wp-content\/uploads\/2020\/06\/Frame-116.png\" width=\"16\" height=\"12\" \/> Werkzeuggewicht bis 45 kg m\u00f6glich<\/li>\n<li><img decoding=\"async\" src=\"https:\/\/www.miksch.de\/wp-content\/uploads\/2020\/06\/Frame-116.png\" width=\"16\" height=\"12\" \/> reduziert Stillstandszeiten<\/li>\n<li><img decoding=\"async\" src=\"https:\/\/www.miksch.de\/wp-content\/uploads\/2020\/06\/Frame-116.png\" width=\"16\" height=\"12\" \/> geringer Wartungsaufwand<\/li>\n<\/ul>\n<\/li>\n<\/ul>\n<p>&lt;<\/p>\n<\/div>\n<div>\n<h3 style=\"margin-bottom: 15px;\"><strong>Flexibel in der Anwendung<\/strong><\/h3>\n<ul>\n<li><img decoding=\"async\" src=\"https:\/\/www.miksch.de\/wp-content\/uploads\/2020\/06\/Frame-116.png\" width=\"16\" height=\"12\" \/> beliebige Einbaulage<\/li>\n<li><img decoding=\"async\" src=\"https:\/\/www.miksch.de\/wp-content\/uploads\/2020\/06\/Frame-116.png\" width=\"16\" height=\"12\" \/> alle g\u00e4ngigen Werkzeugaufnahmen Sonderaufnahmen auf Anfrage<\/li>\n<li><img decoding=\"async\" src=\"https:\/\/www.miksch.de\/wp-content\/uploads\/2020\/06\/Frame-116.png\" width=\"16\" height=\"12\" \/> bei Bedarf erweiterbar<\/li>\n<\/ul>\n<\/div>\n<div>\n<h3 style=\"margin-bottom: 15px;\"><strong>Reduzierung der Kosten<\/strong><\/h3>\n<ul>\n<li><img decoding=\"async\" src=\"https:\/\/www.miksch.de\/wp-content\/uploads\/2020\/06\/Frame-116.png\" width=\"16\" height=\"12\" \/> lange Verf\u00fcgbarkeit von Ersatzteilen<\/li>\n<li><img decoding=\"async\" src=\"https:\/\/www.miksch.de\/wp-content\/uploads\/2020\/06\/Frame-116.png\" width=\"16\" height=\"12\" \/> robust und zuverl\u00e4ssig<\/li>\n<li><img decoding=\"async\" src=\"https:\/\/www.miksch.de\/wp-content\/uploads\/2020\/06\/Frame-116.png\" width=\"16\" height=\"12\" \/> verschlei\u00df- und wartungsarm<\/li>\n<li><img decoding=\"async\" src=\"https:\/\/www.miksch.de\/wp-content\/uploads\/2020\/06\/Frame-116.png\" width=\"16\" height=\"12\" \/> keine zus\u00e4tzliche Steuerung erforderlich<\/li>\n<\/ul>\n<\/div>\n<\/div>\n<h2 class=\"title\" style=\"font-size: 24px;\">TECHNISCHE DATEN<\/h2>\n<table style=\"font-size: 14px !important; line-height: 22px !important;\" border=\"1\">\n<tbody>\n<tr>\n<td style=\"background: #c0c0c0; font-weight: bold; color: #000000;\">Bezeichnung<\/td>\n<td style=\"background: #d8d8d8; color: #000000;\">MCS, MDS<\/td>\n<\/tr>\n<tr>\n<td style=\"background: #cccccc; font-weight: bold; color: #000000;\">Werkzeuggewicht<\/td>\n<td style=\"background: #e4e4e4; color: #000000;\">bis 45 kg<\/td>\n<\/tr>\n<tr>\n<td style=\"background: #c0c0c0; font-weight: bold; color: #000000;\">Antrieb<\/td>\n<td style=\"background: #d8d8d8; color: #000000;\">Drehstrom-Bremsmotor, Drehstrommotor, Servomotor<\/td>\n<\/tr>\n<tr>\n<td style=\"background: #cccccc; font-weight: bold; color: #000000;\">Werkzeugaufnahmen<\/td>\n<td style=\"background: #e4e4e4; color: #000000;\">alle g\u00e4ngigen Werkzeugaufnahmen<br \/>\nSonderaufnahmen auf Anfrage<\/td>\n<\/tr>\n<\/tbody>\n<\/table>\n","protected":false},"excerpt":{"rendered":"<p>Ein <strong>MIKSCH Werkzeugwechselsystem<\/strong> ist die perfekte Kombination aus einem Werkzeugmagazin und einem Werkzeugwechsler. \u2028Seit 1982 sind wir im Bereich der Werkzeugwechselsysteme t\u00e4tig und liefern Ihnen eine ausgereifte und absolut zuverl\u00e4ssige Technik zu einem idealen Preis-Leistungs-Verh\u00e4ltnis.<\/p>\n<p>Bei <strong>spezifischen<\/strong> Anforderungen an ein Werkzeugwechselsystem, pr\u00fcfen wir diese gerne auf Realisierbarkeit. Dabei achten wir besonders auf die Verwendung von m\u00f6glichst vielen Standardteilen.<\/p>\n<p>Sie ben\u00f6tigen erste Technische Daten oder Details zu einem Werkzeugwechselsystem f\u00fcr spezifische L\u00f6sungen? Kein Problem. Lassen Sie uns hierzu eine v\u00f6llig unverbindliche Anfrage zukommen und wir helfen Ihnen gerne weiter.<\/p>\n<p>Unter \u201eDownload\u201c finden Sie unseren technischen Fragebogen, damit wir Ihre Anfrage konkret auslegen k\u00f6nnen.<\/p>\n<div id=\"linkContainer\">\n<ul>\n<li><a href=\"\/wp-content\/uploads\/2026\/01\/M1325DD2601_Werkzeugwechselsysteme-Fragebogen.pdf\" target=\"_blank\" rel=\"noopener\">Fragebogen Werkzeugwechselsysteme<\/a><\/li>\n<\/ul>\n<\/div>\n","protected":false},"featured_media":4344,"comment_status":"closed","ping_status":"closed","template":"","meta":{"_acf_changed":false},"product_brand":[],"product_cat":[81,86],"class_list":{"0":"post-3458","1":"product","2":"type-product","3":"status-publish","4":"has-post-thumbnail","6":"product_cat-effiziente-flexible-werkzeugwechselsysteme-miksch-gmbh","7":"product_cat-sonderloesungen","9":"first","10":"instock","11":"shipping-taxable","12":"product-type-external"},"acf":[],"yoast_head":"<!-- This site is optimized with the Yoast SEO plugin v27.3 - https:\/\/yoast.com\/product\/yoast-seo-wordpress\/ -->\n<title>Werkzeugwechselsystem f\u00fcr spezifische L\u00f6sungen<\/title>\n<meta name=\"description\" content=\"Kundenspezifische Werkzeugwechselsysteme von MIKSCH, optimiert auf Ihre speziellen Bed\u00fcrfnisse, h\u00f6chste Zuverl\u00e4ssigkeit &amp; optimale Leistung!\" \/>\n<meta name=\"robots\" content=\"index, follow, max-snippet:-1, max-image-preview:large, max-video-preview:-1\" \/>\n<link rel=\"canonical\" href=\"https:\/\/www.miksch.de\/de\/produkt\/werkzeugwechselsysteme-fuer-spezifische-anforderungen\/\" \/>\n<meta property=\"og:locale\" content=\"de_DE\" \/>\n<meta property=\"og:type\" content=\"article\" \/>\n<meta property=\"og:title\" content=\"Werkzeugwechselsystem f\u00fcr spezifische L\u00f6sungen\" \/>\n<meta property=\"og:description\" content=\"Kundenspezifische Werkzeugwechselsysteme von MIKSCH, optimiert auf Ihre speziellen Bed\u00fcrfnisse, h\u00f6chste Zuverl\u00e4ssigkeit &amp; optimale Leistung!\" \/>\n<meta property=\"og:url\" content=\"https:\/\/www.miksch.de\/de\/produkt\/werkzeugwechselsysteme-fuer-spezifische-anforderungen\/\" \/>\n<meta property=\"og:site_name\" content=\"MIKSCH - accelerates\" \/>\n<meta property=\"article:publisher\" content=\"https:\/\/www.facebook.com\/people\/Miksch-GmbH\/100066497170541\/\" \/>\n<meta property=\"article:modified_time\" content=\"2026-03-30T08:05:04+00:00\" \/>\n<meta property=\"og:image\" content=\"https:\/\/www.miksch.de\/wp-content\/uploads\/2025\/01\/werkzeugwechsler-werkzeugmagazin-scheiben-magazin-system-sonderloesung-Vors.webp\" \/>\n\t<meta property=\"og:image:width\" content=\"350\" \/>\n\t<meta property=\"og:image:height\" content=\"350\" \/>\n\t<meta property=\"og:image:type\" content=\"image\/webp\" \/>\n<meta name=\"twitter:card\" content=\"summary_large_image\" \/>\n<meta name=\"twitter:label1\" content=\"Gesch\u00e4tzte Lesezeit\" \/>\n\t<meta name=\"twitter:data1\" content=\"3\u00a0Minuten\" \/>\n<script type=\"application\/ld+json\" class=\"yoast-schema-graph\">{\"@context\":\"https:\\\/\\\/schema.org\",\"@graph\":[{\"@type\":\"WebPage\",\"@id\":\"https:\\\/\\\/www.miksch.de\\\/produkt\\\/werkzeugwechselsysteme-fuer-spezifische-anforderungen\\\/\",\"url\":\"https:\\\/\\\/www.miksch.de\\\/produkt\\\/werkzeugwechselsysteme-fuer-spezifische-anforderungen\\\/\",\"name\":\"Werkzeugwechselsystem f\u00fcr spezifische L\u00f6sungen\",\"isPartOf\":{\"@id\":\"https:\\\/\\\/www.miksch.de\\\/#website\"},\"primaryImageOfPage\":{\"@id\":\"https:\\\/\\\/www.miksch.de\\\/produkt\\\/werkzeugwechselsysteme-fuer-spezifische-anforderungen\\\/#primaryimage\"},\"image\":{\"@id\":\"https:\\\/\\\/www.miksch.de\\\/produkt\\\/werkzeugwechselsysteme-fuer-spezifische-anforderungen\\\/#primaryimage\"},\"thumbnailUrl\":\"https:\\\/\\\/www.miksch.de\\\/wp-content\\\/uploads\\\/2025\\\/01\\\/werkzeugwechsler-werkzeugmagazin-scheiben-magazin-system-sonderloesung-Vors.webp\",\"datePublished\":\"2024-11-18T14:30:47+00:00\",\"dateModified\":\"2026-03-30T08:05:04+00:00\",\"description\":\"Kundenspezifische Werkzeugwechselsysteme von MIKSCH, optimiert auf Ihre speziellen Bed\u00fcrfnisse, h\u00f6chste Zuverl\u00e4ssigkeit & optimale Leistung!\",\"breadcrumb\":{\"@id\":\"https:\\\/\\\/www.miksch.de\\\/produkt\\\/werkzeugwechselsysteme-fuer-spezifische-anforderungen\\\/#breadcrumb\"},\"inLanguage\":\"de\",\"potentialAction\":[{\"@type\":\"ReadAction\",\"target\":[\"https:\\\/\\\/www.miksch.de\\\/produkt\\\/werkzeugwechselsysteme-fuer-spezifische-anforderungen\\\/\"]}]},{\"@type\":\"ImageObject\",\"inLanguage\":\"de\",\"@id\":\"https:\\\/\\\/www.miksch.de\\\/produkt\\\/werkzeugwechselsysteme-fuer-spezifische-anforderungen\\\/#primaryimage\",\"url\":\"https:\\\/\\\/www.miksch.de\\\/wp-content\\\/uploads\\\/2025\\\/01\\\/werkzeugwechsler-werkzeugmagazin-scheiben-magazin-system-sonderloesung-Vors.webp\",\"contentUrl\":\"https:\\\/\\\/www.miksch.de\\\/wp-content\\\/uploads\\\/2025\\\/01\\\/werkzeugwechsler-werkzeugmagazin-scheiben-magazin-system-sonderloesung-Vors.webp\",\"width\":350,\"height\":350,\"caption\":\"Sonderl\u00f6sung eines Werkzeugwechselsystems mit angepasstem Magazin.\"},{\"@type\":\"BreadcrumbList\",\"@id\":\"https:\\\/\\\/www.miksch.de\\\/produkt\\\/werkzeugwechselsysteme-fuer-spezifische-anforderungen\\\/#breadcrumb\",\"itemListElement\":[{\"@type\":\"ListItem\",\"position\":1,\"name\":\"Home\",\"item\":\"https:\\\/\\\/www.miksch.de\\\/\"},{\"@type\":\"ListItem\",\"position\":2,\"name\":\"Produkte\",\"item\":\"https:\\\/\\\/www.miksch.de\\\/shop\\\/\"},{\"@type\":\"ListItem\",\"position\":3,\"name\":\"Werkzeugwechselsystem f\u00fcr spezifische L\u00f6sungen\"}]},{\"@type\":\"WebSite\",\"@id\":\"https:\\\/\\\/www.miksch.de\\\/#website\",\"url\":\"https:\\\/\\\/www.miksch.de\\\/\",\"name\":\"MIKSCH GmbH\",\"description\":\"\",\"publisher\":{\"@id\":\"https:\\\/\\\/www.miksch.de\\\/#organization\"},\"potentialAction\":[{\"@type\":\"SearchAction\",\"target\":{\"@type\":\"EntryPoint\",\"urlTemplate\":\"https:\\\/\\\/www.miksch.de\\\/?s={search_term_string}\"},\"query-input\":{\"@type\":\"PropertyValueSpecification\",\"valueRequired\":true,\"valueName\":\"search_term_string\"}}],\"inLanguage\":\"de\"},{\"@type\":\"Organization\",\"@id\":\"https:\\\/\\\/www.miksch.de\\\/#organization\",\"name\":\"MIKSCH GmbH\",\"url\":\"https:\\\/\\\/www.miksch.de\\\/\",\"logo\":{\"@type\":\"ImageObject\",\"inLanguage\":\"de\",\"@id\":\"https:\\\/\\\/www.miksch.de\\\/#\\\/schema\\\/logo\\\/image\\\/\",\"url\":\"https:\\\/\\\/www.miksch.de\\\/wp-content\\\/uploads\\\/2024\\\/11\\\/gcOnlineDirectory-5-2.png\",\"contentUrl\":\"https:\\\/\\\/www.miksch.de\\\/wp-content\\\/uploads\\\/2024\\\/11\\\/gcOnlineDirectory-5-2.png\",\"width\":227,\"height\":48,\"caption\":\"MIKSCH GmbH\"},\"image\":{\"@id\":\"https:\\\/\\\/www.miksch.de\\\/#\\\/schema\\\/logo\\\/image\\\/\"},\"sameAs\":[\"https:\\\/\\\/www.facebook.com\\\/people\\\/Miksch-GmbH\\\/100066497170541\\\/\",\"https:\\\/\\\/au.linkedin.com\\\/company\\\/miksch-gmbh\"]}]}<\/script>\n<!-- \/ Yoast SEO plugin. -->","yoast_head_json":{"title":"Werkzeugwechselsystem f\u00fcr spezifische L\u00f6sungen","description":"Kundenspezifische Werkzeugwechselsysteme von MIKSCH, optimiert auf Ihre speziellen Bed\u00fcrfnisse, h\u00f6chste Zuverl\u00e4ssigkeit & optimale Leistung!","robots":{"index":"index","follow":"follow","max-snippet":"max-snippet:-1","max-image-preview":"max-image-preview:large","max-video-preview":"max-video-preview:-1"},"canonical":"https:\/\/www.miksch.de\/de\/produkt\/werkzeugwechselsysteme-fuer-spezifische-anforderungen\/","og_locale":"de_DE","og_type":"article","og_title":"Werkzeugwechselsystem f\u00fcr spezifische L\u00f6sungen","og_description":"Kundenspezifische Werkzeugwechselsysteme von MIKSCH, optimiert auf Ihre speziellen Bed\u00fcrfnisse, h\u00f6chste Zuverl\u00e4ssigkeit & optimale Leistung!","og_url":"https:\/\/www.miksch.de\/de\/produkt\/werkzeugwechselsysteme-fuer-spezifische-anforderungen\/","og_site_name":"MIKSCH - accelerates","article_publisher":"https:\/\/www.facebook.com\/people\/Miksch-GmbH\/100066497170541\/","article_modified_time":"2026-03-30T08:05:04+00:00","og_image":[{"width":350,"height":350,"url":"https:\/\/www.miksch.de\/wp-content\/uploads\/2025\/01\/werkzeugwechsler-werkzeugmagazin-scheiben-magazin-system-sonderloesung-Vors.webp","type":"image\/webp"}],"twitter_card":"summary_large_image","twitter_misc":{"Gesch\u00e4tzte Lesezeit":"3\u00a0Minuten"},"schema":{"@context":"https:\/\/schema.org","@graph":[{"@type":"WebPage","@id":"https:\/\/www.miksch.de\/produkt\/werkzeugwechselsysteme-fuer-spezifische-anforderungen\/","url":"https:\/\/www.miksch.de\/produkt\/werkzeugwechselsysteme-fuer-spezifische-anforderungen\/","name":"Werkzeugwechselsystem f\u00fcr spezifische L\u00f6sungen","isPartOf":{"@id":"https:\/\/www.miksch.de\/#website"},"primaryImageOfPage":{"@id":"https:\/\/www.miksch.de\/produkt\/werkzeugwechselsysteme-fuer-spezifische-anforderungen\/#primaryimage"},"image":{"@id":"https:\/\/www.miksch.de\/produkt\/werkzeugwechselsysteme-fuer-spezifische-anforderungen\/#primaryimage"},"thumbnailUrl":"https:\/\/www.miksch.de\/wp-content\/uploads\/2025\/01\/werkzeugwechsler-werkzeugmagazin-scheiben-magazin-system-sonderloesung-Vors.webp","datePublished":"2024-11-18T14:30:47+00:00","dateModified":"2026-03-30T08:05:04+00:00","description":"Kundenspezifische Werkzeugwechselsysteme von MIKSCH, optimiert auf Ihre speziellen Bed\u00fcrfnisse, h\u00f6chste Zuverl\u00e4ssigkeit & optimale Leistung!","breadcrumb":{"@id":"https:\/\/www.miksch.de\/produkt\/werkzeugwechselsysteme-fuer-spezifische-anforderungen\/#breadcrumb"},"inLanguage":"de","potentialAction":[{"@type":"ReadAction","target":["https:\/\/www.miksch.de\/produkt\/werkzeugwechselsysteme-fuer-spezifische-anforderungen\/"]}]},{"@type":"ImageObject","inLanguage":"de","@id":"https:\/\/www.miksch.de\/produkt\/werkzeugwechselsysteme-fuer-spezifische-anforderungen\/#primaryimage","url":"https:\/\/www.miksch.de\/wp-content\/uploads\/2025\/01\/werkzeugwechsler-werkzeugmagazin-scheiben-magazin-system-sonderloesung-Vors.webp","contentUrl":"https:\/\/www.miksch.de\/wp-content\/uploads\/2025\/01\/werkzeugwechsler-werkzeugmagazin-scheiben-magazin-system-sonderloesung-Vors.webp","width":350,"height":350,"caption":"Sonderl\u00f6sung eines Werkzeugwechselsystems mit angepasstem Magazin."},{"@type":"BreadcrumbList","@id":"https:\/\/www.miksch.de\/produkt\/werkzeugwechselsysteme-fuer-spezifische-anforderungen\/#breadcrumb","itemListElement":[{"@type":"ListItem","position":1,"name":"Home","item":"https:\/\/www.miksch.de\/"},{"@type":"ListItem","position":2,"name":"Produkte","item":"https:\/\/www.miksch.de\/shop\/"},{"@type":"ListItem","position":3,"name":"Werkzeugwechselsystem f\u00fcr spezifische L\u00f6sungen"}]},{"@type":"WebSite","@id":"https:\/\/www.miksch.de\/#website","url":"https:\/\/www.miksch.de\/","name":"MIKSCH GmbH","description":"","publisher":{"@id":"https:\/\/www.miksch.de\/#organization"},"potentialAction":[{"@type":"SearchAction","target":{"@type":"EntryPoint","urlTemplate":"https:\/\/www.miksch.de\/?s={search_term_string}"},"query-input":{"@type":"PropertyValueSpecification","valueRequired":true,"valueName":"search_term_string"}}],"inLanguage":"de"},{"@type":"Organization","@id":"https:\/\/www.miksch.de\/#organization","name":"MIKSCH GmbH","url":"https:\/\/www.miksch.de\/","logo":{"@type":"ImageObject","inLanguage":"de","@id":"https:\/\/www.miksch.de\/#\/schema\/logo\/image\/","url":"https:\/\/www.miksch.de\/wp-content\/uploads\/2024\/11\/gcOnlineDirectory-5-2.png","contentUrl":"https:\/\/www.miksch.de\/wp-content\/uploads\/2024\/11\/gcOnlineDirectory-5-2.png","width":227,"height":48,"caption":"MIKSCH GmbH"},"image":{"@id":"https:\/\/www.miksch.de\/#\/schema\/logo\/image\/"},"sameAs":["https:\/\/www.facebook.com\/people\/Miksch-GmbH\/100066497170541\/","https:\/\/au.linkedin.com\/company\/miksch-gmbh"]}]}},"_links":{"self":[{"href":"https:\/\/www.miksch.de\/de\/wp-json\/wp\/v2\/product\/3458","targetHints":{"allow":["GET"]}}],"collection":[{"href":"https:\/\/www.miksch.de\/de\/wp-json\/wp\/v2\/product"}],"about":[{"href":"https:\/\/www.miksch.de\/de\/wp-json\/wp\/v2\/types\/product"}],"replies":[{"embeddable":true,"href":"https:\/\/www.miksch.de\/de\/wp-json\/wp\/v2\/comments?post=3458"}],"wp:featuredmedia":[{"embeddable":true,"href":"https:\/\/www.miksch.de\/de\/wp-json\/wp\/v2\/media\/4344"}],"wp:attachment":[{"href":"https:\/\/www.miksch.de\/de\/wp-json\/wp\/v2\/media?parent=3458"}],"wp:term":[{"taxonomy":"product_brand","embeddable":true,"href":"https:\/\/www.miksch.de\/de\/wp-json\/wp\/v2\/product_brand?post=3458"},{"taxonomy":"product_cat","embeddable":true,"href":"https:\/\/www.miksch.de\/de\/wp-json\/wp\/v2\/product_cat?post=3458"}],"curies":[{"name":"wp","href":"https:\/\/api.w.org\/{rel}","templated":true}]}}