{"id":3451,"date":"2024-11-18T10:59:49","date_gmt":"2024-11-18T09:59:49","guid":{"rendered":"https:\/\/www.miksch.de\/?post_type=product&#038;p=3451"},"modified":"2026-03-30T14:14:58","modified_gmt":"2026-03-30T13:14:58","slug":"effiziente-flexible-werkzeugwechselsysteme-miksch-gmbh","status":"publish","type":"product","link":"https:\/\/www.miksch.de\/de\/produkt\/effiziente-flexible-werkzeugwechselsysteme-miksch-gmbh\/","title":{"rendered":"Effiziente &#038; Flexible Werkzeugwechselsysteme &#8211; MIKSCH GmbH"},"content":{"rendered":"<div>\n<h2 class=\"title\" style=\"font-size: 24px;\">IHRE VORTEILE AUF EINEN BLICK<\/h2>\n<div class=\"responsive-columns\">\n<div>\n<h3 style=\"margin-bottom: 15px;\"><strong>Steigerung der Produktivit\u00e4t<\/strong><\/h3>\n<ul>\n<li><img decoding=\"async\" class=\"alignnone size-full wp-image-3279\" src=\"https:\/\/www.miksch.de\/wp-content\/uploads\/2020\/06\/Frame-116.png\" alt=\"\" width=\"16\" height=\"12\" \/> Werkzeugwechsel &lt; 0,5 s<\/li>\n<li><img decoding=\"async\" class=\"alignnone size-full wp-image-3279\" src=\"https:\/\/www.miksch.de\/wp-content\/uploads\/2020\/06\/Frame-116.png\" alt=\"\" width=\"16\" height=\"12\" \/> Werkzeuggewicht bis 85 kg m\u00f6glich<\/li>\n<li><img decoding=\"async\" class=\"alignnone wp-image-3279\" src=\"https:\/\/www.miksch.de\/wp-content\/uploads\/2020\/06\/Frame-116.png\" alt=\"\" width=\"16\" height=\"12\" \/> reduziert Stillstandszeiten<\/li>\n<li><img decoding=\"async\" class=\"alignnone wp-image-3279\" src=\"https:\/\/www.miksch.de\/wp-content\/uploads\/2020\/06\/Frame-116.png\" alt=\"\" width=\"16\" height=\"12\" \/> geringer Wartungsaufwand<\/li>\n<\/ul>\n<\/div>\n<div>\n<h3 style=\"margin-bottom: 15px;\"><strong>Flexibel in der Anwendung<\/strong><\/h3>\n<ul>\n<li><img decoding=\"async\" class=\"alignnone size-full wp-image-3279\" src=\"https:\/\/www.miksch.de\/wp-content\/uploads\/2020\/06\/Frame-116.png\" alt=\"\" width=\"16\" height=\"12\" \/> verschiedene Einbaulagen m\u00f6glich<\/li>\n<li><img decoding=\"async\" class=\"alignnone size-full wp-image-3279\" src=\"https:\/\/www.miksch.de\/wp-content\/uploads\/2020\/06\/Frame-116.png\" alt=\"\" width=\"16\" height=\"12\" \/> alle g\u00e4ngigen Werkzeugaufnahmen<\/li>\n<li><img decoding=\"async\" class=\"alignnone size-full wp-image-3279\" src=\"https:\/\/www.miksch.de\/wp-content\/uploads\/2020\/06\/Frame-116.png\" alt=\"\" width=\"16\" height=\"12\" \/> Einbau neben und gegen\u00fcber der Spindel m\u00f6glich<\/li>\n<\/ul>\n<\/div>\n<div>\n<h3 style=\"margin-bottom: 15px;\"><strong>Reduzierung der Kosten<\/strong><\/h3>\n<ul>\n<li><img decoding=\"async\" class=\"alignnone size-full wp-image-3279\" src=\"https:\/\/www.miksch.de\/wp-content\/uploads\/2020\/06\/Frame-116.png\" alt=\"\" width=\"16\" height=\"12\" \/> lange Verf\u00fcgbarkeit von Ersatzteilen<\/li>\n<li><img decoding=\"async\" class=\"alignnone size-full wp-image-3279\" src=\"https:\/\/www.miksch.de\/wp-content\/uploads\/2020\/06\/Frame-116.png\" alt=\"\" width=\"16\" height=\"12\" \/> robust und zuverl\u00e4ssig<\/li>\n<li><img decoding=\"async\" class=\"alignnone size-full wp-image-3279\" src=\"https:\/\/www.miksch.de\/wp-content\/uploads\/2020\/06\/Frame-116.png\" alt=\"\" width=\"16\" height=\"12\" \/> keine zus\u00e4tzliche Steuerung erforderlich<\/li>\n<li><img decoding=\"async\" class=\"alignnone size-full wp-image-3279\" src=\"https:\/\/www.miksch.de\/wp-content\/uploads\/2020\/06\/Frame-116.png\" alt=\"\" width=\"16\" height=\"12\" \/> frei von Hydraulik<\/li>\n<\/ul>\n<\/div>\n<\/div>\n<h2 class=\"title\" style=\"font-size: 24px;\">VIDEOS<\/h2>\n<div class=\"product-video-thumb\"><iframe title=\"V\u00eddeo do produto\" src=\"https:\/\/www.youtube.com\/embed\/lpNYIq7_t4A?si=Mct7tvUa0F5rjlv3\" width=\"560\" height=\"315\" frameborder=\"0\" allowfullscreen=\"allowfullscreen\"><\/iframe><\/div>\n<div>\n<h4 class=\"title\" style=\"font-size: 24px;\">UNSERE WERKZEUGWECHSELSYSTEME IM \u00dcBERBLICK<\/h4>\n<\/div>\n<\/div>\n<div class=\"responsive-columns\">\n<div class=\"responsive-columns\">\n<div><\/div>\n<\/div>\n<\/div>\n","protected":false},"excerpt":{"rendered":"<pre style=\"text-align: right;\"><strong><em>Schnell - Pr\u00e4zise - Zuverl\u00e4ssig<\/em><\/strong><\/pre>\n<p>Ein <strong>MIKSCH Werkzeugwechselsystem<\/strong> ist die perfekte Kombination aus einem Werkzeugmagazin und einem Werkzeugwechsler. \u2028Seit 1982 sind wir im Bereich der Werkzeugwechselsysteme t\u00e4tig und liefern Ihnen eine ausgereifte und absolut zuverl\u00e4ssige Technik zu einem idealen Preis-Leistungs-Verh\u00e4ltnis. \u2028Dabei unterscheiden wir zwischen Werkzeugwechselsystemen mit Scheibenmagazin, Kettenmagazin und Regalmagazin.<\/p>\n<p>Auch f\u00fcr Sie entwickeln wir Werkzeugmagazine, spezielle Werkzeugwechsler mit oder ohne Greiferarm oder Werkzeugwechselsysteme nach Ihren W\u00fcnschen.<\/p>\n<p>Die Werkzeugmagazine sowie Werkzeugwechsler sind auch einzeln bei uns erh\u00e4ltlich.<\/p>\n<p>Sie ben\u00f6tigen erste Technische Daten oder Details zu einem Werkzeugwechselsystem? Kein Problem. Lassen Sie uns hierzu eine v\u00f6llig unverbindliche Anfrage zukommen und wir helfen Ihnen gerne weiter.<\/p>\n<p>Unter \u201eDownload\u201c finden Sie unseren technischen Fragebogen, damit wir Ihre Anfrage konkret auslegen k\u00f6nnen.<\/p>\n<div id=\"linkContainer\">\n<ul>\n<li><a href=\"\/wp-content\/uploads\/2026\/01\/M1325DD2601_Werkzeugwechselsysteme-Fragebogen.pdf\" target=\"_blank\" rel=\"noopener\">Fragebogen Werkzeugwechselsysteme<\/a><\/li>\n<\/ul>\n<\/div>\n","protected":false},"featured_media":4326,"comment_status":"closed","ping_status":"closed","template":"","meta":{"_acf_changed":false},"product_brand":[],"product_cat":[81],"class_list":{"0":"post-3451","1":"product","2":"type-product","3":"status-publish","4":"has-post-thumbnail","6":"product_cat-effiziente-flexible-werkzeugwechselsysteme-miksch-gmbh","8":"first","9":"instock","10":"shipping-taxable","11":"product-type-external"},"acf":[],"yoast_head":"<!-- This site is optimized with the Yoast SEO plugin v27.3 - https:\/\/yoast.com\/product\/yoast-seo-wordpress\/ -->\n<title>Effiziente &amp; Flexible Werkzeugwechselsysteme - MIKSCH GmbH<\/title>\n<meta name=\"description\" content=\"MIKSCH Werkzeugwechselsysteme - kombinierte Systeme aus Werkzeugmagazin &amp; Werkzeugwechsler, verf\u00fcgbar als Scheiben-, Ketten- oder Regalmagazin.\" \/>\n<meta name=\"robots\" content=\"index, follow, max-snippet:-1, max-image-preview:large, max-video-preview:-1\" \/>\n<link rel=\"canonical\" href=\"https:\/\/www.miksch.de\/de\/produkt\/effiziente-flexible-werkzeugwechselsysteme-miksch-gmbh\/\" \/>\n<meta property=\"og:locale\" content=\"de_DE\" \/>\n<meta property=\"og:type\" content=\"article\" \/>\n<meta property=\"og:title\" content=\"Effiziente &amp; Flexible Werkzeugwechselsysteme - MIKSCH GmbH\" \/>\n<meta property=\"og:description\" content=\"MIKSCH Werkzeugwechselsysteme - kombinierte Systeme aus Werkzeugmagazin &amp; Werkzeugwechsler, verf\u00fcgbar als Scheiben-, Ketten- oder Regalmagazin.\" \/>\n<meta property=\"og:url\" content=\"https:\/\/www.miksch.de\/de\/produkt\/effiziente-flexible-werkzeugwechselsysteme-miksch-gmbh\/\" \/>\n<meta property=\"og:site_name\" content=\"MIKSCH - accelerates\" \/>\n<meta property=\"article:publisher\" content=\"https:\/\/www.facebook.com\/people\/Miksch-GmbH\/100066497170541\/\" \/>\n<meta property=\"article:modified_time\" content=\"2026-03-30T13:14:58+00:00\" \/>\n<meta property=\"og:image\" content=\"https:\/\/www.miksch.de\/wp-content\/uploads\/2025\/01\/werkzeugmagazin-kettenmagazin-werkzeugwechsel-system-miksch-Vors.webp\" \/>\n\t<meta property=\"og:image:width\" content=\"350\" \/>\n\t<meta property=\"og:image:height\" content=\"350\" \/>\n\t<meta property=\"og:image:type\" content=\"image\/webp\" \/>\n<meta name=\"twitter:card\" content=\"summary_large_image\" \/>\n<meta name=\"twitter:label1\" content=\"Gesch\u00e4tzte Lesezeit\" \/>\n\t<meta name=\"twitter:data1\" content=\"3\u00a0Minuten\" \/>\n<script type=\"application\/ld+json\" class=\"yoast-schema-graph\">{\"@context\":\"https:\\\/\\\/schema.org\",\"@graph\":[{\"@type\":\"WebPage\",\"@id\":\"https:\\\/\\\/www.miksch.de\\\/produkt\\\/effiziente-flexible-werkzeugwechselsysteme-miksch-gmbh\\\/\",\"url\":\"https:\\\/\\\/www.miksch.de\\\/produkt\\\/effiziente-flexible-werkzeugwechselsysteme-miksch-gmbh\\\/\",\"name\":\"Effiziente & Flexible Werkzeugwechselsysteme - MIKSCH GmbH\",\"isPartOf\":{\"@id\":\"https:\\\/\\\/www.miksch.de\\\/#website\"},\"primaryImageOfPage\":{\"@id\":\"https:\\\/\\\/www.miksch.de\\\/produkt\\\/effiziente-flexible-werkzeugwechselsysteme-miksch-gmbh\\\/#primaryimage\"},\"image\":{\"@id\":\"https:\\\/\\\/www.miksch.de\\\/produkt\\\/effiziente-flexible-werkzeugwechselsysteme-miksch-gmbh\\\/#primaryimage\"},\"thumbnailUrl\":\"https:\\\/\\\/www.miksch.de\\\/wp-content\\\/uploads\\\/2025\\\/01\\\/werkzeugmagazin-kettenmagazin-werkzeugwechsel-system-miksch-Vors.webp\",\"datePublished\":\"2024-11-18T09:59:49+00:00\",\"dateModified\":\"2026-03-30T13:14:58+00:00\",\"description\":\"MIKSCH Werkzeugwechselsysteme - kombinierte Systeme aus Werkzeugmagazin & Werkzeugwechsler, verf\u00fcgbar als Scheiben-, Ketten- oder Regalmagazin.\",\"breadcrumb\":{\"@id\":\"https:\\\/\\\/www.miksch.de\\\/produkt\\\/effiziente-flexible-werkzeugwechselsysteme-miksch-gmbh\\\/#breadcrumb\"},\"inLanguage\":\"de\",\"potentialAction\":[{\"@type\":\"ReadAction\",\"target\":[\"https:\\\/\\\/www.miksch.de\\\/produkt\\\/effiziente-flexible-werkzeugwechselsysteme-miksch-gmbh\\\/\"]}]},{\"@type\":\"ImageObject\",\"inLanguage\":\"de\",\"@id\":\"https:\\\/\\\/www.miksch.de\\\/produkt\\\/effiziente-flexible-werkzeugwechselsysteme-miksch-gmbh\\\/#primaryimage\",\"url\":\"https:\\\/\\\/www.miksch.de\\\/wp-content\\\/uploads\\\/2025\\\/01\\\/werkzeugmagazin-kettenmagazin-werkzeugwechsel-system-miksch-Vors.webp\",\"contentUrl\":\"https:\\\/\\\/www.miksch.de\\\/wp-content\\\/uploads\\\/2025\\\/01\\\/werkzeugmagazin-kettenmagazin-werkzeugwechsel-system-miksch-Vors.webp\",\"width\":350,\"height\":350,\"caption\":\"Werkzeugwechselsystem mit integriertem Kettenmagazin.\"},{\"@type\":\"BreadcrumbList\",\"@id\":\"https:\\\/\\\/www.miksch.de\\\/produkt\\\/effiziente-flexible-werkzeugwechselsysteme-miksch-gmbh\\\/#breadcrumb\",\"itemListElement\":[{\"@type\":\"ListItem\",\"position\":1,\"name\":\"Home\",\"item\":\"https:\\\/\\\/www.miksch.de\\\/\"},{\"@type\":\"ListItem\",\"position\":2,\"name\":\"Produkte\",\"item\":\"https:\\\/\\\/www.miksch.de\\\/shop\\\/\"},{\"@type\":\"ListItem\",\"position\":3,\"name\":\"Effiziente &#038; Flexible Werkzeugwechselsysteme &#8211; MIKSCH GmbH\"}]},{\"@type\":\"WebSite\",\"@id\":\"https:\\\/\\\/www.miksch.de\\\/#website\",\"url\":\"https:\\\/\\\/www.miksch.de\\\/\",\"name\":\"MIKSCH GmbH\",\"description\":\"\",\"publisher\":{\"@id\":\"https:\\\/\\\/www.miksch.de\\\/#organization\"},\"potentialAction\":[{\"@type\":\"SearchAction\",\"target\":{\"@type\":\"EntryPoint\",\"urlTemplate\":\"https:\\\/\\\/www.miksch.de\\\/?s={search_term_string}\"},\"query-input\":{\"@type\":\"PropertyValueSpecification\",\"valueRequired\":true,\"valueName\":\"search_term_string\"}}],\"inLanguage\":\"de\"},{\"@type\":\"Organization\",\"@id\":\"https:\\\/\\\/www.miksch.de\\\/#organization\",\"name\":\"MIKSCH GmbH\",\"url\":\"https:\\\/\\\/www.miksch.de\\\/\",\"logo\":{\"@type\":\"ImageObject\",\"inLanguage\":\"de\",\"@id\":\"https:\\\/\\\/www.miksch.de\\\/#\\\/schema\\\/logo\\\/image\\\/\",\"url\":\"https:\\\/\\\/www.miksch.de\\\/wp-content\\\/uploads\\\/2024\\\/11\\\/gcOnlineDirectory-5-2.png\",\"contentUrl\":\"https:\\\/\\\/www.miksch.de\\\/wp-content\\\/uploads\\\/2024\\\/11\\\/gcOnlineDirectory-5-2.png\",\"width\":227,\"height\":48,\"caption\":\"MIKSCH GmbH\"},\"image\":{\"@id\":\"https:\\\/\\\/www.miksch.de\\\/#\\\/schema\\\/logo\\\/image\\\/\"},\"sameAs\":[\"https:\\\/\\\/www.facebook.com\\\/people\\\/Miksch-GmbH\\\/100066497170541\\\/\",\"https:\\\/\\\/au.linkedin.com\\\/company\\\/miksch-gmbh\"]}]}<\/script>\n<!-- \/ Yoast SEO plugin. -->","yoast_head_json":{"title":"Effiziente & Flexible Werkzeugwechselsysteme - MIKSCH GmbH","description":"MIKSCH Werkzeugwechselsysteme - kombinierte Systeme aus Werkzeugmagazin & Werkzeugwechsler, verf\u00fcgbar als Scheiben-, Ketten- oder Regalmagazin.","robots":{"index":"index","follow":"follow","max-snippet":"max-snippet:-1","max-image-preview":"max-image-preview:large","max-video-preview":"max-video-preview:-1"},"canonical":"https:\/\/www.miksch.de\/de\/produkt\/effiziente-flexible-werkzeugwechselsysteme-miksch-gmbh\/","og_locale":"de_DE","og_type":"article","og_title":"Effiziente & Flexible Werkzeugwechselsysteme - MIKSCH GmbH","og_description":"MIKSCH Werkzeugwechselsysteme - kombinierte Systeme aus Werkzeugmagazin & Werkzeugwechsler, verf\u00fcgbar als Scheiben-, Ketten- oder Regalmagazin.","og_url":"https:\/\/www.miksch.de\/de\/produkt\/effiziente-flexible-werkzeugwechselsysteme-miksch-gmbh\/","og_site_name":"MIKSCH - accelerates","article_publisher":"https:\/\/www.facebook.com\/people\/Miksch-GmbH\/100066497170541\/","article_modified_time":"2026-03-30T13:14:58+00:00","og_image":[{"width":350,"height":350,"url":"https:\/\/www.miksch.de\/wp-content\/uploads\/2025\/01\/werkzeugmagazin-kettenmagazin-werkzeugwechsel-system-miksch-Vors.webp","type":"image\/webp"}],"twitter_card":"summary_large_image","twitter_misc":{"Gesch\u00e4tzte Lesezeit":"3\u00a0Minuten"},"schema":{"@context":"https:\/\/schema.org","@graph":[{"@type":"WebPage","@id":"https:\/\/www.miksch.de\/produkt\/effiziente-flexible-werkzeugwechselsysteme-miksch-gmbh\/","url":"https:\/\/www.miksch.de\/produkt\/effiziente-flexible-werkzeugwechselsysteme-miksch-gmbh\/","name":"Effiziente & Flexible Werkzeugwechselsysteme - MIKSCH GmbH","isPartOf":{"@id":"https:\/\/www.miksch.de\/#website"},"primaryImageOfPage":{"@id":"https:\/\/www.miksch.de\/produkt\/effiziente-flexible-werkzeugwechselsysteme-miksch-gmbh\/#primaryimage"},"image":{"@id":"https:\/\/www.miksch.de\/produkt\/effiziente-flexible-werkzeugwechselsysteme-miksch-gmbh\/#primaryimage"},"thumbnailUrl":"https:\/\/www.miksch.de\/wp-content\/uploads\/2025\/01\/werkzeugmagazin-kettenmagazin-werkzeugwechsel-system-miksch-Vors.webp","datePublished":"2024-11-18T09:59:49+00:00","dateModified":"2026-03-30T13:14:58+00:00","description":"MIKSCH Werkzeugwechselsysteme - kombinierte Systeme aus Werkzeugmagazin & Werkzeugwechsler, verf\u00fcgbar als Scheiben-, Ketten- oder Regalmagazin.","breadcrumb":{"@id":"https:\/\/www.miksch.de\/produkt\/effiziente-flexible-werkzeugwechselsysteme-miksch-gmbh\/#breadcrumb"},"inLanguage":"de","potentialAction":[{"@type":"ReadAction","target":["https:\/\/www.miksch.de\/produkt\/effiziente-flexible-werkzeugwechselsysteme-miksch-gmbh\/"]}]},{"@type":"ImageObject","inLanguage":"de","@id":"https:\/\/www.miksch.de\/produkt\/effiziente-flexible-werkzeugwechselsysteme-miksch-gmbh\/#primaryimage","url":"https:\/\/www.miksch.de\/wp-content\/uploads\/2025\/01\/werkzeugmagazin-kettenmagazin-werkzeugwechsel-system-miksch-Vors.webp","contentUrl":"https:\/\/www.miksch.de\/wp-content\/uploads\/2025\/01\/werkzeugmagazin-kettenmagazin-werkzeugwechsel-system-miksch-Vors.webp","width":350,"height":350,"caption":"Werkzeugwechselsystem mit integriertem Kettenmagazin."},{"@type":"BreadcrumbList","@id":"https:\/\/www.miksch.de\/produkt\/effiziente-flexible-werkzeugwechselsysteme-miksch-gmbh\/#breadcrumb","itemListElement":[{"@type":"ListItem","position":1,"name":"Home","item":"https:\/\/www.miksch.de\/"},{"@type":"ListItem","position":2,"name":"Produkte","item":"https:\/\/www.miksch.de\/shop\/"},{"@type":"ListItem","position":3,"name":"Effiziente &#038; Flexible Werkzeugwechselsysteme &#8211; MIKSCH GmbH"}]},{"@type":"WebSite","@id":"https:\/\/www.miksch.de\/#website","url":"https:\/\/www.miksch.de\/","name":"MIKSCH GmbH","description":"","publisher":{"@id":"https:\/\/www.miksch.de\/#organization"},"potentialAction":[{"@type":"SearchAction","target":{"@type":"EntryPoint","urlTemplate":"https:\/\/www.miksch.de\/?s={search_term_string}"},"query-input":{"@type":"PropertyValueSpecification","valueRequired":true,"valueName":"search_term_string"}}],"inLanguage":"de"},{"@type":"Organization","@id":"https:\/\/www.miksch.de\/#organization","name":"MIKSCH GmbH","url":"https:\/\/www.miksch.de\/","logo":{"@type":"ImageObject","inLanguage":"de","@id":"https:\/\/www.miksch.de\/#\/schema\/logo\/image\/","url":"https:\/\/www.miksch.de\/wp-content\/uploads\/2024\/11\/gcOnlineDirectory-5-2.png","contentUrl":"https:\/\/www.miksch.de\/wp-content\/uploads\/2024\/11\/gcOnlineDirectory-5-2.png","width":227,"height":48,"caption":"MIKSCH GmbH"},"image":{"@id":"https:\/\/www.miksch.de\/#\/schema\/logo\/image\/"},"sameAs":["https:\/\/www.facebook.com\/people\/Miksch-GmbH\/100066497170541\/","https:\/\/au.linkedin.com\/company\/miksch-gmbh"]}]}},"_links":{"self":[{"href":"https:\/\/www.miksch.de\/de\/wp-json\/wp\/v2\/product\/3451","targetHints":{"allow":["GET"]}}],"collection":[{"href":"https:\/\/www.miksch.de\/de\/wp-json\/wp\/v2\/product"}],"about":[{"href":"https:\/\/www.miksch.de\/de\/wp-json\/wp\/v2\/types\/product"}],"replies":[{"embeddable":true,"href":"https:\/\/www.miksch.de\/de\/wp-json\/wp\/v2\/comments?post=3451"}],"wp:featuredmedia":[{"embeddable":true,"href":"https:\/\/www.miksch.de\/de\/wp-json\/wp\/v2\/media\/4326"}],"wp:attachment":[{"href":"https:\/\/www.miksch.de\/de\/wp-json\/wp\/v2\/media?parent=3451"}],"wp:term":[{"taxonomy":"product_brand","embeddable":true,"href":"https:\/\/www.miksch.de\/de\/wp-json\/wp\/v2\/product_brand?post=3451"},{"taxonomy":"product_cat","embeddable":true,"href":"https:\/\/www.miksch.de\/de\/wp-json\/wp\/v2\/product_cat?post=3451"}],"curies":[{"name":"wp","href":"https:\/\/api.w.org\/{rel}","templated":true}]}}