{"id":3390,"date":"2024-11-12T15:46:43","date_gmt":"2024-11-12T14:46:43","guid":{"rendered":"https:\/\/www.miksch.de\/?post_type=product&#038;p=3390"},"modified":"2026-02-27T13:44:53","modified_gmt":"2026-02-27T12:44:53","slug":"avo-2-0-absteckvorrichtung","status":"publish","type":"product","link":"https:\/\/www.miksch.de\/de\/produkt\/avo-2-0-absteckvorrichtung\/","title":{"rendered":"AVO 2.0 Absteckvorrichtung f\u00fcr pr\u00e4zise Werkzeugausrichtung"},"content":{"rendered":"<h2><\/h2>\n<h2 class=\"title\" style=\"font-size: 24px;padding: 30px 0px 10px;\">IHRE VORTEILE AUF EINEN BLICK<\/h2>\n<div class=\"responsive-columns\">\n<div>\n<h3 style=\"margin-bottom: 15px;\"><strong>Steigerung der Produktivit\u00e4t<\/strong><\/h3>\n<ul>\n<li><img decoding=\"async\" class=\"alignnone size-full wp-image-3279\" src=\"https:\/\/www.miksch.de\/wp-content\/uploads\/2020\/06\/Frame-116.png\" alt=\"\" width=\"16\" height=\"12\" \/> verk\u00fcrzte Stillstandszeiten<\/li>\n<li><img decoding=\"async\" class=\"alignnone size-full wp-image-3279\" src=\"https:\/\/www.miksch.de\/wp-content\/uploads\/2020\/06\/Frame-116.png\" alt=\"\" width=\"16\" height=\"12\" \/> einfache Handhabung<\/li>\n<li><img decoding=\"async\" class=\"alignnone wp-image-3279\" src=\"https:\/\/www.miksch.de\/wp-content\/uploads\/2020\/06\/Frame-116.png\" alt=\"\" width=\"16\" height=\"12\" \/> genau im Ergebnis<\/li>\n<\/ul>\n<\/div>\n<div>\n<h3 style=\"margin-bottom: 15px;\"><strong>Flexibel in der Anwendung<\/strong><\/h3>\n<ul>\n<li><img decoding=\"async\" class=\"alignnone size-full wp-image-3279\" src=\"https:\/\/www.miksch.de\/wp-content\/uploads\/2020\/06\/Frame-116.png\" alt=\"\" width=\"16\" height=\"12\" \/> gezieltes Ausrichten der Komponenten<\/li>\n<li><img decoding=\"async\" class=\"alignnone size-full wp-image-3279\" src=\"https:\/\/www.miksch.de\/wp-content\/uploads\/2020\/06\/Frame-116.png\" alt=\"\" width=\"16\" height=\"12\" \/> Ermittlung des axialen Abstandes der Anlagefl\u00e4chen<\/li>\n<li><img decoding=\"async\" class=\"alignnone size-full wp-image-3279\" src=\"https:\/\/www.miksch.de\/wp-content\/uploads\/2020\/06\/Frame-116.png\" alt=\"\" width=\"16\" height=\"12\" \/> Ermittlung des Mittenversatzes zur Spindel und zum Magazin<\/li>\n<li><img decoding=\"async\" class=\"alignnone size-full wp-image-3279\" src=\"https:\/\/www.miksch.de\/wp-content\/uploads\/2020\/06\/Frame-116.png\" alt=\"\" width=\"16\" height=\"12\" \/> Bestimmung der Winkellage<br \/>\n(Lage der Nut in der Spindel zur Lage der Nut in der Greiferrille)<\/li>\n<\/ul>\n<\/div>\n<div>\n<h3 style=\"margin-bottom: 15px;\"><strong>Reduzierung der Kosten<\/strong><\/h3>\n<ul>\n<li><img decoding=\"async\" class=\"alignnone size-full wp-image-3279\" src=\"https:\/\/www.miksch.de\/wp-content\/uploads\/2020\/06\/Frame-116.png\" alt=\"\" width=\"16\" height=\"12\" \/> schnell<\/li>\n<li><img decoding=\"async\" class=\"alignnone size-full wp-image-3279\" src=\"https:\/\/www.miksch.de\/wp-content\/uploads\/2020\/06\/Frame-116.png\" alt=\"\" width=\"16\" height=\"12\" \/> pr\u00e4zise<\/li>\n<li><img decoding=\"async\" class=\"alignnone size-full wp-image-3279\" src=\"https:\/\/www.miksch.de\/wp-content\/uploads\/2020\/06\/Frame-116.png\" alt=\"\" width=\"16\" height=\"12\" \/> einfach<\/li>\n<\/ul>\n<\/div>\n<\/div>\n<\/div>\n<h2 class=\"title\" style=\"font-size: 24px;\">TECHNISCHE DATEN<\/h2>\n<table style=\"font-size: 14px !important; line-height: 22px !important;\" border=\"1\">\n<tbody>\n<tr>\n<td style=\"background: #c0c0c0; font-weight: bold; color: #000000;\">Bezeichnung<\/td>\n<td style=\"background: #d8d8d8; color: #000000;\">AVO Absteckvorrichtung<\/td>\n<\/tr>\n<tr>\n<td style=\"background: #cccccc; font-weight: bold; color: #000000;\">Werkzeugaufnahmen<\/td>\n<td style=\"background: #e4e4e4; color: #000000;\">f\u00fcr alle g\u00e4ngigen Werkzeugaufnahmen lieferbar<\/td>\n<\/tr>\n<tr>\n<td style=\"background: #c0c0c0; font-weight: bold; color: #000000;\">Einstellm\u00f6glichkeiten<\/td>\n<td style=\"background: #d8d8d8; color: #000000;\">Konzentrizit\u00e4t + Parallelit\u00e4t + Winkellage<\/td>\n<\/tr>\n<\/tbody>\n<\/table>\n<\/div>\n<\/ul>\n<h2 class=\"title\" style=\"font-size: 24px;\">VIDEOS<\/h2>\n<div class=\"product-video-thumb\"><iframe title=\"V\u00eddeo do produto\" <iframe width=\"560\" height=\"315\" src=\"https:\/\/www.youtube.com\/embed\/Nz9T5a5MrlE?si=QWaDGi46K1MufAb2\" title=\"YouTube video player\" frameborder=\"0\" allow=\"accelerometer; autoplay; clipboard-write; encrypted-media; gyroscope; picture-in-picture; web-share\" referrerpolicy=\"strict-origin-when-cross-origin\" allowfullscreen><\/iframe><\/div>\n","protected":false},"excerpt":{"rendered":"<p>Die <strong>AVO 2.0 Absteckvorrichtung<\/strong> dient der axialen und konzentrischen Ausrichtung (Positionseinstellung) zweier interagierender Maschinenkomponenten.<\/p>\n<p>Anwendungsbereiche und M\u00f6glichkeiten<\/p>\n<p><img decoding=\"async\" class=\"alignnone size-full wp-image-3279\" src=\"https:\/\/www.miksch.de\/wp-content\/uploads\/2020\/06\/Frame-116.png\" alt=\"\" width=\"16\" height=\"12\" \/> Ausrichtung von Werkzeugwechsler mit Greiferarm zu Ketten- oder Scheibenmagazin<\/p>\n<p><img decoding=\"async\" class=\"alignnone size-full wp-image-3279\" src=\"https:\/\/www.miksch.de\/wp-content\/uploads\/2020\/06\/Frame-116.png\" alt=\"\" width=\"16\" height=\"12\" \/> Ausrichtung Ketten- oder Scheibenmagazin zur Werkzeugspindel<\/p>\n<p><img decoding=\"async\" class=\"alignnone size-full wp-image-3279\" src=\"https:\/\/www.miksch.de\/wp-content\/uploads\/2020\/06\/Frame-116.png\" alt=\"\" width=\"16\" height=\"12\" \/> Ausrichtung \u00dcbergabeeinheit oder Schwenkeinheit am Ketten- oder Scheibenmagazin<\/p>\n<p><img decoding=\"async\" class=\"alignnone size-full wp-image-3279\" src=\"https:\/\/www.miksch.de\/wp-content\/uploads\/2020\/06\/Frame-116.png\" alt=\"\" width=\"16\" height=\"12\" \/> Bestimmung der Winkellage (Lage der Nut in der Spindel zur Lage der Nut in der Greiferrille)<\/p>\n<p>Die Ausrichtung erfolgt \u00fcber ein <strong>\u201eTastendes Verfahren\u201c<\/strong>.<br \/>\nSie erhalten ein i.O. oder n.i.O. Ergebnis.<\/p>\n<p>Sie ben\u00f6tigen erste Technische Daten oder Details zu einer AVO 2.0 Absteckvorrichtung? Kein Problem. Lassen Sie uns hierzu eine v\u00f6llig unverbindliche Anfrage zukommen und wir helfen Ihnen gerne weiter.<\/p>\n<p>Erste Informationen zur AVO 2.0 Absteckvorrichtung erhalten Sie unter \u201cDownload\u201d.<\/p>\n<div id=\"linkContainer\">\n<ul>\n<li><a href=\"\/wp-content\/uploads\/2024\/12\/M1327DD2412_Zubehor-Fragebogen.pdf\" target=\"_blank\" rel=\"noopener\">Fragebogen Zubeh\u00f6r<\/a><\/li>\n<\/ul>\n<\/div>\n","protected":false},"featured_media":5019,"comment_status":"closed","ping_status":"closed","template":"","meta":{"_acf_changed":false},"product_brand":[],"product_cat":[84],"class_list":{"0":"post-3390","1":"product","2":"type-product","3":"status-publish","4":"has-post-thumbnail","6":"product_cat-zubehoer","8":"first","9":"instock","10":"shipping-taxable","11":"product-type-external"},"acf":[],"yoast_head":"<!-- This site is optimized with the Yoast SEO plugin v27.3 - https:\/\/yoast.com\/product\/yoast-seo-wordpress\/ -->\n<title>AVO 2.0 Absteckvorrichtung f\u00fcr pr\u00e4zise Werkzeugausrichtung<\/title>\n<meta name=\"description\" content=\"H\u00f6chste Pr\u00e4zision bei der \u00dcbergabe von Werkzeugaufnahmen zwischen Magazin, Werkzeugwechsler und Spindel mit der AVO 2.0 - MIKSCH GmbH\" \/>\n<meta name=\"robots\" content=\"index, follow, max-snippet:-1, max-image-preview:large, max-video-preview:-1\" \/>\n<link rel=\"canonical\" href=\"https:\/\/www.miksch.de\/de\/produkt\/avo-2-0-absteckvorrichtung\/\" \/>\n<meta property=\"og:locale\" content=\"de_DE\" \/>\n<meta property=\"og:type\" content=\"article\" \/>\n<meta property=\"og:title\" content=\"AVO 2.0 Absteckvorrichtung f\u00fcr pr\u00e4zise Werkzeugausrichtung\" \/>\n<meta property=\"og:description\" content=\"H\u00f6chste Pr\u00e4zision bei der \u00dcbergabe von Werkzeugaufnahmen zwischen Magazin, Werkzeugwechsler und Spindel mit der AVO 2.0 - MIKSCH GmbH\" \/>\n<meta property=\"og:url\" content=\"https:\/\/www.miksch.de\/de\/produkt\/avo-2-0-absteckvorrichtung\/\" \/>\n<meta property=\"og:site_name\" content=\"MIKSCH - accelerates\" \/>\n<meta property=\"article:publisher\" content=\"https:\/\/www.facebook.com\/people\/Miksch-GmbH\/100066497170541\/\" \/>\n<meta property=\"article:modified_time\" content=\"2026-02-27T12:44:53+00:00\" \/>\n<meta property=\"og:image\" content=\"https:\/\/www.miksch.de\/wp-content\/uploads\/2024\/11\/werkzeugwechsler-einstellhilfe-absteckvorrichtung-miksch-Vors_weis2.webp\" \/>\n\t<meta property=\"og:image:width\" content=\"350\" \/>\n\t<meta property=\"og:image:height\" content=\"350\" \/>\n\t<meta property=\"og:image:type\" content=\"image\/webp\" \/>\n<meta name=\"twitter:card\" content=\"summary_large_image\" \/>\n<meta name=\"twitter:label1\" content=\"Gesch\u00e4tzte Lesezeit\" \/>\n\t<meta name=\"twitter:data1\" content=\"3\u00a0Minuten\" \/>\n<script type=\"application\/ld+json\" class=\"yoast-schema-graph\">{\"@context\":\"https:\\\/\\\/schema.org\",\"@graph\":[{\"@type\":\"WebPage\",\"@id\":\"https:\\\/\\\/www.miksch.de\\\/produkt\\\/avo-2-0-absteckvorrichtung\\\/\",\"url\":\"https:\\\/\\\/www.miksch.de\\\/produkt\\\/avo-2-0-absteckvorrichtung\\\/\",\"name\":\"AVO 2.0 Absteckvorrichtung f\u00fcr pr\u00e4zise Werkzeugausrichtung\",\"isPartOf\":{\"@id\":\"https:\\\/\\\/www.miksch.de\\\/#website\"},\"primaryImageOfPage\":{\"@id\":\"https:\\\/\\\/www.miksch.de\\\/produkt\\\/avo-2-0-absteckvorrichtung\\\/#primaryimage\"},\"image\":{\"@id\":\"https:\\\/\\\/www.miksch.de\\\/produkt\\\/avo-2-0-absteckvorrichtung\\\/#primaryimage\"},\"thumbnailUrl\":\"https:\\\/\\\/www.miksch.de\\\/wp-content\\\/uploads\\\/2024\\\/11\\\/werkzeugwechsler-einstellhilfe-absteckvorrichtung-miksch-Vors_weis2.webp\",\"datePublished\":\"2024-11-12T14:46:43+00:00\",\"dateModified\":\"2026-02-27T12:44:53+00:00\",\"description\":\"H\u00f6chste Pr\u00e4zision bei der \u00dcbergabe von Werkzeugaufnahmen zwischen Magazin, Werkzeugwechsler und Spindel mit der AVO 2.0 - MIKSCH GmbH\",\"breadcrumb\":{\"@id\":\"https:\\\/\\\/www.miksch.de\\\/produkt\\\/avo-2-0-absteckvorrichtung\\\/#breadcrumb\"},\"inLanguage\":\"de\",\"potentialAction\":[{\"@type\":\"ReadAction\",\"target\":[\"https:\\\/\\\/www.miksch.de\\\/produkt\\\/avo-2-0-absteckvorrichtung\\\/\"]}]},{\"@type\":\"ImageObject\",\"inLanguage\":\"de\",\"@id\":\"https:\\\/\\\/www.miksch.de\\\/produkt\\\/avo-2-0-absteckvorrichtung\\\/#primaryimage\",\"url\":\"https:\\\/\\\/www.miksch.de\\\/wp-content\\\/uploads\\\/2024\\\/11\\\/werkzeugwechsler-einstellhilfe-absteckvorrichtung-miksch-Vors_weis2.webp\",\"contentUrl\":\"https:\\\/\\\/www.miksch.de\\\/wp-content\\\/uploads\\\/2024\\\/11\\\/werkzeugwechsler-einstellhilfe-absteckvorrichtung-miksch-Vors_weis2.webp\",\"width\":350,\"height\":350,\"caption\":\"Absteckvorrichtung als Einstellhilfe f\u00fcr exakte Ausrichtung.\"},{\"@type\":\"BreadcrumbList\",\"@id\":\"https:\\\/\\\/www.miksch.de\\\/produkt\\\/avo-2-0-absteckvorrichtung\\\/#breadcrumb\",\"itemListElement\":[{\"@type\":\"ListItem\",\"position\":1,\"name\":\"Home\",\"item\":\"https:\\\/\\\/www.miksch.de\\\/\"},{\"@type\":\"ListItem\",\"position\":2,\"name\":\"Produkte\",\"item\":\"https:\\\/\\\/www.miksch.de\\\/shop\\\/\"},{\"@type\":\"ListItem\",\"position\":3,\"name\":\"AVO 2.0 Absteckvorrichtung f\u00fcr pr\u00e4zise Werkzeugausrichtung\"}]},{\"@type\":\"WebSite\",\"@id\":\"https:\\\/\\\/www.miksch.de\\\/#website\",\"url\":\"https:\\\/\\\/www.miksch.de\\\/\",\"name\":\"MIKSCH GmbH\",\"description\":\"\",\"publisher\":{\"@id\":\"https:\\\/\\\/www.miksch.de\\\/#organization\"},\"potentialAction\":[{\"@type\":\"SearchAction\",\"target\":{\"@type\":\"EntryPoint\",\"urlTemplate\":\"https:\\\/\\\/www.miksch.de\\\/?s={search_term_string}\"},\"query-input\":{\"@type\":\"PropertyValueSpecification\",\"valueRequired\":true,\"valueName\":\"search_term_string\"}}],\"inLanguage\":\"de\"},{\"@type\":\"Organization\",\"@id\":\"https:\\\/\\\/www.miksch.de\\\/#organization\",\"name\":\"MIKSCH GmbH\",\"url\":\"https:\\\/\\\/www.miksch.de\\\/\",\"logo\":{\"@type\":\"ImageObject\",\"inLanguage\":\"de\",\"@id\":\"https:\\\/\\\/www.miksch.de\\\/#\\\/schema\\\/logo\\\/image\\\/\",\"url\":\"https:\\\/\\\/www.miksch.de\\\/wp-content\\\/uploads\\\/2024\\\/11\\\/gcOnlineDirectory-5-2.png\",\"contentUrl\":\"https:\\\/\\\/www.miksch.de\\\/wp-content\\\/uploads\\\/2024\\\/11\\\/gcOnlineDirectory-5-2.png\",\"width\":227,\"height\":48,\"caption\":\"MIKSCH GmbH\"},\"image\":{\"@id\":\"https:\\\/\\\/www.miksch.de\\\/#\\\/schema\\\/logo\\\/image\\\/\"},\"sameAs\":[\"https:\\\/\\\/www.facebook.com\\\/people\\\/Miksch-GmbH\\\/100066497170541\\\/\",\"https:\\\/\\\/au.linkedin.com\\\/company\\\/miksch-gmbh\"]}]}<\/script>\n<!-- \/ Yoast SEO plugin. -->","yoast_head_json":{"title":"AVO 2.0 Absteckvorrichtung f\u00fcr pr\u00e4zise Werkzeugausrichtung","description":"H\u00f6chste Pr\u00e4zision bei der \u00dcbergabe von Werkzeugaufnahmen zwischen Magazin, Werkzeugwechsler und Spindel mit der AVO 2.0 - MIKSCH GmbH","robots":{"index":"index","follow":"follow","max-snippet":"max-snippet:-1","max-image-preview":"max-image-preview:large","max-video-preview":"max-video-preview:-1"},"canonical":"https:\/\/www.miksch.de\/de\/produkt\/avo-2-0-absteckvorrichtung\/","og_locale":"de_DE","og_type":"article","og_title":"AVO 2.0 Absteckvorrichtung f\u00fcr pr\u00e4zise Werkzeugausrichtung","og_description":"H\u00f6chste Pr\u00e4zision bei der \u00dcbergabe von Werkzeugaufnahmen zwischen Magazin, Werkzeugwechsler und Spindel mit der AVO 2.0 - MIKSCH GmbH","og_url":"https:\/\/www.miksch.de\/de\/produkt\/avo-2-0-absteckvorrichtung\/","og_site_name":"MIKSCH - accelerates","article_publisher":"https:\/\/www.facebook.com\/people\/Miksch-GmbH\/100066497170541\/","article_modified_time":"2026-02-27T12:44:53+00:00","og_image":[{"width":350,"height":350,"url":"https:\/\/www.miksch.de\/wp-content\/uploads\/2024\/11\/werkzeugwechsler-einstellhilfe-absteckvorrichtung-miksch-Vors_weis2.webp","type":"image\/webp"}],"twitter_card":"summary_large_image","twitter_misc":{"Gesch\u00e4tzte Lesezeit":"3\u00a0Minuten"},"schema":{"@context":"https:\/\/schema.org","@graph":[{"@type":"WebPage","@id":"https:\/\/www.miksch.de\/produkt\/avo-2-0-absteckvorrichtung\/","url":"https:\/\/www.miksch.de\/produkt\/avo-2-0-absteckvorrichtung\/","name":"AVO 2.0 Absteckvorrichtung f\u00fcr pr\u00e4zise Werkzeugausrichtung","isPartOf":{"@id":"https:\/\/www.miksch.de\/#website"},"primaryImageOfPage":{"@id":"https:\/\/www.miksch.de\/produkt\/avo-2-0-absteckvorrichtung\/#primaryimage"},"image":{"@id":"https:\/\/www.miksch.de\/produkt\/avo-2-0-absteckvorrichtung\/#primaryimage"},"thumbnailUrl":"https:\/\/www.miksch.de\/wp-content\/uploads\/2024\/11\/werkzeugwechsler-einstellhilfe-absteckvorrichtung-miksch-Vors_weis2.webp","datePublished":"2024-11-12T14:46:43+00:00","dateModified":"2026-02-27T12:44:53+00:00","description":"H\u00f6chste Pr\u00e4zision bei der \u00dcbergabe von Werkzeugaufnahmen zwischen Magazin, Werkzeugwechsler und Spindel mit der AVO 2.0 - MIKSCH GmbH","breadcrumb":{"@id":"https:\/\/www.miksch.de\/produkt\/avo-2-0-absteckvorrichtung\/#breadcrumb"},"inLanguage":"de","potentialAction":[{"@type":"ReadAction","target":["https:\/\/www.miksch.de\/produkt\/avo-2-0-absteckvorrichtung\/"]}]},{"@type":"ImageObject","inLanguage":"de","@id":"https:\/\/www.miksch.de\/produkt\/avo-2-0-absteckvorrichtung\/#primaryimage","url":"https:\/\/www.miksch.de\/wp-content\/uploads\/2024\/11\/werkzeugwechsler-einstellhilfe-absteckvorrichtung-miksch-Vors_weis2.webp","contentUrl":"https:\/\/www.miksch.de\/wp-content\/uploads\/2024\/11\/werkzeugwechsler-einstellhilfe-absteckvorrichtung-miksch-Vors_weis2.webp","width":350,"height":350,"caption":"Absteckvorrichtung als Einstellhilfe f\u00fcr exakte Ausrichtung."},{"@type":"BreadcrumbList","@id":"https:\/\/www.miksch.de\/produkt\/avo-2-0-absteckvorrichtung\/#breadcrumb","itemListElement":[{"@type":"ListItem","position":1,"name":"Home","item":"https:\/\/www.miksch.de\/"},{"@type":"ListItem","position":2,"name":"Produkte","item":"https:\/\/www.miksch.de\/shop\/"},{"@type":"ListItem","position":3,"name":"AVO 2.0 Absteckvorrichtung f\u00fcr pr\u00e4zise Werkzeugausrichtung"}]},{"@type":"WebSite","@id":"https:\/\/www.miksch.de\/#website","url":"https:\/\/www.miksch.de\/","name":"MIKSCH GmbH","description":"","publisher":{"@id":"https:\/\/www.miksch.de\/#organization"},"potentialAction":[{"@type":"SearchAction","target":{"@type":"EntryPoint","urlTemplate":"https:\/\/www.miksch.de\/?s={search_term_string}"},"query-input":{"@type":"PropertyValueSpecification","valueRequired":true,"valueName":"search_term_string"}}],"inLanguage":"de"},{"@type":"Organization","@id":"https:\/\/www.miksch.de\/#organization","name":"MIKSCH GmbH","url":"https:\/\/www.miksch.de\/","logo":{"@type":"ImageObject","inLanguage":"de","@id":"https:\/\/www.miksch.de\/#\/schema\/logo\/image\/","url":"https:\/\/www.miksch.de\/wp-content\/uploads\/2024\/11\/gcOnlineDirectory-5-2.png","contentUrl":"https:\/\/www.miksch.de\/wp-content\/uploads\/2024\/11\/gcOnlineDirectory-5-2.png","width":227,"height":48,"caption":"MIKSCH GmbH"},"image":{"@id":"https:\/\/www.miksch.de\/#\/schema\/logo\/image\/"},"sameAs":["https:\/\/www.facebook.com\/people\/Miksch-GmbH\/100066497170541\/","https:\/\/au.linkedin.com\/company\/miksch-gmbh"]}]}},"_links":{"self":[{"href":"https:\/\/www.miksch.de\/de\/wp-json\/wp\/v2\/product\/3390","targetHints":{"allow":["GET"]}}],"collection":[{"href":"https:\/\/www.miksch.de\/de\/wp-json\/wp\/v2\/product"}],"about":[{"href":"https:\/\/www.miksch.de\/de\/wp-json\/wp\/v2\/types\/product"}],"replies":[{"embeddable":true,"href":"https:\/\/www.miksch.de\/de\/wp-json\/wp\/v2\/comments?post=3390"}],"wp:featuredmedia":[{"embeddable":true,"href":"https:\/\/www.miksch.de\/de\/wp-json\/wp\/v2\/media\/5019"}],"wp:attachment":[{"href":"https:\/\/www.miksch.de\/de\/wp-json\/wp\/v2\/media?parent=3390"}],"wp:term":[{"taxonomy":"product_brand","embeddable":true,"href":"https:\/\/www.miksch.de\/de\/wp-json\/wp\/v2\/product_brand?post=3390"},{"taxonomy":"product_cat","embeddable":true,"href":"https:\/\/www.miksch.de\/de\/wp-json\/wp\/v2\/product_cat?post=3390"}],"curies":[{"name":"wp","href":"https:\/\/api.w.org\/{rel}","templated":true}]}}