{"id":3387,"date":"2024-11-12T15:31:10","date_gmt":"2024-11-12T14:31:10","guid":{"rendered":"https:\/\/www.miksch.de\/?post_type=product&#038;p=3387"},"modified":"2026-03-23T11:27:20","modified_gmt":"2026-03-23T10:27:20","slug":"zubehoer","status":"publish","type":"product","link":"https:\/\/www.miksch.de\/de\/produkt\/zubehoer\/","title":{"rendered":"Zubeh\u00f6r f\u00fcr Werkzeugwechselsysteme"},"content":{"rendered":"<div>\n<h2 class=\"title\" style=\"font-size: 24px; padding: 30px 0px 10px;\">IHRE VORTEILE AUF EINEN BLICK<\/h2>\n<div class=\"responsive-columns\">\n<div>\n<h3 style=\"margin-bottom: 15px;\"><strong>Steigerung der Produktivit\u00e4t<\/strong><\/h3>\n<ul>\n<li><img decoding=\"async\" class=\"alignnone size-full wp-image-3279\" src=\"https:\/\/www.miksch.de\/wp-content\/uploads\/2020\/06\/Frame-116.png\" alt=\"\" width=\"16\" height=\"12\" \/> verk\u00fcrzte Stillstandszeiten<\/li>\n<li><img decoding=\"async\" class=\"alignnone size-full wp-image-3279\" src=\"https:\/\/www.miksch.de\/wp-content\/uploads\/2020\/06\/Frame-116.png\" alt=\"\" width=\"16\" height=\"12\" \/> einfache Handhabung<\/li>\n<li><img decoding=\"async\" class=\"alignnone wp-image-3279\" src=\"https:\/\/www.miksch.de\/wp-content\/uploads\/2020\/06\/Frame-116.png\" alt=\"\" width=\"16\" height=\"12\" \/> genau im Ergebnis<\/li>\n<\/ul>\n<\/div>\n<div>\n<h3 style=\"margin-bottom: 15px;\"><strong>Flexibel in der Anwendung<\/strong><\/h3>\n<ul>\n<li><img decoding=\"async\" class=\"alignnone size-full wp-image-3279\" src=\"https:\/\/www.miksch.de\/wp-content\/uploads\/2020\/06\/Frame-116.png\" alt=\"\" width=\"16\" height=\"12\" \/> gezieltes Ausrichten der Komponenten<\/li>\n<li><img decoding=\"async\" class=\"alignnone size-full wp-image-3279\" src=\"https:\/\/www.miksch.de\/wp-content\/uploads\/2020\/06\/Frame-116.png\" alt=\"\" width=\"16\" height=\"12\" \/> Bestimmung der Drehlage<\/li>\n<li><img decoding=\"async\" class=\"alignnone size-full wp-image-3279\" src=\"https:\/\/www.miksch.de\/wp-content\/uploads\/2020\/06\/Frame-116.png\" alt=\"\" width=\"16\" height=\"12\" \/> Ermittlung der Korrekturrichtung<\/li>\n<\/ul>\n<\/div>\n<div>\n<h3 style=\"margin-bottom: 15px;\"><strong>Reduzierung der Kosten<\/strong><\/h3>\n<ul>\n<li><img decoding=\"async\" class=\"alignnone size-full wp-image-3279\" src=\"https:\/\/www.miksch.de\/wp-content\/uploads\/2020\/06\/Frame-116.png\" alt=\"\" width=\"16\" height=\"12\" \/> schnell<\/li>\n<li><img decoding=\"async\" class=\"alignnone size-full wp-image-3279\" src=\"https:\/\/www.miksch.de\/wp-content\/uploads\/2020\/06\/Frame-116.png\" alt=\"\" width=\"16\" height=\"12\" \/> pr\u00e4zise<\/li>\n<li><img decoding=\"async\" class=\"alignnone size-full wp-image-3279\" src=\"https:\/\/www.miksch.de\/wp-content\/uploads\/2020\/06\/Frame-116.png\" alt=\"\" width=\"16\" height=\"12\" \/> einfach<\/li>\n<\/ul>\n<\/div>\n<\/div>\n<h2 class=\"title\" style=\"font-size: 24px;\">VIDEOS<\/h2>\n<div class=\"product-video-thumb\">\n<p><iframe title=\"YouTube video player\" src=\"https:\/\/www.youtube.com\/embed\/9cDHhENmXUk?si=dY-rv8htAQxBw2AZ\" width=\"560\" height=\"315\" frameborder=\"0\" allowfullscreen=\"allowfullscreen\"><\/iframe><\/p>\n<\/div>\n<h4 class=\"title\" style=\"font-size: 24px;\">UNSERE ABSTECKVORRICHTUNGEN IM \u00dcBERBLICK<\/h4>\n<div class=\"responsive-columns\">\n<div class=\"responsive-columns\">\n<div><\/div>\n<\/div>\n<\/div>\n<\/div>\n","protected":false},"excerpt":{"rendered":"<pre style=\"text-align: right;\"><strong><em>Einfach - Einzigartig - Gut<\/em><\/strong><\/pre>\n<p>Die <strong>MIKSCH Absteckvorrichtungen<\/strong> dienen der axialen und konzentrischen Ausrichtung (Positionseinstellung) zweier interagierender Maschinenkomponenten wie z.B.:<\/p>\n<p><img decoding=\"async\" class=\"alignnone size-full wp-image-3279\" src=\"https:\/\/www.miksch.de\/wp-content\/uploads\/2020\/06\/Frame-116.png\" alt=\"\" width=\"16\" height=\"12\" \/> Werkzeugwechsler zur Spindel<\/p>\n<p><img decoding=\"async\" class=\"alignnone size-full wp-image-3279\" src=\"https:\/\/www.miksch.de\/wp-content\/uploads\/2020\/06\/Frame-116.png\" alt=\"\" width=\"16\" height=\"12\" \/> Werkzeugmagazin zur Spindel<\/p>\n<p><img decoding=\"async\" class=\"alignnone size-full wp-image-3279\" src=\"https:\/\/www.miksch.de\/wp-content\/uploads\/2020\/06\/Frame-116.png\" alt=\"\" width=\"16\" height=\"12\" \/> \u00dcbergabeeinheit oder Schwenkeinheit zum Werkzeugmagazin<\/p>\n<p><strong>Dabei wird zwischen zwei Verfahren unterschieden:<br \/>\n<\/strong>Beim <strong>\u201cMessenden Verfahren\u201d<\/strong> erhalten Sie ein exaktes Messergebnis. Die Ermittlung des Messergebnisses erfolgt \u00fcber das <a href=\"https:\/\/www.miksch.de\/de\/produkt\/sett-setup-tool\/\" target=\"_blank\" rel=\"noopener\"><strong>MIKSCH SETT setup tool<\/strong><\/a>.<\/p>\n<p>Beim <strong>\u201cTastenden Verfahren\u201d<\/strong> erhalten Sie ein i.O. oder n.i.O. Ergebnis. Die Ermittlung des Ergebnisses kann \u00fcber die <a href=\"https:\/\/www.miksch.de\/de\/produkt\/avo-absteckvorrichtung\/\" target=\"_blank\" rel=\"noopener\"><strong>MIKSCH AVO Abstevorrichtung<\/strong><\/a> oder \u00fcber die <a href=\"https:\/\/www.miksch.de\/de\/produkt\/avo-2-0-absteckvorrichtung\/\" target=\"_blank\" rel=\"noopener\"><strong>MIKSCH AVO 2.0 Absteckvorrichtung<\/strong><\/a> erfolgen. Bei der <a href=\"https:\/\/www.miksch.de\/de\/produkt\/avo-2-0-absteckvorrichtung\/\" target=\"_blank\" rel=\"noopener\"><strong>MIKSCH AVO 2.0 Absteckvorrichtung<\/strong><\/a> l\u00e4sst sich zus\u00e4tzlich noch die <strong>Winkellage<\/strong> bestimmen.<\/p>\n<p>Sie ben\u00f6tigen erste Technische Daten oder Details zu einem Zubeh\u00f6r? Kein Problem. Lassen Sie uns hierzu eine v\u00f6llig unverbindliche Anfrage zukommen und wir helfen Ihnen gerne weiter.<\/p>\n<p>Unter \u201eDownload\u201c finden Sie unseren technischen Fragebogen, damit wir Ihre Anfrage konkret auslegen k\u00f6nnen.<\/p>\n<div id=\"linkContainer\">\n<ul>\n<li><a href=\"#\" target=\"_blank\" rel=\"noopener\">Fragebogen Zubeh\u00f6r<\/a><\/li>\n<\/ul>\n<\/div>\n","protected":false},"featured_media":4332,"comment_status":"closed","ping_status":"closed","template":"","meta":{"_acf_changed":false},"product_brand":[],"product_cat":[80],"class_list":{"0":"post-3387","1":"product","2":"type-product","3":"status-publish","4":"has-post-thumbnail","6":"product_cat-werkzeugwechsler-fuer-ihre-produktion-miksch-gmbh","8":"first","9":"instock","10":"shipping-taxable","11":"product-type-external"},"acf":[],"yoast_head":"<!-- This site is optimized with the Yoast SEO plugin v27.3 - https:\/\/yoast.com\/product\/yoast-seo-wordpress\/ -->\n<title>Zubeh\u00f6r f\u00fcr Werkzweugwechselsysteme &amp; Werkzeugwechsler<\/title>\n<meta name=\"description\" content=\"Hochwertiges Zubeh\u00f6r f\u00fcr Werkzeugwechselsysteme und Werkzeugwechsler. Passende Komponenten und Ersatzteile f\u00fcr maximale Effizienz.\" \/>\n<meta name=\"robots\" content=\"index, follow, max-snippet:-1, max-image-preview:large, max-video-preview:-1\" \/>\n<link rel=\"canonical\" href=\"https:\/\/www.miksch.de\/de\/produkt\/zubehoer\/\" \/>\n<meta property=\"og:locale\" content=\"de_DE\" \/>\n<meta property=\"og:type\" content=\"article\" \/>\n<meta property=\"og:title\" content=\"Zubeh\u00f6r f\u00fcr Werkzweugwechselsysteme &amp; Werkzeugwechsler\" \/>\n<meta property=\"og:description\" content=\"Hochwertiges Zubeh\u00f6r f\u00fcr Werkzeugwechselsysteme und Werkzeugwechsler. Passende Komponenten und Ersatzteile f\u00fcr maximale Effizienz.\" \/>\n<meta property=\"og:url\" content=\"https:\/\/www.miksch.de\/de\/produkt\/zubehoer\/\" \/>\n<meta property=\"og:site_name\" content=\"MIKSCH - accelerates\" \/>\n<meta property=\"article:publisher\" content=\"https:\/\/www.facebook.com\/people\/Miksch-GmbH\/100066497170541\/\" \/>\n<meta property=\"article:modified_time\" content=\"2026-03-23T10:27:20+00:00\" \/>\n<meta property=\"og:image\" content=\"https:\/\/www.miksch.de\/wp-content\/uploads\/2025\/01\/werkzeugwechsler-einstellhilfe-absteckvorrichtung-setup-miksch-Vors.webp\" \/>\n\t<meta property=\"og:image:width\" content=\"350\" \/>\n\t<meta property=\"og:image:height\" content=\"350\" \/>\n\t<meta property=\"og:image:type\" content=\"image\/webp\" \/>\n<meta name=\"twitter:card\" content=\"summary_large_image\" \/>\n<meta name=\"twitter:label1\" content=\"Gesch\u00e4tzte Lesezeit\" \/>\n\t<meta name=\"twitter:data1\" content=\"3\u00a0Minuten\" \/>\n<script type=\"application\/ld+json\" class=\"yoast-schema-graph\">{\"@context\":\"https:\\\/\\\/schema.org\",\"@graph\":[{\"@type\":\"WebPage\",\"@id\":\"https:\\\/\\\/www.miksch.de\\\/produkt\\\/zubehoer\\\/\",\"url\":\"https:\\\/\\\/www.miksch.de\\\/produkt\\\/zubehoer\\\/\",\"name\":\"Zubeh\u00f6r f\u00fcr Werkzweugwechselsysteme & Werkzeugwechsler\",\"isPartOf\":{\"@id\":\"https:\\\/\\\/www.miksch.de\\\/#website\"},\"primaryImageOfPage\":{\"@id\":\"https:\\\/\\\/www.miksch.de\\\/produkt\\\/zubehoer\\\/#primaryimage\"},\"image\":{\"@id\":\"https:\\\/\\\/www.miksch.de\\\/produkt\\\/zubehoer\\\/#primaryimage\"},\"thumbnailUrl\":\"https:\\\/\\\/www.miksch.de\\\/wp-content\\\/uploads\\\/2025\\\/01\\\/werkzeugwechsler-einstellhilfe-absteckvorrichtung-setup-miksch-Vors.webp\",\"datePublished\":\"2024-11-12T14:31:10+00:00\",\"dateModified\":\"2026-03-23T10:27:20+00:00\",\"description\":\"Hochwertiges Zubeh\u00f6r f\u00fcr Werkzeugwechselsysteme und Werkzeugwechsler. Passende Komponenten und Ersatzteile f\u00fcr maximale Effizienz.\",\"breadcrumb\":{\"@id\":\"https:\\\/\\\/www.miksch.de\\\/produkt\\\/zubehoer\\\/#breadcrumb\"},\"inLanguage\":\"de\",\"potentialAction\":[{\"@type\":\"ReadAction\",\"target\":[\"https:\\\/\\\/www.miksch.de\\\/produkt\\\/zubehoer\\\/\"]}]},{\"@type\":\"ImageObject\",\"inLanguage\":\"de\",\"@id\":\"https:\\\/\\\/www.miksch.de\\\/produkt\\\/zubehoer\\\/#primaryimage\",\"url\":\"https:\\\/\\\/www.miksch.de\\\/wp-content\\\/uploads\\\/2025\\\/01\\\/werkzeugwechsler-einstellhilfe-absteckvorrichtung-setup-miksch-Vors.webp\",\"contentUrl\":\"https:\\\/\\\/www.miksch.de\\\/wp-content\\\/uploads\\\/2025\\\/01\\\/werkzeugwechsler-einstellhilfe-absteckvorrichtung-setup-miksch-Vors.webp\",\"width\":350,\"height\":350,\"caption\":\"Werkzeugmagazin wird mit einer Absteckvorrichtung exakt ausgerichtet.\"},{\"@type\":\"BreadcrumbList\",\"@id\":\"https:\\\/\\\/www.miksch.de\\\/produkt\\\/zubehoer\\\/#breadcrumb\",\"itemListElement\":[{\"@type\":\"ListItem\",\"position\":1,\"name\":\"Home\",\"item\":\"https:\\\/\\\/www.miksch.de\\\/\"},{\"@type\":\"ListItem\",\"position\":2,\"name\":\"Produkte\",\"item\":\"https:\\\/\\\/www.miksch.de\\\/shop\\\/\"},{\"@type\":\"ListItem\",\"position\":3,\"name\":\"Zubeh\u00f6r f\u00fcr Werkzeugwechselsysteme\"}]},{\"@type\":\"WebSite\",\"@id\":\"https:\\\/\\\/www.miksch.de\\\/#website\",\"url\":\"https:\\\/\\\/www.miksch.de\\\/\",\"name\":\"MIKSCH GmbH\",\"description\":\"\",\"publisher\":{\"@id\":\"https:\\\/\\\/www.miksch.de\\\/#organization\"},\"potentialAction\":[{\"@type\":\"SearchAction\",\"target\":{\"@type\":\"EntryPoint\",\"urlTemplate\":\"https:\\\/\\\/www.miksch.de\\\/?s={search_term_string}\"},\"query-input\":{\"@type\":\"PropertyValueSpecification\",\"valueRequired\":true,\"valueName\":\"search_term_string\"}}],\"inLanguage\":\"de\"},{\"@type\":\"Organization\",\"@id\":\"https:\\\/\\\/www.miksch.de\\\/#organization\",\"name\":\"MIKSCH GmbH\",\"url\":\"https:\\\/\\\/www.miksch.de\\\/\",\"logo\":{\"@type\":\"ImageObject\",\"inLanguage\":\"de\",\"@id\":\"https:\\\/\\\/www.miksch.de\\\/#\\\/schema\\\/logo\\\/image\\\/\",\"url\":\"https:\\\/\\\/www.miksch.de\\\/wp-content\\\/uploads\\\/2024\\\/11\\\/gcOnlineDirectory-5-2.png\",\"contentUrl\":\"https:\\\/\\\/www.miksch.de\\\/wp-content\\\/uploads\\\/2024\\\/11\\\/gcOnlineDirectory-5-2.png\",\"width\":227,\"height\":48,\"caption\":\"MIKSCH GmbH\"},\"image\":{\"@id\":\"https:\\\/\\\/www.miksch.de\\\/#\\\/schema\\\/logo\\\/image\\\/\"},\"sameAs\":[\"https:\\\/\\\/www.facebook.com\\\/people\\\/Miksch-GmbH\\\/100066497170541\\\/\",\"https:\\\/\\\/au.linkedin.com\\\/company\\\/miksch-gmbh\"]}]}<\/script>\n<!-- \/ Yoast SEO plugin. -->","yoast_head_json":{"title":"Zubeh\u00f6r f\u00fcr Werkzweugwechselsysteme & Werkzeugwechsler","description":"Hochwertiges Zubeh\u00f6r f\u00fcr Werkzeugwechselsysteme und Werkzeugwechsler. Passende Komponenten und Ersatzteile f\u00fcr maximale Effizienz.","robots":{"index":"index","follow":"follow","max-snippet":"max-snippet:-1","max-image-preview":"max-image-preview:large","max-video-preview":"max-video-preview:-1"},"canonical":"https:\/\/www.miksch.de\/de\/produkt\/zubehoer\/","og_locale":"de_DE","og_type":"article","og_title":"Zubeh\u00f6r f\u00fcr Werkzweugwechselsysteme & Werkzeugwechsler","og_description":"Hochwertiges Zubeh\u00f6r f\u00fcr Werkzeugwechselsysteme und Werkzeugwechsler. Passende Komponenten und Ersatzteile f\u00fcr maximale Effizienz.","og_url":"https:\/\/www.miksch.de\/de\/produkt\/zubehoer\/","og_site_name":"MIKSCH - accelerates","article_publisher":"https:\/\/www.facebook.com\/people\/Miksch-GmbH\/100066497170541\/","article_modified_time":"2026-03-23T10:27:20+00:00","og_image":[{"width":350,"height":350,"url":"https:\/\/www.miksch.de\/wp-content\/uploads\/2025\/01\/werkzeugwechsler-einstellhilfe-absteckvorrichtung-setup-miksch-Vors.webp","type":"image\/webp"}],"twitter_card":"summary_large_image","twitter_misc":{"Gesch\u00e4tzte Lesezeit":"3\u00a0Minuten"},"schema":{"@context":"https:\/\/schema.org","@graph":[{"@type":"WebPage","@id":"https:\/\/www.miksch.de\/produkt\/zubehoer\/","url":"https:\/\/www.miksch.de\/produkt\/zubehoer\/","name":"Zubeh\u00f6r f\u00fcr Werkzweugwechselsysteme & Werkzeugwechsler","isPartOf":{"@id":"https:\/\/www.miksch.de\/#website"},"primaryImageOfPage":{"@id":"https:\/\/www.miksch.de\/produkt\/zubehoer\/#primaryimage"},"image":{"@id":"https:\/\/www.miksch.de\/produkt\/zubehoer\/#primaryimage"},"thumbnailUrl":"https:\/\/www.miksch.de\/wp-content\/uploads\/2025\/01\/werkzeugwechsler-einstellhilfe-absteckvorrichtung-setup-miksch-Vors.webp","datePublished":"2024-11-12T14:31:10+00:00","dateModified":"2026-03-23T10:27:20+00:00","description":"Hochwertiges Zubeh\u00f6r f\u00fcr Werkzeugwechselsysteme und Werkzeugwechsler. Passende Komponenten und Ersatzteile f\u00fcr maximale Effizienz.","breadcrumb":{"@id":"https:\/\/www.miksch.de\/produkt\/zubehoer\/#breadcrumb"},"inLanguage":"de","potentialAction":[{"@type":"ReadAction","target":["https:\/\/www.miksch.de\/produkt\/zubehoer\/"]}]},{"@type":"ImageObject","inLanguage":"de","@id":"https:\/\/www.miksch.de\/produkt\/zubehoer\/#primaryimage","url":"https:\/\/www.miksch.de\/wp-content\/uploads\/2025\/01\/werkzeugwechsler-einstellhilfe-absteckvorrichtung-setup-miksch-Vors.webp","contentUrl":"https:\/\/www.miksch.de\/wp-content\/uploads\/2025\/01\/werkzeugwechsler-einstellhilfe-absteckvorrichtung-setup-miksch-Vors.webp","width":350,"height":350,"caption":"Werkzeugmagazin wird mit einer Absteckvorrichtung exakt ausgerichtet."},{"@type":"BreadcrumbList","@id":"https:\/\/www.miksch.de\/produkt\/zubehoer\/#breadcrumb","itemListElement":[{"@type":"ListItem","position":1,"name":"Home","item":"https:\/\/www.miksch.de\/"},{"@type":"ListItem","position":2,"name":"Produkte","item":"https:\/\/www.miksch.de\/shop\/"},{"@type":"ListItem","position":3,"name":"Zubeh\u00f6r f\u00fcr Werkzeugwechselsysteme"}]},{"@type":"WebSite","@id":"https:\/\/www.miksch.de\/#website","url":"https:\/\/www.miksch.de\/","name":"MIKSCH GmbH","description":"","publisher":{"@id":"https:\/\/www.miksch.de\/#organization"},"potentialAction":[{"@type":"SearchAction","target":{"@type":"EntryPoint","urlTemplate":"https:\/\/www.miksch.de\/?s={search_term_string}"},"query-input":{"@type":"PropertyValueSpecification","valueRequired":true,"valueName":"search_term_string"}}],"inLanguage":"de"},{"@type":"Organization","@id":"https:\/\/www.miksch.de\/#organization","name":"MIKSCH GmbH","url":"https:\/\/www.miksch.de\/","logo":{"@type":"ImageObject","inLanguage":"de","@id":"https:\/\/www.miksch.de\/#\/schema\/logo\/image\/","url":"https:\/\/www.miksch.de\/wp-content\/uploads\/2024\/11\/gcOnlineDirectory-5-2.png","contentUrl":"https:\/\/www.miksch.de\/wp-content\/uploads\/2024\/11\/gcOnlineDirectory-5-2.png","width":227,"height":48,"caption":"MIKSCH GmbH"},"image":{"@id":"https:\/\/www.miksch.de\/#\/schema\/logo\/image\/"},"sameAs":["https:\/\/www.facebook.com\/people\/Miksch-GmbH\/100066497170541\/","https:\/\/au.linkedin.com\/company\/miksch-gmbh"]}]}},"_links":{"self":[{"href":"https:\/\/www.miksch.de\/de\/wp-json\/wp\/v2\/product\/3387","targetHints":{"allow":["GET"]}}],"collection":[{"href":"https:\/\/www.miksch.de\/de\/wp-json\/wp\/v2\/product"}],"about":[{"href":"https:\/\/www.miksch.de\/de\/wp-json\/wp\/v2\/types\/product"}],"replies":[{"embeddable":true,"href":"https:\/\/www.miksch.de\/de\/wp-json\/wp\/v2\/comments?post=3387"}],"wp:featuredmedia":[{"embeddable":true,"href":"https:\/\/www.miksch.de\/de\/wp-json\/wp\/v2\/media\/4332"}],"wp:attachment":[{"href":"https:\/\/www.miksch.de\/de\/wp-json\/wp\/v2\/media?parent=3387"}],"wp:term":[{"taxonomy":"product_brand","embeddable":true,"href":"https:\/\/www.miksch.de\/de\/wp-json\/wp\/v2\/product_brand?post=3387"},{"taxonomy":"product_cat","embeddable":true,"href":"https:\/\/www.miksch.de\/de\/wp-json\/wp\/v2\/product_cat?post=3387"}],"curies":[{"name":"wp","href":"https:\/\/api.w.org\/{rel}","templated":true}]}}