{"id":3383,"date":"2024-11-12T15:18:32","date_gmt":"2024-11-12T14:18:32","guid":{"rendered":"https:\/\/www.miksch.de\/?post_type=product&#038;p=3383"},"modified":"2026-03-30T09:52:11","modified_gmt":"2026-03-30T08:52:11","slug":"kurvengetriebe-fuer-spezifische-bewegungsablaeufe","status":"publish","type":"product","link":"https:\/\/www.miksch.de\/de\/produkt\/kurvengetriebe-fuer-spezifische-bewegungsablaeufe\/","title":{"rendered":"Kurvengetriebe f\u00fcr spezifische L\u00f6sungen"},"content":{"rendered":"<div>\n<h2 class=\"title\" style=\"font-size: 24px; padding: 30px 0px 10px;\">IHRE VORTEILE AUF EINEN BLICK<\/h2>\n<div class=\"responsive-columns\">\n<div>\n<ul>\n<li><img decoding=\"async\" class=\"alignnone size-full wp-image-3279\" src=\"https:\/\/www.miksch.de\/wp-content\/uploads\/2020\/06\/Frame-116.png\" alt=\"\" width=\"16\" height=\"12\" \/> ger\u00e4uscharm<\/li>\n<li><img decoding=\"async\" class=\"alignnone size-full wp-image-3279\" src=\"https:\/\/www.miksch.de\/wp-content\/uploads\/2020\/06\/Frame-116.png\" alt=\"\" width=\"16\" height=\"12\" \/> formschl\u00fcssig<\/li>\n<li><img decoding=\"async\" class=\"alignnone wp-image-3279\" src=\"https:\/\/www.miksch.de\/wp-content\/uploads\/2020\/06\/Frame-116.png\" alt=\"\" width=\"16\" height=\"12\" \/> kurze Schaltzeiten<\/li>\n<li><img decoding=\"async\" class=\"alignnone size-full wp-image-3279\" src=\"https:\/\/www.miksch.de\/wp-content\/uploads\/2020\/06\/Frame-116.png\" alt=\"\" width=\"16\" height=\"12\" \/> harmonischer Bewegungsablauf<\/li>\n<\/ul>\n<\/div>\n<div>\n<ul>\n<li><img decoding=\"async\" class=\"alignnone size-full wp-image-3279\" src=\"https:\/\/www.miksch.de\/wp-content\/uploads\/2020\/06\/Frame-116.png\" alt=\"\" width=\"16\" height=\"12\" \/> beliebige Einbaulage<\/li>\n<li><img decoding=\"async\" class=\"alignnone size-full wp-image-3279\" src=\"https:\/\/www.miksch.de\/wp-content\/uploads\/2020\/06\/Frame-116.png\" alt=\"\" width=\"16\" height=\"12\" \/> keine zus\u00e4tzliche Indexierung erforderlich<\/li>\n<li><img decoding=\"async\" class=\"alignnone size-full wp-image-3279\" src=\"https:\/\/www.miksch.de\/wp-content\/uploads\/2020\/06\/Frame-116.png\" alt=\"\" width=\"16\" height=\"12\" \/> direkter Anbau des Untersetzungsgetriebes am Geh\u00e4use<\/li>\n<\/ul>\n<\/div>\n<div>\n<ul>\n<li><img decoding=\"async\" class=\"alignnone size-full wp-image-3279\" src=\"https:\/\/www.miksch.de\/wp-content\/uploads\/2020\/06\/Frame-116.png\" alt=\"\" width=\"16\" height=\"12\" \/> kompaktes Geh\u00e4use<\/li>\n<li><img decoding=\"async\" class=\"alignnone size-full wp-image-3279\" src=\"https:\/\/www.miksch.de\/wp-content\/uploads\/2020\/06\/Frame-116.png\" alt=\"\" width=\"16\" height=\"12\" \/> lange Lebensdauer<\/li>\n<li><img decoding=\"async\" class=\"alignnone size-full wp-image-3279\" src=\"https:\/\/www.miksch.de\/wp-content\/uploads\/2020\/06\/Frame-116.png\" alt=\"\" width=\"16\" height=\"12\" \/> weitgehend wartungsarm<\/li>\n<li><img decoding=\"async\" class=\"alignnone size-full wp-image-3279\" src=\"https:\/\/www.miksch.de\/wp-content\/uploads\/2020\/06\/Frame-116.png\" alt=\"\" width=\"16\" height=\"12\" \/> dauergeschmiert<\/li>\n<\/ul>\n<\/div>\n<\/div>\n<\/div>\n","protected":false},"excerpt":{"rendered":"<p>Der Bewegungsablauf von Kurvengetrieben l\u00e4sst sich in weiten Bereichen frei vorgeben. Durch die Koppelung mehrerer Kurvengetriebe und in Verbindung mit nachgeschalteten Gelenkgetrieben ist eine praktisch unendliche Anzahl an Bewegungsabl\u00e4ufen realisierbar. Dies betrifft sowohl Bewegungen in der Ebene als auch Bewegungen im Raum.<\/p>\n<p>Beschreiben Sie uns Ihre Wunschbewegung, und wir pr\u00fcfen, ob und wie diese mit Hilfe von Kurvengetrieben realisiert werden kann. Hierf\u00fcr stehen uns leistungsf\u00e4hige Computerprogramme zur Auslegung und Optimierung zur Verf\u00fcgung.<\/p>\n<p>Oft kann Ihre Wunschbewegung bereits durch Verwendung modifizierter Kurven in unseren Standardgeh\u00e4usen realisiert werden.<\/p>\n<p>In allen anderen F\u00e4llen konstruieren wir eine neues, auf Ihre Wunschbewegung optimiertes Getriebe. Dabei achten wir besonders auf die Verwendung von m\u00f6glichst vielen Standardteilen.<\/p>\n<p>Sie ben\u00f6tigen erste Technische Daten oder Details zu einem Kurvengetriebe f\u00fcr spezifische L\u00f6sungen? Kein Problem. Lassen Sie uns hierzu eine v\u00f6llig unverbindliche Anfrage zukommen und wir helfen Ihnen gerne weiter.<\/p>\n<p>Unter &#8222;Download&#8220; finden Sie unseren technischen Fragebogen, damit wir Ihre Anfrage konkret auslegen k\u00f6nnen.<\/p>\n<div id=\"linkContainer\">\n<ul>\n<li><a href=\"\/wp-content\/uploads\/2026\/01\/M1326DD2601_Kurvengetriebe-Fragebogen.pdf\" target=\"_blank\" rel=\"noopener\">Fragebogen Kurvengetriebe<\/a><\/li>\n<\/ul>\n<\/div>\n","protected":false},"featured_media":4343,"comment_status":"closed","ping_status":"closed","template":"","meta":{"_acf_changed":false},"product_brand":[],"product_cat":[82,86],"class_list":{"0":"post-3383","1":"product","2":"type-product","3":"status-publish","4":"has-post-thumbnail","6":"product_cat-kurvengetriebe","7":"product_cat-sonderloesungen","9":"first","10":"instock","11":"shipping-taxable","12":"product-type-external"},"acf":[],"yoast_head":"<!-- This site is optimized with the Yoast SEO plugin v27.3 - https:\/\/yoast.com\/product\/yoast-seo-wordpress\/ -->\n<title>Kurvengetriebe f\u00fcr spezifische L\u00f6sungen<\/title>\n<meta name=\"description\" content=\"Entdecken Sie unsere spezifischen Kurvengetriebe, optimiert f\u00fcr Ihre spezifischen Bewegungsanforderungen, angepasst an Ihre Anforderungen.\" \/>\n<meta name=\"robots\" content=\"index, follow, max-snippet:-1, max-image-preview:large, max-video-preview:-1\" \/>\n<link rel=\"canonical\" href=\"https:\/\/www.miksch.de\/de\/produkt\/kurvengetriebe-fuer-spezifische-bewegungsablaeufe\/\" \/>\n<meta property=\"og:locale\" content=\"de_DE\" \/>\n<meta property=\"og:type\" content=\"article\" \/>\n<meta property=\"og:title\" content=\"Kurvengetriebe f\u00fcr spezifische L\u00f6sungen\" \/>\n<meta property=\"og:description\" content=\"Entdecken Sie unsere spezifischen Kurvengetriebe, optimiert f\u00fcr Ihre spezifischen Bewegungsanforderungen, angepasst an Ihre Anforderungen.\" \/>\n<meta property=\"og:url\" content=\"https:\/\/www.miksch.de\/de\/produkt\/kurvengetriebe-fuer-spezifische-bewegungsablaeufe\/\" \/>\n<meta property=\"og:site_name\" content=\"MIKSCH - accelerates\" \/>\n<meta property=\"article:publisher\" content=\"https:\/\/www.facebook.com\/people\/Miksch-GmbH\/100066497170541\/\" \/>\n<meta property=\"article:modified_time\" content=\"2026-03-30T08:52:11+00:00\" \/>\n<meta property=\"og:image\" content=\"https:\/\/www.miksch.de\/wp-content\/uploads\/2025\/01\/werkzeugwechsler-werkzeugmagazin-scheiben-magazin-system-sonderloesung-miks.webp\" \/>\n\t<meta property=\"og:image:width\" content=\"350\" \/>\n\t<meta property=\"og:image:height\" content=\"350\" \/>\n\t<meta property=\"og:image:type\" content=\"image\/webp\" \/>\n<meta name=\"twitter:card\" content=\"summary_large_image\" \/>\n<meta name=\"twitter:label1\" content=\"Gesch\u00e4tzte Lesezeit\" \/>\n\t<meta name=\"twitter:data1\" content=\"3\u00a0Minuten\" \/>\n<script type=\"application\/ld+json\" class=\"yoast-schema-graph\">{\"@context\":\"https:\\\/\\\/schema.org\",\"@graph\":[{\"@type\":\"WebPage\",\"@id\":\"https:\\\/\\\/www.miksch.de\\\/produkt\\\/kurvengetriebe-fuer-spezifische-bewegungsablaeufe\\\/\",\"url\":\"https:\\\/\\\/www.miksch.de\\\/produkt\\\/kurvengetriebe-fuer-spezifische-bewegungsablaeufe\\\/\",\"name\":\"Kurvengetriebe f\u00fcr spezifische L\u00f6sungen\",\"isPartOf\":{\"@id\":\"https:\\\/\\\/www.miksch.de\\\/#website\"},\"primaryImageOfPage\":{\"@id\":\"https:\\\/\\\/www.miksch.de\\\/produkt\\\/kurvengetriebe-fuer-spezifische-bewegungsablaeufe\\\/#primaryimage\"},\"image\":{\"@id\":\"https:\\\/\\\/www.miksch.de\\\/produkt\\\/kurvengetriebe-fuer-spezifische-bewegungsablaeufe\\\/#primaryimage\"},\"thumbnailUrl\":\"https:\\\/\\\/www.miksch.de\\\/wp-content\\\/uploads\\\/2025\\\/01\\\/werkzeugwechsler-werkzeugmagazin-scheiben-magazin-system-sonderloesung-miks.webp\",\"datePublished\":\"2024-11-12T14:18:32+00:00\",\"dateModified\":\"2026-03-30T08:52:11+00:00\",\"description\":\"Entdecken Sie unsere spezifischen Kurvengetriebe, optimiert f\u00fcr Ihre spezifischen Bewegungsanforderungen, angepasst an Ihre Anforderungen.\",\"breadcrumb\":{\"@id\":\"https:\\\/\\\/www.miksch.de\\\/produkt\\\/kurvengetriebe-fuer-spezifische-bewegungsablaeufe\\\/#breadcrumb\"},\"inLanguage\":\"de\",\"potentialAction\":[{\"@type\":\"ReadAction\",\"target\":[\"https:\\\/\\\/www.miksch.de\\\/produkt\\\/kurvengetriebe-fuer-spezifische-bewegungsablaeufe\\\/\"]}]},{\"@type\":\"ImageObject\",\"inLanguage\":\"de\",\"@id\":\"https:\\\/\\\/www.miksch.de\\\/produkt\\\/kurvengetriebe-fuer-spezifische-bewegungsablaeufe\\\/#primaryimage\",\"url\":\"https:\\\/\\\/www.miksch.de\\\/wp-content\\\/uploads\\\/2025\\\/01\\\/werkzeugwechsler-werkzeugmagazin-scheiben-magazin-system-sonderloesung-miks.webp\",\"contentUrl\":\"https:\\\/\\\/www.miksch.de\\\/wp-content\\\/uploads\\\/2025\\\/01\\\/werkzeugwechsler-werkzeugmagazin-scheiben-magazin-system-sonderloesung-miks.webp\",\"width\":350,\"height\":350,\"caption\":\"Sonderl\u00f6sung eines Werkzeugwechselsystems mit angepasstem Magazin.\"},{\"@type\":\"BreadcrumbList\",\"@id\":\"https:\\\/\\\/www.miksch.de\\\/produkt\\\/kurvengetriebe-fuer-spezifische-bewegungsablaeufe\\\/#breadcrumb\",\"itemListElement\":[{\"@type\":\"ListItem\",\"position\":1,\"name\":\"Home\",\"item\":\"https:\\\/\\\/www.miksch.de\\\/\"},{\"@type\":\"ListItem\",\"position\":2,\"name\":\"Produkte\",\"item\":\"https:\\\/\\\/www.miksch.de\\\/shop\\\/\"},{\"@type\":\"ListItem\",\"position\":3,\"name\":\"Kurvengetriebe f\u00fcr spezifische L\u00f6sungen\"}]},{\"@type\":\"WebSite\",\"@id\":\"https:\\\/\\\/www.miksch.de\\\/#website\",\"url\":\"https:\\\/\\\/www.miksch.de\\\/\",\"name\":\"MIKSCH GmbH\",\"description\":\"\",\"publisher\":{\"@id\":\"https:\\\/\\\/www.miksch.de\\\/#organization\"},\"potentialAction\":[{\"@type\":\"SearchAction\",\"target\":{\"@type\":\"EntryPoint\",\"urlTemplate\":\"https:\\\/\\\/www.miksch.de\\\/?s={search_term_string}\"},\"query-input\":{\"@type\":\"PropertyValueSpecification\",\"valueRequired\":true,\"valueName\":\"search_term_string\"}}],\"inLanguage\":\"de\"},{\"@type\":\"Organization\",\"@id\":\"https:\\\/\\\/www.miksch.de\\\/#organization\",\"name\":\"MIKSCH GmbH\",\"url\":\"https:\\\/\\\/www.miksch.de\\\/\",\"logo\":{\"@type\":\"ImageObject\",\"inLanguage\":\"de\",\"@id\":\"https:\\\/\\\/www.miksch.de\\\/#\\\/schema\\\/logo\\\/image\\\/\",\"url\":\"https:\\\/\\\/www.miksch.de\\\/wp-content\\\/uploads\\\/2024\\\/11\\\/gcOnlineDirectory-5-2.png\",\"contentUrl\":\"https:\\\/\\\/www.miksch.de\\\/wp-content\\\/uploads\\\/2024\\\/11\\\/gcOnlineDirectory-5-2.png\",\"width\":227,\"height\":48,\"caption\":\"MIKSCH GmbH\"},\"image\":{\"@id\":\"https:\\\/\\\/www.miksch.de\\\/#\\\/schema\\\/logo\\\/image\\\/\"},\"sameAs\":[\"https:\\\/\\\/www.facebook.com\\\/people\\\/Miksch-GmbH\\\/100066497170541\\\/\",\"https:\\\/\\\/au.linkedin.com\\\/company\\\/miksch-gmbh\"]}]}<\/script>\n<!-- \/ Yoast SEO plugin. -->","yoast_head_json":{"title":"Kurvengetriebe f\u00fcr spezifische L\u00f6sungen","description":"Entdecken Sie unsere spezifischen Kurvengetriebe, optimiert f\u00fcr Ihre spezifischen Bewegungsanforderungen, angepasst an Ihre Anforderungen.","robots":{"index":"index","follow":"follow","max-snippet":"max-snippet:-1","max-image-preview":"max-image-preview:large","max-video-preview":"max-video-preview:-1"},"canonical":"https:\/\/www.miksch.de\/de\/produkt\/kurvengetriebe-fuer-spezifische-bewegungsablaeufe\/","og_locale":"de_DE","og_type":"article","og_title":"Kurvengetriebe f\u00fcr spezifische L\u00f6sungen","og_description":"Entdecken Sie unsere spezifischen Kurvengetriebe, optimiert f\u00fcr Ihre spezifischen Bewegungsanforderungen, angepasst an Ihre Anforderungen.","og_url":"https:\/\/www.miksch.de\/de\/produkt\/kurvengetriebe-fuer-spezifische-bewegungsablaeufe\/","og_site_name":"MIKSCH - accelerates","article_publisher":"https:\/\/www.facebook.com\/people\/Miksch-GmbH\/100066497170541\/","article_modified_time":"2026-03-30T08:52:11+00:00","og_image":[{"width":350,"height":350,"url":"https:\/\/www.miksch.de\/wp-content\/uploads\/2025\/01\/werkzeugwechsler-werkzeugmagazin-scheiben-magazin-system-sonderloesung-miks.webp","type":"image\/webp"}],"twitter_card":"summary_large_image","twitter_misc":{"Gesch\u00e4tzte Lesezeit":"3\u00a0Minuten"},"schema":{"@context":"https:\/\/schema.org","@graph":[{"@type":"WebPage","@id":"https:\/\/www.miksch.de\/produkt\/kurvengetriebe-fuer-spezifische-bewegungsablaeufe\/","url":"https:\/\/www.miksch.de\/produkt\/kurvengetriebe-fuer-spezifische-bewegungsablaeufe\/","name":"Kurvengetriebe f\u00fcr spezifische L\u00f6sungen","isPartOf":{"@id":"https:\/\/www.miksch.de\/#website"},"primaryImageOfPage":{"@id":"https:\/\/www.miksch.de\/produkt\/kurvengetriebe-fuer-spezifische-bewegungsablaeufe\/#primaryimage"},"image":{"@id":"https:\/\/www.miksch.de\/produkt\/kurvengetriebe-fuer-spezifische-bewegungsablaeufe\/#primaryimage"},"thumbnailUrl":"https:\/\/www.miksch.de\/wp-content\/uploads\/2025\/01\/werkzeugwechsler-werkzeugmagazin-scheiben-magazin-system-sonderloesung-miks.webp","datePublished":"2024-11-12T14:18:32+00:00","dateModified":"2026-03-30T08:52:11+00:00","description":"Entdecken Sie unsere spezifischen Kurvengetriebe, optimiert f\u00fcr Ihre spezifischen Bewegungsanforderungen, angepasst an Ihre Anforderungen.","breadcrumb":{"@id":"https:\/\/www.miksch.de\/produkt\/kurvengetriebe-fuer-spezifische-bewegungsablaeufe\/#breadcrumb"},"inLanguage":"de","potentialAction":[{"@type":"ReadAction","target":["https:\/\/www.miksch.de\/produkt\/kurvengetriebe-fuer-spezifische-bewegungsablaeufe\/"]}]},{"@type":"ImageObject","inLanguage":"de","@id":"https:\/\/www.miksch.de\/produkt\/kurvengetriebe-fuer-spezifische-bewegungsablaeufe\/#primaryimage","url":"https:\/\/www.miksch.de\/wp-content\/uploads\/2025\/01\/werkzeugwechsler-werkzeugmagazin-scheiben-magazin-system-sonderloesung-miks.webp","contentUrl":"https:\/\/www.miksch.de\/wp-content\/uploads\/2025\/01\/werkzeugwechsler-werkzeugmagazin-scheiben-magazin-system-sonderloesung-miks.webp","width":350,"height":350,"caption":"Sonderl\u00f6sung eines Werkzeugwechselsystems mit angepasstem Magazin."},{"@type":"BreadcrumbList","@id":"https:\/\/www.miksch.de\/produkt\/kurvengetriebe-fuer-spezifische-bewegungsablaeufe\/#breadcrumb","itemListElement":[{"@type":"ListItem","position":1,"name":"Home","item":"https:\/\/www.miksch.de\/"},{"@type":"ListItem","position":2,"name":"Produkte","item":"https:\/\/www.miksch.de\/shop\/"},{"@type":"ListItem","position":3,"name":"Kurvengetriebe f\u00fcr spezifische L\u00f6sungen"}]},{"@type":"WebSite","@id":"https:\/\/www.miksch.de\/#website","url":"https:\/\/www.miksch.de\/","name":"MIKSCH GmbH","description":"","publisher":{"@id":"https:\/\/www.miksch.de\/#organization"},"potentialAction":[{"@type":"SearchAction","target":{"@type":"EntryPoint","urlTemplate":"https:\/\/www.miksch.de\/?s={search_term_string}"},"query-input":{"@type":"PropertyValueSpecification","valueRequired":true,"valueName":"search_term_string"}}],"inLanguage":"de"},{"@type":"Organization","@id":"https:\/\/www.miksch.de\/#organization","name":"MIKSCH GmbH","url":"https:\/\/www.miksch.de\/","logo":{"@type":"ImageObject","inLanguage":"de","@id":"https:\/\/www.miksch.de\/#\/schema\/logo\/image\/","url":"https:\/\/www.miksch.de\/wp-content\/uploads\/2024\/11\/gcOnlineDirectory-5-2.png","contentUrl":"https:\/\/www.miksch.de\/wp-content\/uploads\/2024\/11\/gcOnlineDirectory-5-2.png","width":227,"height":48,"caption":"MIKSCH GmbH"},"image":{"@id":"https:\/\/www.miksch.de\/#\/schema\/logo\/image\/"},"sameAs":["https:\/\/www.facebook.com\/people\/Miksch-GmbH\/100066497170541\/","https:\/\/au.linkedin.com\/company\/miksch-gmbh"]}]}},"_links":{"self":[{"href":"https:\/\/www.miksch.de\/de\/wp-json\/wp\/v2\/product\/3383","targetHints":{"allow":["GET"]}}],"collection":[{"href":"https:\/\/www.miksch.de\/de\/wp-json\/wp\/v2\/product"}],"about":[{"href":"https:\/\/www.miksch.de\/de\/wp-json\/wp\/v2\/types\/product"}],"replies":[{"embeddable":true,"href":"https:\/\/www.miksch.de\/de\/wp-json\/wp\/v2\/comments?post=3383"}],"wp:featuredmedia":[{"embeddable":true,"href":"https:\/\/www.miksch.de\/de\/wp-json\/wp\/v2\/media\/4343"}],"wp:attachment":[{"href":"https:\/\/www.miksch.de\/de\/wp-json\/wp\/v2\/media?parent=3383"}],"wp:term":[{"taxonomy":"product_brand","embeddable":true,"href":"https:\/\/www.miksch.de\/de\/wp-json\/wp\/v2\/product_brand?post=3383"},{"taxonomy":"product_cat","embeddable":true,"href":"https:\/\/www.miksch.de\/de\/wp-json\/wp\/v2\/product_cat?post=3383"}],"curies":[{"name":"wp","href":"https:\/\/api.w.org\/{rel}","templated":true}]}}