{"id":3376,"date":"2024-11-12T14:48:42","date_gmt":"2024-11-12T13:48:42","guid":{"rendered":"https:\/\/www.miksch.de\/?post_type=product&#038;p=3376"},"modified":"2026-03-30T09:56:54","modified_gmt":"2026-03-30T08:56:54","slug":"grt-rundschalttisch-von-miksch-fuer-industrielle-anwendungen","status":"publish","type":"product","link":"https:\/\/www.miksch.de\/de\/produkt\/grt-rundschalttisch-von-miksch-fuer-industrielle-anwendungen\/","title":{"rendered":"GRT-Rundschalttisch  mechanisch, kompakt, vielf\u00e4ltig"},"content":{"rendered":"<div>\n<h2 class=\"title\" style=\"font-size: 24px; padding: 30px 0px 10px;\">IHRE VORTEILE AUF EINEN BLICK<\/h2>\n<div class=\"responsive-columns\">\n<div>\n<ul>\n<li><img decoding=\"async\" class=\"alignnone size-full wp-image-3279\" src=\"https:\/\/www.miksch.de\/wp-content\/uploads\/2020\/06\/Frame-116.png\" alt=\"\" width=\"16\" height=\"12\" \/> ger\u00e4uscharm<\/li>\n<li><img decoding=\"async\" class=\"alignnone size-full wp-image-3279\" src=\"https:\/\/www.miksch.de\/wp-content\/uploads\/2020\/06\/Frame-116.png\" alt=\"\" width=\"16\" height=\"12\" \/> formschl\u00fcssig<\/li>\n<li><img decoding=\"async\" class=\"alignnone wp-image-3279\" src=\"https:\/\/www.miksch.de\/wp-content\/uploads\/2020\/06\/Frame-116.png\" alt=\"\" width=\"16\" height=\"12\" \/> kurze Schaltzeiten<\/li>\n<li><img decoding=\"async\" class=\"alignnone size-full wp-image-3279\" src=\"https:\/\/www.miksch.de\/wp-content\/uploads\/2020\/06\/Frame-116.png\" alt=\"\" width=\"16\" height=\"12\" \/> harmonischer Bewegungsablauf<\/li>\n<\/ul>\n<\/div>\n<div>\n<ul>\n<li><img decoding=\"async\" class=\"alignnone size-full wp-image-3279\" src=\"https:\/\/www.miksch.de\/wp-content\/uploads\/2020\/06\/Frame-116.png\" alt=\"\" width=\"16\" height=\"12\" \/> beliebige Einbaulage<\/li>\n<li><img decoding=\"async\" class=\"alignnone size-full wp-image-3279\" src=\"https:\/\/www.miksch.de\/wp-content\/uploads\/2020\/06\/Frame-116.png\" alt=\"\" width=\"16\" height=\"12\" \/> keine zus\u00e4tzliche Indexierung erforderlich<\/li>\n<li><img decoding=\"async\" class=\"alignnone size-full wp-image-3279\" src=\"https:\/\/www.miksch.de\/wp-content\/uploads\/2020\/06\/Frame-116.png\" alt=\"\" width=\"16\" height=\"12\" \/> direkte Anbau des Untersetzungsgetriebes am Geh\u00e4use<\/li>\n<\/ul>\n<\/div>\n<div>\n<ul>\n<li><img decoding=\"async\" class=\"alignnone size-full wp-image-3279\" src=\"https:\/\/www.miksch.de\/wp-content\/uploads\/2020\/06\/Frame-116.png\" alt=\"\" width=\"16\" height=\"12\" \/> kompaktes Geh\u00e4use<\/li>\n<li><img decoding=\"async\" class=\"alignnone size-full wp-image-3279\" src=\"https:\/\/www.miksch.de\/wp-content\/uploads\/2020\/06\/Frame-116.png\" alt=\"\" width=\"16\" height=\"12\" \/> lange Lebensdauer<\/li>\n<li><img decoding=\"async\" class=\"alignnone size-full wp-image-3279\" src=\"https:\/\/www.miksch.de\/wp-content\/uploads\/2020\/06\/Frame-116.png\" alt=\"\" width=\"16\" height=\"12\" \/> weitgehend wartungsarm<\/li>\n<li><img decoding=\"async\" class=\"alignnone size-full wp-image-3279\" src=\"https:\/\/www.miksch.de\/wp-content\/uploads\/2020\/06\/Frame-116.png\" alt=\"\" width=\"16\" height=\"12\" \/> dauergeschmiert<\/li>\n<\/ul>\n<\/div>\n<\/div>\n<\/div>\n<h2 class=\"title\" style=\"font-size: 24px;\">TECHNISCHE DATEN<\/h2>\n<table style=\"font-size: 14px !important; line-height: 22px !important;\" border=\"1\">\n<tbody>\n<tr>\n<td style=\"background: #c0c0c0; font-weight: bold; color: #000000;\">Bezeichnung<\/td>\n<td style=\"background: #d8d8d8; color: #000000;\">GRT-Rundschalttisch<\/td>\n<\/tr>\n<tr>\n<td style=\"background: #cccccc; font-weight: bold; color: #000000;\">Standard-Stationenzahl<\/td>\n<td style=\"background: #e4e4e4; color: #000000;\">2 &#8211; 24<\/td>\n<\/tr>\n<tr>\n<td style=\"background: #c0c0c0; font-weight: bold; color: #000000;\">max. Drehmoment<\/td>\n<td style=\"background: #d8d8d8; color: #000000;\">bis ca. 1.000 Nm<\/td>\n<\/tr>\n<tr>\n<td style=\"background: #cccccc; font-weight: bold; color: #000000;\">max. axiale Belastung<\/td>\n<td style=\"background: #e4e4e4; color: #000000;\">bis ca. 10.000 Nm<\/td>\n<\/tr>\n<tr>\n<td style=\"background: #c0c0c0; font-weight: bold; color: #000000;\">Schaltzeiten<\/td>\n<td style=\"background: #d8d8d8; color: #000000;\">&lt; 0,5 s m\u00f6glich<\/td>\n<\/tr>\n<tr>\n<td style=\"background: #cccccc; font-weight: bold; color: #000000;\">Einbaulage<\/td>\n<td style=\"background: #e4e4e4; color: #000000;\">beliebig<\/td>\n<\/tr>\n<tr>\n<td style=\"background: #c0c0c0; font-weight: bold; color: #000000;\">Mittendurchgang<\/td>\n<td style=\"background: #d8d8d8; color: #000000;\">ohne, feststehend, b\u00fcndig oder \u00fcberstehend<\/td>\n<\/tr>\n<tr>\n<td style=\"background: #cccccc; font-weight: bold; color: #000000;\">Ausf\u00fchrung<\/td>\n<td style=\"background: #e4e4e4; color: #000000;\">Geh\u00e4useausf\u00fchrung mit oder ohne Antrieb<\/td>\n<\/tr>\n<\/tbody>\n<\/table>\n","protected":false},"excerpt":{"rendered":"<p>Die <strong>MIKSCH GRT-Rundschalttische<\/strong> sind mechanische Rundschalttische mit einer Globoidkurve als Antriebsglied.<br \/>\nDie Schrittbewegung wird durch einen Schaltteller ausgef\u00fchrt, welcher in einem Kreuzrollenlager mit gro\u00dfem Durchmesser gelagert ist. Dadurch kann der Tisch beachtliche Axial- und Radialkr\u00e4fte bzw. Kippmomente aufnehmen.<br \/>\nDas kompakte Aluminiumgeh\u00e4use erfordert nur geringen Bauraum. Der Einbau ist in beliebiger Lage m\u00f6glich<br \/>\nOptional k\u00f6nnen die Rundschaltische mit feststehenden Mittendurchg\u00e4ngen geliefert werden. Diese erm\u00f6glichen das Durchf\u00fchren von Versorgungsleitungen durch den Rundschalttisch.<br \/>\nGRT-Rundschalttische sind lieferbar in drei Baugr\u00f6\u00dfen mit einer Vielzahl von Stationenzahlen zwischen 2 und 24.<br \/>\nTypische Anwendungsf\u00e4lle sind Montagemaschinen, Verpackungsmaschinen, Schwei\u00dfanlagen, Scheibenmagazine usw.<\/p>\n<p>Sie ben\u00f6tigen erste Technische Daten oder Details zu einem GRT-Rundschalttisch? Kein Problem. Lassen Sie uns hierzu eine v\u00f6llig unverbindliche Anfrage zukommen und wir helfen Ihnen gerne weiter.<\/p>\n<p>Unter \u201eDownload\u201c finden Sie unseren technischen Fragebogen, damit wir Ihre Anfrage konkret auslegen k\u00f6nnen.<\/p>\n<div id=\"linkContainer\">\n<ul>\n<li><a href=\"\/wp-content\/uploads\/2026\/01\/M1326DD2601_Kurvengetriebe-Fragebogen.pdf\" target=\"_blank\" rel=\"noopener\">Fragebogen Kurvengetriebe<\/a><\/li>\n<\/ul>\n<\/div>\n","protected":false},"featured_media":4322,"comment_status":"closed","ping_status":"closed","template":"","meta":{"_acf_changed":false},"product_brand":[],"product_cat":[82,83],"class_list":{"0":"post-3376","1":"product","2":"type-product","3":"status-publish","4":"has-post-thumbnail","6":"product_cat-kurvengetriebe","7":"product_cat-rundschalttische","9":"first","10":"instock","11":"shipping-taxable","12":"product-type-external"},"acf":[],"yoast_head":"<!-- This site is optimized with the Yoast SEO plugin v27.3 - https:\/\/yoast.com\/product\/yoast-seo-wordpress\/ -->\n<title>GRT-Rundschalttisch mechanisch, kompakt, vielf\u00e4ltig<\/title>\n<meta name=\"description\" content=\"GRT-Rundschalttisch von MIKSCH - mechanischer Rundschalttisch, ideal f\u00fcr Montagemaschinen, Verpackungsmaschinen, Schwei\u00dfanlagen usw.\" \/>\n<meta name=\"robots\" content=\"index, follow, max-snippet:-1, max-image-preview:large, max-video-preview:-1\" \/>\n<link rel=\"canonical\" href=\"https:\/\/www.miksch.de\/de\/produkt\/grt-rundschalttisch-von-miksch-fuer-industrielle-anwendungen\/\" \/>\n<meta property=\"og:locale\" content=\"de_DE\" \/>\n<meta property=\"og:type\" content=\"article\" \/>\n<meta property=\"og:title\" content=\"GRT-Rundschalttisch mechanisch, kompakt, vielf\u00e4ltig\" \/>\n<meta property=\"og:description\" content=\"GRT-Rundschalttisch von MIKSCH - mechanischer Rundschalttisch, ideal f\u00fcr Montagemaschinen, Verpackungsmaschinen, Schwei\u00dfanlagen usw.\" \/>\n<meta property=\"og:url\" content=\"https:\/\/www.miksch.de\/de\/produkt\/grt-rundschalttisch-von-miksch-fuer-industrielle-anwendungen\/\" \/>\n<meta property=\"og:site_name\" content=\"MIKSCH - accelerates\" \/>\n<meta property=\"article:publisher\" content=\"https:\/\/www.facebook.com\/people\/Miksch-GmbH\/100066497170541\/\" \/>\n<meta property=\"article:modified_time\" content=\"2026-03-30T08:56:54+00:00\" \/>\n<meta property=\"og:image\" content=\"https:\/\/www.miksch.de\/wp-content\/uploads\/2025\/01\/rundschalttisch-kurvengetriebe-handhabungsgeraet-miksch-Vors.webp\" \/>\n\t<meta property=\"og:image:width\" content=\"350\" \/>\n\t<meta property=\"og:image:height\" content=\"350\" \/>\n\t<meta property=\"og:image:type\" content=\"image\/webp\" \/>\n<meta name=\"twitter:card\" content=\"summary_large_image\" \/>\n<meta name=\"twitter:label1\" content=\"Gesch\u00e4tzte Lesezeit\" \/>\n\t<meta name=\"twitter:data1\" content=\"3\u00a0Minuten\" \/>\n<script type=\"application\/ld+json\" class=\"yoast-schema-graph\">{\"@context\":\"https:\\\/\\\/schema.org\",\"@graph\":[{\"@type\":\"WebPage\",\"@id\":\"https:\\\/\\\/www.miksch.de\\\/produkt\\\/grt-rundschalttisch-von-miksch-fuer-industrielle-anwendungen\\\/\",\"url\":\"https:\\\/\\\/www.miksch.de\\\/produkt\\\/grt-rundschalttisch-von-miksch-fuer-industrielle-anwendungen\\\/\",\"name\":\"GRT-Rundschalttisch mechanisch, kompakt, vielf\u00e4ltig\",\"isPartOf\":{\"@id\":\"https:\\\/\\\/www.miksch.de\\\/#website\"},\"primaryImageOfPage\":{\"@id\":\"https:\\\/\\\/www.miksch.de\\\/produkt\\\/grt-rundschalttisch-von-miksch-fuer-industrielle-anwendungen\\\/#primaryimage\"},\"image\":{\"@id\":\"https:\\\/\\\/www.miksch.de\\\/produkt\\\/grt-rundschalttisch-von-miksch-fuer-industrielle-anwendungen\\\/#primaryimage\"},\"thumbnailUrl\":\"https:\\\/\\\/www.miksch.de\\\/wp-content\\\/uploads\\\/2025\\\/01\\\/rundschalttisch-kurvengetriebe-handhabungsgeraet-miksch-Vors.webp\",\"datePublished\":\"2024-11-12T13:48:42+00:00\",\"dateModified\":\"2026-03-30T08:56:54+00:00\",\"description\":\"GRT-Rundschalttisch von MIKSCH - mechanischer Rundschalttisch, ideal f\u00fcr Montagemaschinen, Verpackungsmaschinen, Schwei\u00dfanlagen usw.\",\"breadcrumb\":{\"@id\":\"https:\\\/\\\/www.miksch.de\\\/produkt\\\/grt-rundschalttisch-von-miksch-fuer-industrielle-anwendungen\\\/#breadcrumb\"},\"inLanguage\":\"de\",\"potentialAction\":[{\"@type\":\"ReadAction\",\"target\":[\"https:\\\/\\\/www.miksch.de\\\/produkt\\\/grt-rundschalttisch-von-miksch-fuer-industrielle-anwendungen\\\/\"]}]},{\"@type\":\"ImageObject\",\"inLanguage\":\"de\",\"@id\":\"https:\\\/\\\/www.miksch.de\\\/produkt\\\/grt-rundschalttisch-von-miksch-fuer-industrielle-anwendungen\\\/#primaryimage\",\"url\":\"https:\\\/\\\/www.miksch.de\\\/wp-content\\\/uploads\\\/2025\\\/01\\\/rundschalttisch-kurvengetriebe-handhabungsgeraet-miksch-Vors.webp\",\"contentUrl\":\"https:\\\/\\\/www.miksch.de\\\/wp-content\\\/uploads\\\/2025\\\/01\\\/rundschalttisch-kurvengetriebe-handhabungsgeraet-miksch-Vors.webp\",\"width\":350,\"height\":350,\"caption\":\"Kurvengetriebe-gesteuertes Handhabungssystem mit Rundschalttisch.\"},{\"@type\":\"BreadcrumbList\",\"@id\":\"https:\\\/\\\/www.miksch.de\\\/produkt\\\/grt-rundschalttisch-von-miksch-fuer-industrielle-anwendungen\\\/#breadcrumb\",\"itemListElement\":[{\"@type\":\"ListItem\",\"position\":1,\"name\":\"Home\",\"item\":\"https:\\\/\\\/www.miksch.de\\\/\"},{\"@type\":\"ListItem\",\"position\":2,\"name\":\"Produkte\",\"item\":\"https:\\\/\\\/www.miksch.de\\\/shop\\\/\"},{\"@type\":\"ListItem\",\"position\":3,\"name\":\"GRT-Rundschalttisch mechanisch, kompakt, vielf\u00e4ltig\"}]},{\"@type\":\"WebSite\",\"@id\":\"https:\\\/\\\/www.miksch.de\\\/#website\",\"url\":\"https:\\\/\\\/www.miksch.de\\\/\",\"name\":\"MIKSCH GmbH\",\"description\":\"\",\"publisher\":{\"@id\":\"https:\\\/\\\/www.miksch.de\\\/#organization\"},\"potentialAction\":[{\"@type\":\"SearchAction\",\"target\":{\"@type\":\"EntryPoint\",\"urlTemplate\":\"https:\\\/\\\/www.miksch.de\\\/?s={search_term_string}\"},\"query-input\":{\"@type\":\"PropertyValueSpecification\",\"valueRequired\":true,\"valueName\":\"search_term_string\"}}],\"inLanguage\":\"de\"},{\"@type\":\"Organization\",\"@id\":\"https:\\\/\\\/www.miksch.de\\\/#organization\",\"name\":\"MIKSCH GmbH\",\"url\":\"https:\\\/\\\/www.miksch.de\\\/\",\"logo\":{\"@type\":\"ImageObject\",\"inLanguage\":\"de\",\"@id\":\"https:\\\/\\\/www.miksch.de\\\/#\\\/schema\\\/logo\\\/image\\\/\",\"url\":\"https:\\\/\\\/www.miksch.de\\\/wp-content\\\/uploads\\\/2024\\\/11\\\/gcOnlineDirectory-5-2.png\",\"contentUrl\":\"https:\\\/\\\/www.miksch.de\\\/wp-content\\\/uploads\\\/2024\\\/11\\\/gcOnlineDirectory-5-2.png\",\"width\":227,\"height\":48,\"caption\":\"MIKSCH GmbH\"},\"image\":{\"@id\":\"https:\\\/\\\/www.miksch.de\\\/#\\\/schema\\\/logo\\\/image\\\/\"},\"sameAs\":[\"https:\\\/\\\/www.facebook.com\\\/people\\\/Miksch-GmbH\\\/100066497170541\\\/\",\"https:\\\/\\\/au.linkedin.com\\\/company\\\/miksch-gmbh\"]}]}<\/script>\n<!-- \/ Yoast SEO plugin. -->","yoast_head_json":{"title":"GRT-Rundschalttisch mechanisch, kompakt, vielf\u00e4ltig","description":"GRT-Rundschalttisch von MIKSCH - mechanischer Rundschalttisch, ideal f\u00fcr Montagemaschinen, Verpackungsmaschinen, Schwei\u00dfanlagen usw.","robots":{"index":"index","follow":"follow","max-snippet":"max-snippet:-1","max-image-preview":"max-image-preview:large","max-video-preview":"max-video-preview:-1"},"canonical":"https:\/\/www.miksch.de\/de\/produkt\/grt-rundschalttisch-von-miksch-fuer-industrielle-anwendungen\/","og_locale":"de_DE","og_type":"article","og_title":"GRT-Rundschalttisch mechanisch, kompakt, vielf\u00e4ltig","og_description":"GRT-Rundschalttisch von MIKSCH - mechanischer Rundschalttisch, ideal f\u00fcr Montagemaschinen, Verpackungsmaschinen, Schwei\u00dfanlagen usw.","og_url":"https:\/\/www.miksch.de\/de\/produkt\/grt-rundschalttisch-von-miksch-fuer-industrielle-anwendungen\/","og_site_name":"MIKSCH - accelerates","article_publisher":"https:\/\/www.facebook.com\/people\/Miksch-GmbH\/100066497170541\/","article_modified_time":"2026-03-30T08:56:54+00:00","og_image":[{"width":350,"height":350,"url":"https:\/\/www.miksch.de\/wp-content\/uploads\/2025\/01\/rundschalttisch-kurvengetriebe-handhabungsgeraet-miksch-Vors.webp","type":"image\/webp"}],"twitter_card":"summary_large_image","twitter_misc":{"Gesch\u00e4tzte Lesezeit":"3\u00a0Minuten"},"schema":{"@context":"https:\/\/schema.org","@graph":[{"@type":"WebPage","@id":"https:\/\/www.miksch.de\/produkt\/grt-rundschalttisch-von-miksch-fuer-industrielle-anwendungen\/","url":"https:\/\/www.miksch.de\/produkt\/grt-rundschalttisch-von-miksch-fuer-industrielle-anwendungen\/","name":"GRT-Rundschalttisch mechanisch, kompakt, vielf\u00e4ltig","isPartOf":{"@id":"https:\/\/www.miksch.de\/#website"},"primaryImageOfPage":{"@id":"https:\/\/www.miksch.de\/produkt\/grt-rundschalttisch-von-miksch-fuer-industrielle-anwendungen\/#primaryimage"},"image":{"@id":"https:\/\/www.miksch.de\/produkt\/grt-rundschalttisch-von-miksch-fuer-industrielle-anwendungen\/#primaryimage"},"thumbnailUrl":"https:\/\/www.miksch.de\/wp-content\/uploads\/2025\/01\/rundschalttisch-kurvengetriebe-handhabungsgeraet-miksch-Vors.webp","datePublished":"2024-11-12T13:48:42+00:00","dateModified":"2026-03-30T08:56:54+00:00","description":"GRT-Rundschalttisch von MIKSCH - mechanischer Rundschalttisch, ideal f\u00fcr Montagemaschinen, Verpackungsmaschinen, Schwei\u00dfanlagen usw.","breadcrumb":{"@id":"https:\/\/www.miksch.de\/produkt\/grt-rundschalttisch-von-miksch-fuer-industrielle-anwendungen\/#breadcrumb"},"inLanguage":"de","potentialAction":[{"@type":"ReadAction","target":["https:\/\/www.miksch.de\/produkt\/grt-rundschalttisch-von-miksch-fuer-industrielle-anwendungen\/"]}]},{"@type":"ImageObject","inLanguage":"de","@id":"https:\/\/www.miksch.de\/produkt\/grt-rundschalttisch-von-miksch-fuer-industrielle-anwendungen\/#primaryimage","url":"https:\/\/www.miksch.de\/wp-content\/uploads\/2025\/01\/rundschalttisch-kurvengetriebe-handhabungsgeraet-miksch-Vors.webp","contentUrl":"https:\/\/www.miksch.de\/wp-content\/uploads\/2025\/01\/rundschalttisch-kurvengetriebe-handhabungsgeraet-miksch-Vors.webp","width":350,"height":350,"caption":"Kurvengetriebe-gesteuertes Handhabungssystem mit Rundschalttisch."},{"@type":"BreadcrumbList","@id":"https:\/\/www.miksch.de\/produkt\/grt-rundschalttisch-von-miksch-fuer-industrielle-anwendungen\/#breadcrumb","itemListElement":[{"@type":"ListItem","position":1,"name":"Home","item":"https:\/\/www.miksch.de\/"},{"@type":"ListItem","position":2,"name":"Produkte","item":"https:\/\/www.miksch.de\/shop\/"},{"@type":"ListItem","position":3,"name":"GRT-Rundschalttisch mechanisch, kompakt, vielf\u00e4ltig"}]},{"@type":"WebSite","@id":"https:\/\/www.miksch.de\/#website","url":"https:\/\/www.miksch.de\/","name":"MIKSCH GmbH","description":"","publisher":{"@id":"https:\/\/www.miksch.de\/#organization"},"potentialAction":[{"@type":"SearchAction","target":{"@type":"EntryPoint","urlTemplate":"https:\/\/www.miksch.de\/?s={search_term_string}"},"query-input":{"@type":"PropertyValueSpecification","valueRequired":true,"valueName":"search_term_string"}}],"inLanguage":"de"},{"@type":"Organization","@id":"https:\/\/www.miksch.de\/#organization","name":"MIKSCH GmbH","url":"https:\/\/www.miksch.de\/","logo":{"@type":"ImageObject","inLanguage":"de","@id":"https:\/\/www.miksch.de\/#\/schema\/logo\/image\/","url":"https:\/\/www.miksch.de\/wp-content\/uploads\/2024\/11\/gcOnlineDirectory-5-2.png","contentUrl":"https:\/\/www.miksch.de\/wp-content\/uploads\/2024\/11\/gcOnlineDirectory-5-2.png","width":227,"height":48,"caption":"MIKSCH GmbH"},"image":{"@id":"https:\/\/www.miksch.de\/#\/schema\/logo\/image\/"},"sameAs":["https:\/\/www.facebook.com\/people\/Miksch-GmbH\/100066497170541\/","https:\/\/au.linkedin.com\/company\/miksch-gmbh"]}]}},"_links":{"self":[{"href":"https:\/\/www.miksch.de\/de\/wp-json\/wp\/v2\/product\/3376","targetHints":{"allow":["GET"]}}],"collection":[{"href":"https:\/\/www.miksch.de\/de\/wp-json\/wp\/v2\/product"}],"about":[{"href":"https:\/\/www.miksch.de\/de\/wp-json\/wp\/v2\/types\/product"}],"replies":[{"embeddable":true,"href":"https:\/\/www.miksch.de\/de\/wp-json\/wp\/v2\/comments?post=3376"}],"wp:featuredmedia":[{"embeddable":true,"href":"https:\/\/www.miksch.de\/de\/wp-json\/wp\/v2\/media\/4322"}],"wp:attachment":[{"href":"https:\/\/www.miksch.de\/de\/wp-json\/wp\/v2\/media?parent=3376"}],"wp:term":[{"taxonomy":"product_brand","embeddable":true,"href":"https:\/\/www.miksch.de\/de\/wp-json\/wp\/v2\/product_brand?post=3376"},{"taxonomy":"product_cat","embeddable":true,"href":"https:\/\/www.miksch.de\/de\/wp-json\/wp\/v2\/product_cat?post=3376"}],"curies":[{"name":"wp","href":"https:\/\/api.w.org\/{rel}","templated":true}]}}