{"id":3368,"date":"2024-11-12T13:49:43","date_gmt":"2024-11-12T12:49:43","guid":{"rendered":"https:\/\/www.miksch.de\/?post_type=product&#038;p=3368"},"modified":"2026-03-30T10:08:57","modified_gmt":"2026-03-30T09:08:57","slug":"flexible-scheibenmagazine-fuer-optimale-werkzeugspeicherung","status":"publish","type":"product","link":"https:\/\/www.miksch.de\/de\/produkt\/flexible-scheibenmagazine-fuer-optimale-werkzeugspeicherung\/","title":{"rendered":"Scheibenmagazine f\u00fcr effiziente Werkzeugspeicherung"},"content":{"rendered":"<h2><\/h2>\n<h2 class=\"title\" style=\"font-size: 24px; padding: 30px 0px 10px;\">IHRE VORTEILE AUF EINEN BLICK<\/h2>\n<div class=\"responsive-columns\">\n<div>\n<h3 style=\"margin-bottom: 15px;\"><strong>Steigerung der Produktivit\u00e4t<\/strong><\/h3>\n<ul>\n<li><img decoding=\"async\" class=\"alignnone size-full wp-image-3279\" src=\"https:\/\/www.miksch.de\/wp-content\/uploads\/2020\/06\/Frame-116.png\" alt=\"\" width=\"16\" height=\"12\" \/> hohe Packungsdichte<\/li>\n<li><img decoding=\"async\" class=\"alignnone size-full wp-image-3279\" src=\"https:\/\/www.miksch.de\/wp-content\/uploads\/2020\/06\/Frame-116.png\" alt=\"\" width=\"16\" height=\"12\" \/> Werkzeuggewicht bis 25 kg m\u00f6glich<\/li>\n<li><img decoding=\"async\" class=\"alignnone wp-image-3279\" src=\"https:\/\/www.miksch.de\/wp-content\/uploads\/2020\/06\/Frame-116.png\" alt=\"\" width=\"16\" height=\"12\" \/> verschiedene Werkzeugaufnahmen in einem Magazin<\/li>\n<li><img decoding=\"async\" class=\"alignnone wp-image-3279\" src=\"https:\/\/www.miksch.de\/wp-content\/uploads\/2020\/06\/Frame-116.png\" alt=\"\" width=\"16\" height=\"12\" \/> einfache und schnelle Integration sowie<br \/>\nAustausch<\/li>\n<\/ul>\n<\/div>\n<div>\n<h3 style=\"margin-bottom: 15px;\"><strong>Flexibel in der Anwendung<\/strong><\/h3>\n<ul>\n<li><img decoding=\"async\" class=\"alignnone size-full wp-image-3279\" src=\"https:\/\/www.miksch.de\/wp-content\/uploads\/2020\/06\/Frame-116.png\" alt=\"\" width=\"16\" height=\"12\" \/> vertikale und horizontale Einbaulage<\/li>\n<li><img decoding=\"async\" class=\"alignnone size-full wp-image-3279\" src=\"https:\/\/www.miksch.de\/wp-content\/uploads\/2020\/06\/Frame-116.png\" alt=\"\" width=\"16\" height=\"12\" \/>mit oder ohne Schwenkeinheit sowie<br \/>\n\u00dcbergabeeinheit<\/li>\n<li><img decoding=\"async\" class=\"alignnone size-full wp-image-3279\" src=\"https:\/\/www.miksch.de\/wp-content\/uploads\/2020\/06\/Frame-116.png\" alt=\"\" width=\"16\" height=\"12\" \/> dem Bauraum angepasste Form und Gr\u00f6\u00dfe<\/li>\n<li><img decoding=\"async\" class=\"alignnone size-full wp-image-3279\" src=\"https:\/\/www.miksch.de\/wp-content\/uploads\/2020\/06\/Frame-116.png\" alt=\"\" width=\"16\" height=\"12\" \/> alle g\u00e4ngigen Werkzeugaufnahmen<\/li>\n<li><img decoding=\"async\" class=\"alignnone size-full wp-image-3279\" src=\"https:\/\/www.miksch.de\/wp-content\/uploads\/2020\/06\/Frame-116.png\" alt=\"\" width=\"16\" height=\"12\" \/> bei Bedarf erweiterbar<\/li>\n<\/ul>\n<\/div>\n<div>\n<h3 style=\"margin-bottom: 15px;\"><strong>Reduzierung der Kosten<\/strong><\/h3>\n<ul>\n<li><img decoding=\"async\" class=\"alignnone size-full wp-image-3279\" src=\"https:\/\/www.miksch.de\/wp-content\/uploads\/2020\/06\/Frame-116.png\" alt=\"\" width=\"16\" height=\"12\" \/> robust und zuverl\u00e4ssig<\/li>\n<li><img decoding=\"async\" class=\"alignnone size-full wp-image-3279\" src=\"https:\/\/www.miksch.de\/wp-content\/uploads\/2020\/06\/Frame-116.png\" alt=\"\" width=\"16\" height=\"12\" \/> schnell und pr\u00e4zise<\/li>\n<li><img decoding=\"async\" class=\"alignnone size-full wp-image-3279\" src=\"https:\/\/www.miksch.de\/wp-content\/uploads\/2020\/06\/Frame-116.png\" alt=\"\" width=\"16\" height=\"12\" \/> verschlei\u00df- und wartungsarm<\/li>\n<li><img decoding=\"async\" class=\"alignnone size-full wp-image-3279\" src=\"https:\/\/www.miksch.de\/wp-content\/uploads\/2020\/06\/Frame-116.png\" alt=\"\" width=\"16\" height=\"12\" \/> kraft- oder formschl\u00fcssige<br \/>\nWerkzeugverriegelung<\/li>\n<li><img decoding=\"async\" class=\"alignnone size-full wp-image-3279\" src=\"https:\/\/www.miksch.de\/wp-content\/uploads\/2020\/06\/Frame-116.png\" alt=\"\" width=\"16\" height=\"12\" \/> frei von Hydraulik<\/li>\n<\/ul>\n<\/div>\n<\/div>\n<h2 class=\"title\" style=\"font-size: 24px;\">TECHNISCHE DATEN<\/h2>\n<table style=\"font-size: 14px !important; line-height: 22px !important;\" border=\"1\">\n<tbody>\n<tr>\n<td style=\"background: #c0c0c0; font-weight: bold; color: #000000;\">Bezeichnung<\/td>\n<td style=\"background: #d8d8d8; color: #000000;\">MDM<\/td>\n<\/tr>\n<tr>\n<td style=\"background: #cccccc; font-weight: bold; color: #000000;\">Werkzeuggewicht<\/td>\n<td style=\"background: #e4e4e4; color: #000000;\">bis 25 kg<\/td>\n<\/tr>\n<tr>\n<td style=\"background: #c0c0c0; font-weight: bold; color: #000000;\">Einbaulage<\/td>\n<td style=\"background: #d8d8d8; color: #000000;\">vertikal und horizontal<\/td>\n<\/tr>\n<tr>\n<td style=\"background: #cccccc; font-weight: bold; color: #000000;\">Antrieb<\/td>\n<td style=\"background: #e4e4e4; color: #000000;\">Drehstrom-Bremsmotor, Drehstrommotor, Servomotor<\/td>\n<\/tr>\n<tr>\n<td style=\"background: #c0c0c0; font-weight: bold; color: #000000;\">Werkzeugaufnahmen<\/td>\n<td style=\"background: #d8d8d8; color: #000000;\">alle g\u00e4ngigen Werkzeugaufnahmen<br \/>\nSonderaufnahmen auf Anfrage<\/td>\n<\/tr>\n<tr>\n<td style=\"background: #cccccc; font-weight: bold; color: #000000;\">Anzahl der Pl\u00e4tze<\/td>\n<td style=\"background: #e4e4e4; color: #000000;\">bis zu 30 Pl\u00e4tze m\u00f6glich<\/td>\n<\/tr>\n<\/tbody>\n<\/table>\n","protected":false},"excerpt":{"rendered":"<p><strong>MIKSCH Scheibenmagazine<\/strong> sind eine praktische L\u00f6sung, wenn es bei der Werkzeugspeicherung rund zur Sache geht. Sie k\u00f6nnen mit festen K\u00f6chern, Klappk\u00f6chern oder mit Werkzeugzangen ausgestattet werden.<\/p>\n<p>Sie ben\u00f6tigen erste Technische Daten oder Details zu einem Scheibenmagazin? Kein Problem. Lassen Sie uns hierzu eine v\u00f6llig unverbindliche Anfrage zukommen und wir helfen Ihnen gerne weiter.<\/p>\n<p>Unter \u201eDownload\u201c finden Sie unseren technischen Fragebogen, damit wir Ihre Anfrage konkret auslegen k\u00f6nnen.<\/p>\n<div id=\"linkContainer\">\n<ul>\n<li><a href=\"\/wp-content\/uploads\/2026\/01\/M1324DD2412_Werkzeugmagazine-Fragebogen.pdf\" target=\"_blank\" rel=\"noopener\">Fragebogen Werkzeugmagazin<\/a><\/li>\n<\/ul>\n<\/div>\n","protected":false},"featured_media":4329,"comment_status":"closed","ping_status":"closed","template":"","meta":{"_acf_changed":false},"product_brand":[],"product_cat":[93],"class_list":{"0":"post-3368","1":"product","2":"type-product","3":"status-publish","4":"has-post-thumbnail","6":"product_cat-innovative-werkzeugmagazine-werkzeugspeicher-fuer-maximale-effizienz","8":"first","9":"instock","10":"shipping-taxable","11":"product-type-external"},"acf":[],"yoast_head":"<!-- This site is optimized with the Yoast SEO plugin v27.3 - https:\/\/yoast.com\/product\/yoast-seo-wordpress\/ -->\n<title>Scheibenmagazine f\u00fcr effiziente Werkzeugspeicherung<\/title>\n<meta name=\"description\" content=\"MIKSCH Scheibenmagazine: einzigartige Flexibilit\u00e4t, einfache Integration in Bearbeitungszentren. Verschiedene Werkzeugaufnahmen, hohe Packungsdichte!\" \/>\n<meta name=\"robots\" content=\"index, follow, max-snippet:-1, max-image-preview:large, max-video-preview:-1\" \/>\n<link rel=\"canonical\" href=\"https:\/\/www.miksch.de\/de\/produkt\/flexible-scheibenmagazine-fuer-optimale-werkzeugspeicherung\/\" \/>\n<meta property=\"og:locale\" content=\"de_DE\" \/>\n<meta property=\"og:type\" content=\"article\" \/>\n<meta property=\"og:title\" content=\"Scheibenmagazine f\u00fcr effiziente Werkzeugspeicherung\" \/>\n<meta property=\"og:description\" content=\"MIKSCH Scheibenmagazine: einzigartige Flexibilit\u00e4t, einfache Integration in Bearbeitungszentren. Verschiedene Werkzeugaufnahmen, hohe Packungsdichte!\" \/>\n<meta property=\"og:url\" content=\"https:\/\/www.miksch.de\/de\/produkt\/flexible-scheibenmagazine-fuer-optimale-werkzeugspeicherung\/\" \/>\n<meta property=\"og:site_name\" content=\"MIKSCH - accelerates\" \/>\n<meta property=\"article:publisher\" content=\"https:\/\/www.facebook.com\/people\/Miksch-GmbH\/100066497170541\/\" \/>\n<meta property=\"article:modified_time\" content=\"2026-03-30T09:08:57+00:00\" \/>\n<meta property=\"og:image\" content=\"https:\/\/www.miksch.de\/wp-content\/uploads\/2025\/01\/werkzeugmagazin-scheibenmagazin-werkzeugwechselsystem-20plaetze-miksch-Vors.webp\" \/>\n\t<meta property=\"og:image:width\" content=\"350\" \/>\n\t<meta property=\"og:image:height\" content=\"350\" \/>\n\t<meta property=\"og:image:type\" content=\"image\/webp\" \/>\n<meta name=\"twitter:card\" content=\"summary_large_image\" \/>\n<meta name=\"twitter:label1\" content=\"Gesch\u00e4tzte Lesezeit\" \/>\n\t<meta name=\"twitter:data1\" content=\"4\u00a0Minuten\" \/>\n<script type=\"application\/ld+json\" class=\"yoast-schema-graph\">{\"@context\":\"https:\\\/\\\/schema.org\",\"@graph\":[{\"@type\":\"WebPage\",\"@id\":\"https:\\\/\\\/www.miksch.de\\\/produkt\\\/flexible-scheibenmagazine-fuer-optimale-werkzeugspeicherung\\\/\",\"url\":\"https:\\\/\\\/www.miksch.de\\\/produkt\\\/flexible-scheibenmagazine-fuer-optimale-werkzeugspeicherung\\\/\",\"name\":\"Scheibenmagazine f\u00fcr effiziente Werkzeugspeicherung\",\"isPartOf\":{\"@id\":\"https:\\\/\\\/www.miksch.de\\\/#website\"},\"primaryImageOfPage\":{\"@id\":\"https:\\\/\\\/www.miksch.de\\\/produkt\\\/flexible-scheibenmagazine-fuer-optimale-werkzeugspeicherung\\\/#primaryimage\"},\"image\":{\"@id\":\"https:\\\/\\\/www.miksch.de\\\/produkt\\\/flexible-scheibenmagazine-fuer-optimale-werkzeugspeicherung\\\/#primaryimage\"},\"thumbnailUrl\":\"https:\\\/\\\/www.miksch.de\\\/wp-content\\\/uploads\\\/2025\\\/01\\\/werkzeugmagazin-scheibenmagazin-werkzeugwechselsystem-20plaetze-miksch-Vors.webp\",\"datePublished\":\"2024-11-12T12:49:43+00:00\",\"dateModified\":\"2026-03-30T09:08:57+00:00\",\"description\":\"MIKSCH Scheibenmagazine: einzigartige Flexibilit\u00e4t, einfache Integration in Bearbeitungszentren. Verschiedene Werkzeugaufnahmen, hohe Packungsdichte!\",\"breadcrumb\":{\"@id\":\"https:\\\/\\\/www.miksch.de\\\/produkt\\\/flexible-scheibenmagazine-fuer-optimale-werkzeugspeicherung\\\/#breadcrumb\"},\"inLanguage\":\"de\",\"potentialAction\":[{\"@type\":\"ReadAction\",\"target\":[\"https:\\\/\\\/www.miksch.de\\\/produkt\\\/flexible-scheibenmagazine-fuer-optimale-werkzeugspeicherung\\\/\"]}]},{\"@type\":\"ImageObject\",\"inLanguage\":\"de\",\"@id\":\"https:\\\/\\\/www.miksch.de\\\/produkt\\\/flexible-scheibenmagazine-fuer-optimale-werkzeugspeicherung\\\/#primaryimage\",\"url\":\"https:\\\/\\\/www.miksch.de\\\/wp-content\\\/uploads\\\/2025\\\/01\\\/werkzeugmagazin-scheibenmagazin-werkzeugwechselsystem-20plaetze-miksch-Vors.webp\",\"contentUrl\":\"https:\\\/\\\/www.miksch.de\\\/wp-content\\\/uploads\\\/2025\\\/01\\\/werkzeugmagazin-scheibenmagazin-werkzeugwechselsystem-20plaetze-miksch-Vors.webp\",\"width\":350,\"height\":350,\"caption\":\"Scheibenf\u00f6rmiges Werkzeugmagazin mit 20 Lagerpl\u00e4tzen.\"},{\"@type\":\"BreadcrumbList\",\"@id\":\"https:\\\/\\\/www.miksch.de\\\/produkt\\\/flexible-scheibenmagazine-fuer-optimale-werkzeugspeicherung\\\/#breadcrumb\",\"itemListElement\":[{\"@type\":\"ListItem\",\"position\":1,\"name\":\"Home\",\"item\":\"https:\\\/\\\/www.miksch.de\\\/\"},{\"@type\":\"ListItem\",\"position\":2,\"name\":\"Produkte\",\"item\":\"https:\\\/\\\/www.miksch.de\\\/shop\\\/\"},{\"@type\":\"ListItem\",\"position\":3,\"name\":\"Scheibenmagazine f\u00fcr effiziente Werkzeugspeicherung\"}]},{\"@type\":\"WebSite\",\"@id\":\"https:\\\/\\\/www.miksch.de\\\/#website\",\"url\":\"https:\\\/\\\/www.miksch.de\\\/\",\"name\":\"MIKSCH GmbH\",\"description\":\"\",\"publisher\":{\"@id\":\"https:\\\/\\\/www.miksch.de\\\/#organization\"},\"potentialAction\":[{\"@type\":\"SearchAction\",\"target\":{\"@type\":\"EntryPoint\",\"urlTemplate\":\"https:\\\/\\\/www.miksch.de\\\/?s={search_term_string}\"},\"query-input\":{\"@type\":\"PropertyValueSpecification\",\"valueRequired\":true,\"valueName\":\"search_term_string\"}}],\"inLanguage\":\"de\"},{\"@type\":\"Organization\",\"@id\":\"https:\\\/\\\/www.miksch.de\\\/#organization\",\"name\":\"MIKSCH GmbH\",\"url\":\"https:\\\/\\\/www.miksch.de\\\/\",\"logo\":{\"@type\":\"ImageObject\",\"inLanguage\":\"de\",\"@id\":\"https:\\\/\\\/www.miksch.de\\\/#\\\/schema\\\/logo\\\/image\\\/\",\"url\":\"https:\\\/\\\/www.miksch.de\\\/wp-content\\\/uploads\\\/2024\\\/11\\\/gcOnlineDirectory-5-2.png\",\"contentUrl\":\"https:\\\/\\\/www.miksch.de\\\/wp-content\\\/uploads\\\/2024\\\/11\\\/gcOnlineDirectory-5-2.png\",\"width\":227,\"height\":48,\"caption\":\"MIKSCH GmbH\"},\"image\":{\"@id\":\"https:\\\/\\\/www.miksch.de\\\/#\\\/schema\\\/logo\\\/image\\\/\"},\"sameAs\":[\"https:\\\/\\\/www.facebook.com\\\/people\\\/Miksch-GmbH\\\/100066497170541\\\/\",\"https:\\\/\\\/au.linkedin.com\\\/company\\\/miksch-gmbh\"]}]}<\/script>\n<!-- \/ Yoast SEO plugin. -->","yoast_head_json":{"title":"Scheibenmagazine f\u00fcr effiziente Werkzeugspeicherung","description":"MIKSCH Scheibenmagazine: einzigartige Flexibilit\u00e4t, einfache Integration in Bearbeitungszentren. Verschiedene Werkzeugaufnahmen, hohe Packungsdichte!","robots":{"index":"index","follow":"follow","max-snippet":"max-snippet:-1","max-image-preview":"max-image-preview:large","max-video-preview":"max-video-preview:-1"},"canonical":"https:\/\/www.miksch.de\/de\/produkt\/flexible-scheibenmagazine-fuer-optimale-werkzeugspeicherung\/","og_locale":"de_DE","og_type":"article","og_title":"Scheibenmagazine f\u00fcr effiziente Werkzeugspeicherung","og_description":"MIKSCH Scheibenmagazine: einzigartige Flexibilit\u00e4t, einfache Integration in Bearbeitungszentren. Verschiedene Werkzeugaufnahmen, hohe Packungsdichte!","og_url":"https:\/\/www.miksch.de\/de\/produkt\/flexible-scheibenmagazine-fuer-optimale-werkzeugspeicherung\/","og_site_name":"MIKSCH - accelerates","article_publisher":"https:\/\/www.facebook.com\/people\/Miksch-GmbH\/100066497170541\/","article_modified_time":"2026-03-30T09:08:57+00:00","og_image":[{"width":350,"height":350,"url":"https:\/\/www.miksch.de\/wp-content\/uploads\/2025\/01\/werkzeugmagazin-scheibenmagazin-werkzeugwechselsystem-20plaetze-miksch-Vors.webp","type":"image\/webp"}],"twitter_card":"summary_large_image","twitter_misc":{"Gesch\u00e4tzte Lesezeit":"4\u00a0Minuten"},"schema":{"@context":"https:\/\/schema.org","@graph":[{"@type":"WebPage","@id":"https:\/\/www.miksch.de\/produkt\/flexible-scheibenmagazine-fuer-optimale-werkzeugspeicherung\/","url":"https:\/\/www.miksch.de\/produkt\/flexible-scheibenmagazine-fuer-optimale-werkzeugspeicherung\/","name":"Scheibenmagazine f\u00fcr effiziente Werkzeugspeicherung","isPartOf":{"@id":"https:\/\/www.miksch.de\/#website"},"primaryImageOfPage":{"@id":"https:\/\/www.miksch.de\/produkt\/flexible-scheibenmagazine-fuer-optimale-werkzeugspeicherung\/#primaryimage"},"image":{"@id":"https:\/\/www.miksch.de\/produkt\/flexible-scheibenmagazine-fuer-optimale-werkzeugspeicherung\/#primaryimage"},"thumbnailUrl":"https:\/\/www.miksch.de\/wp-content\/uploads\/2025\/01\/werkzeugmagazin-scheibenmagazin-werkzeugwechselsystem-20plaetze-miksch-Vors.webp","datePublished":"2024-11-12T12:49:43+00:00","dateModified":"2026-03-30T09:08:57+00:00","description":"MIKSCH Scheibenmagazine: einzigartige Flexibilit\u00e4t, einfache Integration in Bearbeitungszentren. Verschiedene Werkzeugaufnahmen, hohe Packungsdichte!","breadcrumb":{"@id":"https:\/\/www.miksch.de\/produkt\/flexible-scheibenmagazine-fuer-optimale-werkzeugspeicherung\/#breadcrumb"},"inLanguage":"de","potentialAction":[{"@type":"ReadAction","target":["https:\/\/www.miksch.de\/produkt\/flexible-scheibenmagazine-fuer-optimale-werkzeugspeicherung\/"]}]},{"@type":"ImageObject","inLanguage":"de","@id":"https:\/\/www.miksch.de\/produkt\/flexible-scheibenmagazine-fuer-optimale-werkzeugspeicherung\/#primaryimage","url":"https:\/\/www.miksch.de\/wp-content\/uploads\/2025\/01\/werkzeugmagazin-scheibenmagazin-werkzeugwechselsystem-20plaetze-miksch-Vors.webp","contentUrl":"https:\/\/www.miksch.de\/wp-content\/uploads\/2025\/01\/werkzeugmagazin-scheibenmagazin-werkzeugwechselsystem-20plaetze-miksch-Vors.webp","width":350,"height":350,"caption":"Scheibenf\u00f6rmiges Werkzeugmagazin mit 20 Lagerpl\u00e4tzen."},{"@type":"BreadcrumbList","@id":"https:\/\/www.miksch.de\/produkt\/flexible-scheibenmagazine-fuer-optimale-werkzeugspeicherung\/#breadcrumb","itemListElement":[{"@type":"ListItem","position":1,"name":"Home","item":"https:\/\/www.miksch.de\/"},{"@type":"ListItem","position":2,"name":"Produkte","item":"https:\/\/www.miksch.de\/shop\/"},{"@type":"ListItem","position":3,"name":"Scheibenmagazine f\u00fcr effiziente Werkzeugspeicherung"}]},{"@type":"WebSite","@id":"https:\/\/www.miksch.de\/#website","url":"https:\/\/www.miksch.de\/","name":"MIKSCH GmbH","description":"","publisher":{"@id":"https:\/\/www.miksch.de\/#organization"},"potentialAction":[{"@type":"SearchAction","target":{"@type":"EntryPoint","urlTemplate":"https:\/\/www.miksch.de\/?s={search_term_string}"},"query-input":{"@type":"PropertyValueSpecification","valueRequired":true,"valueName":"search_term_string"}}],"inLanguage":"de"},{"@type":"Organization","@id":"https:\/\/www.miksch.de\/#organization","name":"MIKSCH GmbH","url":"https:\/\/www.miksch.de\/","logo":{"@type":"ImageObject","inLanguage":"de","@id":"https:\/\/www.miksch.de\/#\/schema\/logo\/image\/","url":"https:\/\/www.miksch.de\/wp-content\/uploads\/2024\/11\/gcOnlineDirectory-5-2.png","contentUrl":"https:\/\/www.miksch.de\/wp-content\/uploads\/2024\/11\/gcOnlineDirectory-5-2.png","width":227,"height":48,"caption":"MIKSCH GmbH"},"image":{"@id":"https:\/\/www.miksch.de\/#\/schema\/logo\/image\/"},"sameAs":["https:\/\/www.facebook.com\/people\/Miksch-GmbH\/100066497170541\/","https:\/\/au.linkedin.com\/company\/miksch-gmbh"]}]}},"_links":{"self":[{"href":"https:\/\/www.miksch.de\/de\/wp-json\/wp\/v2\/product\/3368","targetHints":{"allow":["GET"]}}],"collection":[{"href":"https:\/\/www.miksch.de\/de\/wp-json\/wp\/v2\/product"}],"about":[{"href":"https:\/\/www.miksch.de\/de\/wp-json\/wp\/v2\/types\/product"}],"replies":[{"embeddable":true,"href":"https:\/\/www.miksch.de\/de\/wp-json\/wp\/v2\/comments?post=3368"}],"wp:featuredmedia":[{"embeddable":true,"href":"https:\/\/www.miksch.de\/de\/wp-json\/wp\/v2\/media\/4329"}],"wp:attachment":[{"href":"https:\/\/www.miksch.de\/de\/wp-json\/wp\/v2\/media?parent=3368"}],"wp:term":[{"taxonomy":"product_brand","embeddable":true,"href":"https:\/\/www.miksch.de\/de\/wp-json\/wp\/v2\/product_brand?post=3368"},{"taxonomy":"product_cat","embeddable":true,"href":"https:\/\/www.miksch.de\/de\/wp-json\/wp\/v2\/product_cat?post=3368"}],"curies":[{"name":"wp","href":"https:\/\/api.w.org\/{rel}","templated":true}]}}