{"id":3366,"date":"2024-11-12T13:36:35","date_gmt":"2024-11-12T12:36:35","guid":{"rendered":"https:\/\/www.miksch.de\/?post_type=product&#038;p=3366"},"modified":"2026-03-30T10:10:31","modified_gmt":"2026-03-30T09:10:31","slug":"kettenmagazine-werkzeugspeicher-fuer-ihre-fertigung","status":"publish","type":"product","link":"https:\/\/www.miksch.de\/de\/produkt\/kettenmagazine-werkzeugspeicher-fuer-ihre-fertigung\/","title":{"rendered":"Kettenmagazine f\u00fcr flexible Werkzeugspeicherung"},"content":{"rendered":"<h2><\/h2>\n<h2 class=\"title\" style=\"font-size: 24px; padding: 30px 0px 10px;\">IHRE VORTEILE AUF EINEN BLICK<\/h2>\n<div class=\"responsive-columns\">\n<div>\n<h3 style=\"margin-bottom: 15px;\"><strong>Steigerung der Produktivit\u00e4t<\/strong><\/h3>\n<ul>\n<li><img decoding=\"async\" class=\"alignnone size-full wp-image-3279\" src=\"https:\/\/www.miksch.de\/wp-content\/uploads\/2020\/06\/Frame-116.png\" alt=\"\" width=\"16\" height=\"12\" \/> hohe Packungsdichte<\/li>\n<li><img decoding=\"async\" class=\"alignnone size-full wp-image-3279\" src=\"https:\/\/www.miksch.de\/wp-content\/uploads\/2020\/06\/Frame-116.png\" alt=\"\" width=\"16\" height=\"12\" \/> Werkzeuggewicht bis 45 kg m\u00f6glich<\/li>\n<li><img decoding=\"async\" class=\"alignnone wp-image-3279\" src=\"https:\/\/www.miksch.de\/wp-content\/uploads\/2020\/06\/Frame-116.png\" alt=\"\" width=\"16\" height=\"12\" \/> verschiedene Werkzeugaufnahmen in einem Magazin<\/li>\n<li><img decoding=\"async\" class=\"alignnone wp-image-3279\" src=\"https:\/\/www.miksch.de\/wp-content\/uploads\/2020\/06\/Frame-116.png\" alt=\"\" width=\"16\" height=\"12\" \/> einfache und schnelle Integration sowie<br \/>\nAustausch<\/li>\n<\/ul>\n<\/div>\n<div>\n<h3 style=\"margin-bottom: 15px;\"><strong>Flexibel in der Anwendung<\/strong><\/h3>\n<ul>\n<li><img decoding=\"async\" class=\"alignnone size-full wp-image-3279\" src=\"https:\/\/www.miksch.de\/wp-content\/uploads\/2020\/06\/Frame-116.png\" alt=\"\" width=\"16\" height=\"12\" \/> verschiedene Einbaulagen m\u00f6glich<\/li>\n<li><img decoding=\"async\" class=\"alignnone size-full wp-image-3279\" src=\"https:\/\/www.miksch.de\/wp-content\/uploads\/2020\/06\/Frame-116.png\" alt=\"\" width=\"16\" height=\"12\" \/>mit oder ohne Schwenkeinheit sowie<br \/>\n\u00dcbergabeeinheit<\/li>\n<li><img decoding=\"async\" class=\"alignnone size-full wp-image-3279\" src=\"https:\/\/www.miksch.de\/wp-content\/uploads\/2020\/06\/Frame-116.png\" alt=\"\" width=\"16\" height=\"12\" \/> dem Bauraum angepasste Form und Gr\u00f6\u00dfe<\/li>\n<li><img decoding=\"async\" class=\"alignnone size-full wp-image-3279\" src=\"https:\/\/www.miksch.de\/wp-content\/uploads\/2020\/06\/Frame-116.png\" alt=\"\" width=\"16\" height=\"12\" \/> alle g\u00e4ngigen Werkzeugaufnahmen<\/li>\n<li><img decoding=\"async\" class=\"alignnone size-full wp-image-3279\" src=\"https:\/\/www.miksch.de\/wp-content\/uploads\/2020\/06\/Frame-116.png\" alt=\"\" width=\"16\" height=\"12\" \/> bei Bedarf erweiterbar<\/li>\n<\/ul>\n<\/div>\n<div>\n<h3 style=\"margin-bottom: 15px;\"><strong>Reduzierung der Kosten<\/strong><\/h3>\n<ul>\n<li><img decoding=\"async\" class=\"alignnone size-full wp-image-3279\" src=\"https:\/\/www.miksch.de\/wp-content\/uploads\/2020\/06\/Frame-116.png\" alt=\"\" width=\"16\" height=\"12\" \/> robust und zuverl\u00e4ssig<\/li>\n<li><img decoding=\"async\" class=\"alignnone size-full wp-image-3279\" src=\"https:\/\/www.miksch.de\/wp-content\/uploads\/2020\/06\/Frame-116.png\" alt=\"\" width=\"16\" height=\"12\" \/> schnell und pr\u00e4zise<\/li>\n<li><img decoding=\"async\" class=\"alignnone size-full wp-image-3279\" src=\"https:\/\/www.miksch.de\/wp-content\/uploads\/2020\/06\/Frame-116.png\" alt=\"\" width=\"16\" height=\"12\" \/> verschlei\u00df- und wartungsarm<\/li>\n<li><img decoding=\"async\" class=\"alignnone size-full wp-image-3279\" src=\"https:\/\/www.miksch.de\/wp-content\/uploads\/2020\/06\/Frame-116.png\" alt=\"\" width=\"16\" height=\"12\" \/> kraft- oder formschl\u00fcssige<br \/>\nWerkzeugverriegelung<\/li>\n<li><img decoding=\"async\" class=\"alignnone size-full wp-image-3279\" src=\"https:\/\/www.miksch.de\/wp-content\/uploads\/2020\/06\/Frame-116.png\" alt=\"\" width=\"16\" height=\"12\" \/> frei von Hydraulik<\/li>\n<\/ul>\n<\/div>\n<\/div>\n<h2 class=\"title\" style=\"font-size: 24px;\">TECHNISCHE DATEN<\/h2>\n<div lang=\"de\" style=\"width: 100%; max-width: 100%; overflow-x: auto; overflow-y: hidden;\">\n<table style=\"width: 100% !important; max-width: 100% !important; border-collapse: collapse; table-layout: fixed !important; font-size: 14px !important; line-height: 1.2 !important;\" border=\"1\">\n<tbody>\n<tr><!-- Linke Video-Spalte --><\/p>\n<td style=\"width: 33.333% !important; min-width: 320px; background: #c0c0c0; font-weight: bold; color: #000; padding: 12px; box-sizing: border-box; position: relative; vertical-align: top; overflow: hidden;\" rowspan=\"6\"><!-- Video-Zone: mittig, ohne Scroll, passt sich H\u00f6he\/Breite an --><\/p>\n<div style=\"position: absolute; left: 12px; right: 12px; top: 52px; bottom: 12px; display: flex; align-items: center; justify-content: center; overflow: hidden; z-index: 1;\">\n<p><!-- Diese Box h\u00e4lt 16:9, wird aber kleiner wenn H\u00f6he limitiert --><\/p>\n<div class=\"product-video-thumb\" style=\"height: 100%; width: auto; max-width: 100%; aspect-ratio: 16\/9; max-height: 360px; display: block !important; margin: 0 auto !important;\"><iframe style=\"width: 100% !important; height: 100% !important; border: 0; display: block !important; visibility: visible !important; opacity: 1 !important;\" title=\"V\u00eddeo do produto\" src=\"https:\/\/www.youtube.com\/embed\/M_VA7KMrtDQ\" frameborder=\"0\" allowfullscreen=\"allowfullscreen\"><\/iframe><\/div>\n<\/div>\n<\/td>\n<p><!-- Rechte Spalten (gleich breit + WRAP FIX) --><\/p>\n<td style=\"width: 33.333% !important; background: #c0c0c0; font-weight: bold; color: #000; padding: 6px 10px; vertical-align: middle; box-sizing: border-box; font-size: 14px !important; line-height: 1.2 !important; white-space: normal !important; overflow-wrap: anywhere; word-break: break-word; hyphens: auto;\">Bezeichnung<\/td>\n<td style=\"width: 33.333% !important; background: #d8d8d8; color: #000; padding: 6px 10px; vertical-align: middle; box-sizing: border-box; font-size: 14px !important; line-height: 1.2 !important; white-space: normal !important; overflow-wrap: anywhere; word-break: break-word; hyphens: auto;\">MCM<\/td>\n<\/tr>\n<tr>\n<td style=\"background: #cccccc; font-weight: bold; color: #000; padding: 6px 10px; vertical-align: middle; box-sizing: border-box; font-size: 14px !important; line-height: 1.2 !important; white-space: normal !important; overflow-wrap: anywhere; word-break: break-word; hyphens: auto;\">Werkzeuggewicht<\/td>\n<td style=\"background: #e4e4e4; color: #000; padding: 6px 10px; vertical-align: middle; box-sizing: border-box; font-size: 14px !important; line-height: 1.2 !important; white-space: normal !important; overflow-wrap: anywhere; word-break: break-word; hyphens: auto;\">bis 45 kg<\/td>\n<\/tr>\n<tr>\n<td style=\"background: #c0c0c0; font-weight: bold; color: #000; padding: 6px 10px; vertical-align: middle; box-sizing: border-box; font-size: 14px !important; line-height: 1.2 !important; white-space: normal !important; overflow-wrap: anywhere; word-break: break-word; hyphens: auto;\">Einbaulage<\/td>\n<td style=\"background: #d8d8d8; color: #000; padding: 6px 10px; vertical-align: middle; box-sizing: border-box; font-size: 14px !important; line-height: 1.2 !important; white-space: normal !important; overflow-wrap: anywhere; word-break: break-word; hyphens: auto;\">beliebig<\/td>\n<\/tr>\n<tr>\n<td style=\"background: #cccccc; font-weight: bold; color: #000; padding: 6px 10px; vertical-align: middle; box-sizing: border-box; font-size: 14px !important; line-height: 1.2 !important; white-space: normal !important; overflow-wrap: anywhere; word-break: break-word; hyphens: auto;\">Antrieb<\/td>\n<td style=\"background: #e4e4e4; color: #000; padding: 6px 10px; vertical-align: middle; box-sizing: border-box; font-size: 14px !important; line-height: 1.2 !important; white-space: normal !important; overflow-wrap: anywhere; word-break: break-word; hyphens: auto;\">Servomotor<\/td>\n<\/tr>\n<tr>\n<td style=\"background: #c0c0c0; font-weight: bold; color: #000; padding: 6px 10px; vertical-align: middle; box-sizing: border-box; font-size: 14px !important; line-height: 1.2 !important; white-space: normal !important; overflow-wrap: anywhere; word-break: break-word; hyphens: auto;\">Werkzeugaufnahmen<\/td>\n<td style=\"background: #d8d8d8; color: #000; padding: 6px 10px; vertical-align: middle; box-sizing: border-box; font-size: 14px !important; line-height: 1.2 !important; white-space: normal !important; overflow-wrap: anywhere; word-break: break-word; hyphens: auto;\">alle g\u00e4ngigen Werkzeugaufnahmen,<br \/>\nSonderaufnahmen auf Anfrage<\/td>\n<\/tr>\n<tr>\n<td style=\"background: #cccccc; font-weight: bold; color: #000; padding: 6px 10px; vertical-align: middle; box-sizing: border-box; font-size: 14px !important; line-height: 1.2 !important; white-space: normal !important; overflow-wrap: anywhere; word-break: break-word; hyphens: auto;\">Anzahl der Pl\u00e4tze<\/td>\n<td style=\"background: #e4e4e4; color: #000; padding: 6px 10px; vertical-align: middle; box-sizing: border-box; font-size: 14px !important; line-height: 1.2 !important; white-space: normal !important; overflow-wrap: anywhere; word-break: break-word; hyphens: auto;\">bis zu 180 Pl\u00e4tze m\u00f6glich<\/td>\n<\/tr>\n<\/tbody>\n<\/table>\n<\/div>\n","protected":false},"excerpt":{"rendered":"<p>Ein echter Klassiker unter den Werkzeugspeichern sind die\u00a0 <strong>MIKSCH Kettenmagazine<\/strong>! Dank seiner beliebigen Einbaulage, der Verf\u00fcgbarkeit aller g\u00e4ngigen Werkzeugaufnahmen und der M\u00f6glichkeit von bis zu 180 Pl\u00e4tzen ist es \u00e4u\u00dferst flexibel und vielseitig einsetzbar. Au\u00dferdem kann das Kettenmagazin mit den verschiedensten Werkzeugtr\u00e4gern ausgestattet werden. Also Werkzeugzangen, Klappk\u00f6cher oder feste K\u00f6cher.<\/p>\n<p>Geht es um die Speicherung von Werkzeugen in Kettenmagazinen, dann sind unsere Magazine die beste Wahl. Nutzen Sie hier unsere langj\u00e4hrige Erfahrung.<\/p>\n<p>Sie ben\u00f6tigen erste Technische Daten oder Details zu einem Kettenmagazin? Kein Problem. Lassen Sie uns hierzu eine v\u00f6llig unverbindliche Anfrage zukommen und wir helfen Ihnen gerne weiter.<\/p>\n<p>Unter \u201eDownload\u201c finden Sie unseren technischen Fragebogen, damit wir Ihre Anfrage konkret auslegen k\u00f6nnen.<\/p>\n<div id=\"linkContainer\">\n<ul>\n<li><a href=\"\/wp-content\/uploads\/2026\/01\/M1324DD2412_Werkzeugmagazine-Fragebogen.pdf\" target=\"_blank\" rel=\"noopener\">Fragebogen Werkzeugmagazin<\/a><\/li>\n<\/ul>\n<\/div>\n","protected":false},"featured_media":4986,"comment_status":"closed","ping_status":"closed","template":"","meta":{"_acf_changed":false},"product_brand":[],"product_cat":[93],"class_list":{"0":"post-3366","1":"product","2":"type-product","3":"status-publish","4":"has-post-thumbnail","6":"product_cat-innovative-werkzeugmagazine-werkzeugspeicher-fuer-maximale-effizienz","8":"first","9":"instock","10":"shipping-taxable","11":"product-type-external"},"acf":[],"yoast_head":"<!-- This site is optimized with the Yoast SEO plugin v27.3 - https:\/\/yoast.com\/product\/yoast-seo-wordpress\/ -->\n<title>Kettenmagazine f\u00fcr flexible Werkzeugspeicherung<\/title>\n<meta name=\"description\" content=\"Hochwertige Kettenmagazine - Optimale Werkzeuglagerung und -bereitstellung mit Kettenmagazinen von MIKSCH. Werkzeugspeicher f\u00fcr maximale Effizienz.\" \/>\n<meta name=\"robots\" content=\"index, follow, max-snippet:-1, max-image-preview:large, max-video-preview:-1\" \/>\n<link rel=\"canonical\" href=\"https:\/\/www.miksch.de\/de\/produkt\/kettenmagazine-werkzeugspeicher-fuer-ihre-fertigung\/\" \/>\n<meta property=\"og:locale\" content=\"de_DE\" \/>\n<meta property=\"og:type\" content=\"article\" \/>\n<meta property=\"og:title\" content=\"Kettenmagazine f\u00fcr flexible Werkzeugspeicherung\" \/>\n<meta property=\"og:description\" content=\"Hochwertige Kettenmagazine - Optimale Werkzeuglagerung und -bereitstellung mit Kettenmagazinen von MIKSCH. Werkzeugspeicher f\u00fcr maximale Effizienz.\" \/>\n<meta property=\"og:url\" content=\"https:\/\/www.miksch.de\/de\/produkt\/kettenmagazine-werkzeugspeicher-fuer-ihre-fertigung\/\" \/>\n<meta property=\"og:site_name\" content=\"MIKSCH - accelerates\" \/>\n<meta property=\"article:publisher\" content=\"https:\/\/www.facebook.com\/people\/Miksch-GmbH\/100066497170541\/\" \/>\n<meta property=\"article:modified_time\" content=\"2026-03-30T09:10:31+00:00\" \/>\n<meta property=\"og:image\" content=\"https:\/\/www.miksch.de\/wp-content\/uploads\/2024\/11\/werkzeugmagazin-kettenmagazin-45kg-Werkeuggewicht-miksch-Vors_weis.webp\" \/>\n\t<meta property=\"og:image:width\" content=\"350\" \/>\n\t<meta property=\"og:image:height\" content=\"350\" \/>\n\t<meta property=\"og:image:type\" content=\"image\/webp\" \/>\n<meta name=\"twitter:card\" content=\"summary_large_image\" \/>\n<meta name=\"twitter:label1\" content=\"Gesch\u00e4tzte Lesezeit\" \/>\n\t<meta name=\"twitter:data1\" content=\"4\u00a0Minuten\" \/>\n<script type=\"application\/ld+json\" class=\"yoast-schema-graph\">{\"@context\":\"https:\\\/\\\/schema.org\",\"@graph\":[{\"@type\":\"WebPage\",\"@id\":\"https:\\\/\\\/www.miksch.de\\\/produkt\\\/kettenmagazine-werkzeugspeicher-fuer-ihre-fertigung\\\/\",\"url\":\"https:\\\/\\\/www.miksch.de\\\/produkt\\\/kettenmagazine-werkzeugspeicher-fuer-ihre-fertigung\\\/\",\"name\":\"Kettenmagazine f\u00fcr flexible Werkzeugspeicherung\",\"isPartOf\":{\"@id\":\"https:\\\/\\\/www.miksch.de\\\/#website\"},\"primaryImageOfPage\":{\"@id\":\"https:\\\/\\\/www.miksch.de\\\/produkt\\\/kettenmagazine-werkzeugspeicher-fuer-ihre-fertigung\\\/#primaryimage\"},\"image\":{\"@id\":\"https:\\\/\\\/www.miksch.de\\\/produkt\\\/kettenmagazine-werkzeugspeicher-fuer-ihre-fertigung\\\/#primaryimage\"},\"thumbnailUrl\":\"https:\\\/\\\/www.miksch.de\\\/wp-content\\\/uploads\\\/2024\\\/11\\\/werkzeugmagazin-kettenmagazin-45kg-Werkeuggewicht-miksch-Vors_weis.webp\",\"datePublished\":\"2024-11-12T12:36:35+00:00\",\"dateModified\":\"2026-03-30T09:10:31+00:00\",\"description\":\"Hochwertige Kettenmagazine - Optimale Werkzeuglagerung und -bereitstellung mit Kettenmagazinen von MIKSCH. Werkzeugspeicher f\u00fcr maximale Effizienz.\",\"breadcrumb\":{\"@id\":\"https:\\\/\\\/www.miksch.de\\\/produkt\\\/kettenmagazine-werkzeugspeicher-fuer-ihre-fertigung\\\/#breadcrumb\"},\"inLanguage\":\"de\",\"potentialAction\":[{\"@type\":\"ReadAction\",\"target\":[\"https:\\\/\\\/www.miksch.de\\\/produkt\\\/kettenmagazine-werkzeugspeicher-fuer-ihre-fertigung\\\/\"]}]},{\"@type\":\"ImageObject\",\"inLanguage\":\"de\",\"@id\":\"https:\\\/\\\/www.miksch.de\\\/produkt\\\/kettenmagazine-werkzeugspeicher-fuer-ihre-fertigung\\\/#primaryimage\",\"url\":\"https:\\\/\\\/www.miksch.de\\\/wp-content\\\/uploads\\\/2024\\\/11\\\/werkzeugmagazin-kettenmagazin-45kg-Werkeuggewicht-miksch-Vors_weis.webp\",\"contentUrl\":\"https:\\\/\\\/www.miksch.de\\\/wp-content\\\/uploads\\\/2024\\\/11\\\/werkzeugmagazin-kettenmagazin-45kg-Werkeuggewicht-miksch-Vors_weis.webp\",\"width\":350,\"height\":350,\"caption\":\"Kettenmagazin zur Lagerung von schweren Werkzeugen (bis 45 kg).\"},{\"@type\":\"BreadcrumbList\",\"@id\":\"https:\\\/\\\/www.miksch.de\\\/produkt\\\/kettenmagazine-werkzeugspeicher-fuer-ihre-fertigung\\\/#breadcrumb\",\"itemListElement\":[{\"@type\":\"ListItem\",\"position\":1,\"name\":\"Home\",\"item\":\"https:\\\/\\\/www.miksch.de\\\/\"},{\"@type\":\"ListItem\",\"position\":2,\"name\":\"Produkte\",\"item\":\"https:\\\/\\\/www.miksch.de\\\/shop\\\/\"},{\"@type\":\"ListItem\",\"position\":3,\"name\":\"Kettenmagazine f\u00fcr flexible Werkzeugspeicherung\"}]},{\"@type\":\"WebSite\",\"@id\":\"https:\\\/\\\/www.miksch.de\\\/#website\",\"url\":\"https:\\\/\\\/www.miksch.de\\\/\",\"name\":\"MIKSCH GmbH\",\"description\":\"\",\"publisher\":{\"@id\":\"https:\\\/\\\/www.miksch.de\\\/#organization\"},\"potentialAction\":[{\"@type\":\"SearchAction\",\"target\":{\"@type\":\"EntryPoint\",\"urlTemplate\":\"https:\\\/\\\/www.miksch.de\\\/?s={search_term_string}\"},\"query-input\":{\"@type\":\"PropertyValueSpecification\",\"valueRequired\":true,\"valueName\":\"search_term_string\"}}],\"inLanguage\":\"de\"},{\"@type\":\"Organization\",\"@id\":\"https:\\\/\\\/www.miksch.de\\\/#organization\",\"name\":\"MIKSCH GmbH\",\"url\":\"https:\\\/\\\/www.miksch.de\\\/\",\"logo\":{\"@type\":\"ImageObject\",\"inLanguage\":\"de\",\"@id\":\"https:\\\/\\\/www.miksch.de\\\/#\\\/schema\\\/logo\\\/image\\\/\",\"url\":\"https:\\\/\\\/www.miksch.de\\\/wp-content\\\/uploads\\\/2024\\\/11\\\/gcOnlineDirectory-5-2.png\",\"contentUrl\":\"https:\\\/\\\/www.miksch.de\\\/wp-content\\\/uploads\\\/2024\\\/11\\\/gcOnlineDirectory-5-2.png\",\"width\":227,\"height\":48,\"caption\":\"MIKSCH GmbH\"},\"image\":{\"@id\":\"https:\\\/\\\/www.miksch.de\\\/#\\\/schema\\\/logo\\\/image\\\/\"},\"sameAs\":[\"https:\\\/\\\/www.facebook.com\\\/people\\\/Miksch-GmbH\\\/100066497170541\\\/\",\"https:\\\/\\\/au.linkedin.com\\\/company\\\/miksch-gmbh\"]}]}<\/script>\n<!-- \/ Yoast SEO plugin. -->","yoast_head_json":{"title":"Kettenmagazine f\u00fcr flexible Werkzeugspeicherung","description":"Hochwertige Kettenmagazine - Optimale Werkzeuglagerung und -bereitstellung mit Kettenmagazinen von MIKSCH. Werkzeugspeicher f\u00fcr maximale Effizienz.","robots":{"index":"index","follow":"follow","max-snippet":"max-snippet:-1","max-image-preview":"max-image-preview:large","max-video-preview":"max-video-preview:-1"},"canonical":"https:\/\/www.miksch.de\/de\/produkt\/kettenmagazine-werkzeugspeicher-fuer-ihre-fertigung\/","og_locale":"de_DE","og_type":"article","og_title":"Kettenmagazine f\u00fcr flexible Werkzeugspeicherung","og_description":"Hochwertige Kettenmagazine - Optimale Werkzeuglagerung und -bereitstellung mit Kettenmagazinen von MIKSCH. Werkzeugspeicher f\u00fcr maximale Effizienz.","og_url":"https:\/\/www.miksch.de\/de\/produkt\/kettenmagazine-werkzeugspeicher-fuer-ihre-fertigung\/","og_site_name":"MIKSCH - accelerates","article_publisher":"https:\/\/www.facebook.com\/people\/Miksch-GmbH\/100066497170541\/","article_modified_time":"2026-03-30T09:10:31+00:00","og_image":[{"width":350,"height":350,"url":"https:\/\/www.miksch.de\/wp-content\/uploads\/2024\/11\/werkzeugmagazin-kettenmagazin-45kg-Werkeuggewicht-miksch-Vors_weis.webp","type":"image\/webp"}],"twitter_card":"summary_large_image","twitter_misc":{"Gesch\u00e4tzte Lesezeit":"4\u00a0Minuten"},"schema":{"@context":"https:\/\/schema.org","@graph":[{"@type":"WebPage","@id":"https:\/\/www.miksch.de\/produkt\/kettenmagazine-werkzeugspeicher-fuer-ihre-fertigung\/","url":"https:\/\/www.miksch.de\/produkt\/kettenmagazine-werkzeugspeicher-fuer-ihre-fertigung\/","name":"Kettenmagazine f\u00fcr flexible Werkzeugspeicherung","isPartOf":{"@id":"https:\/\/www.miksch.de\/#website"},"primaryImageOfPage":{"@id":"https:\/\/www.miksch.de\/produkt\/kettenmagazine-werkzeugspeicher-fuer-ihre-fertigung\/#primaryimage"},"image":{"@id":"https:\/\/www.miksch.de\/produkt\/kettenmagazine-werkzeugspeicher-fuer-ihre-fertigung\/#primaryimage"},"thumbnailUrl":"https:\/\/www.miksch.de\/wp-content\/uploads\/2024\/11\/werkzeugmagazin-kettenmagazin-45kg-Werkeuggewicht-miksch-Vors_weis.webp","datePublished":"2024-11-12T12:36:35+00:00","dateModified":"2026-03-30T09:10:31+00:00","description":"Hochwertige Kettenmagazine - Optimale Werkzeuglagerung und -bereitstellung mit Kettenmagazinen von MIKSCH. Werkzeugspeicher f\u00fcr maximale Effizienz.","breadcrumb":{"@id":"https:\/\/www.miksch.de\/produkt\/kettenmagazine-werkzeugspeicher-fuer-ihre-fertigung\/#breadcrumb"},"inLanguage":"de","potentialAction":[{"@type":"ReadAction","target":["https:\/\/www.miksch.de\/produkt\/kettenmagazine-werkzeugspeicher-fuer-ihre-fertigung\/"]}]},{"@type":"ImageObject","inLanguage":"de","@id":"https:\/\/www.miksch.de\/produkt\/kettenmagazine-werkzeugspeicher-fuer-ihre-fertigung\/#primaryimage","url":"https:\/\/www.miksch.de\/wp-content\/uploads\/2024\/11\/werkzeugmagazin-kettenmagazin-45kg-Werkeuggewicht-miksch-Vors_weis.webp","contentUrl":"https:\/\/www.miksch.de\/wp-content\/uploads\/2024\/11\/werkzeugmagazin-kettenmagazin-45kg-Werkeuggewicht-miksch-Vors_weis.webp","width":350,"height":350,"caption":"Kettenmagazin zur Lagerung von schweren Werkzeugen (bis 45 kg)."},{"@type":"BreadcrumbList","@id":"https:\/\/www.miksch.de\/produkt\/kettenmagazine-werkzeugspeicher-fuer-ihre-fertigung\/#breadcrumb","itemListElement":[{"@type":"ListItem","position":1,"name":"Home","item":"https:\/\/www.miksch.de\/"},{"@type":"ListItem","position":2,"name":"Produkte","item":"https:\/\/www.miksch.de\/shop\/"},{"@type":"ListItem","position":3,"name":"Kettenmagazine f\u00fcr flexible Werkzeugspeicherung"}]},{"@type":"WebSite","@id":"https:\/\/www.miksch.de\/#website","url":"https:\/\/www.miksch.de\/","name":"MIKSCH GmbH","description":"","publisher":{"@id":"https:\/\/www.miksch.de\/#organization"},"potentialAction":[{"@type":"SearchAction","target":{"@type":"EntryPoint","urlTemplate":"https:\/\/www.miksch.de\/?s={search_term_string}"},"query-input":{"@type":"PropertyValueSpecification","valueRequired":true,"valueName":"search_term_string"}}],"inLanguage":"de"},{"@type":"Organization","@id":"https:\/\/www.miksch.de\/#organization","name":"MIKSCH GmbH","url":"https:\/\/www.miksch.de\/","logo":{"@type":"ImageObject","inLanguage":"de","@id":"https:\/\/www.miksch.de\/#\/schema\/logo\/image\/","url":"https:\/\/www.miksch.de\/wp-content\/uploads\/2024\/11\/gcOnlineDirectory-5-2.png","contentUrl":"https:\/\/www.miksch.de\/wp-content\/uploads\/2024\/11\/gcOnlineDirectory-5-2.png","width":227,"height":48,"caption":"MIKSCH GmbH"},"image":{"@id":"https:\/\/www.miksch.de\/#\/schema\/logo\/image\/"},"sameAs":["https:\/\/www.facebook.com\/people\/Miksch-GmbH\/100066497170541\/","https:\/\/au.linkedin.com\/company\/miksch-gmbh"]}]}},"_links":{"self":[{"href":"https:\/\/www.miksch.de\/de\/wp-json\/wp\/v2\/product\/3366","targetHints":{"allow":["GET"]}}],"collection":[{"href":"https:\/\/www.miksch.de\/de\/wp-json\/wp\/v2\/product"}],"about":[{"href":"https:\/\/www.miksch.de\/de\/wp-json\/wp\/v2\/types\/product"}],"replies":[{"embeddable":true,"href":"https:\/\/www.miksch.de\/de\/wp-json\/wp\/v2\/comments?post=3366"}],"wp:featuredmedia":[{"embeddable":true,"href":"https:\/\/www.miksch.de\/de\/wp-json\/wp\/v2\/media\/4986"}],"wp:attachment":[{"href":"https:\/\/www.miksch.de\/de\/wp-json\/wp\/v2\/media?parent=3366"}],"wp:term":[{"taxonomy":"product_brand","embeddable":true,"href":"https:\/\/www.miksch.de\/de\/wp-json\/wp\/v2\/product_brand?post=3366"},{"taxonomy":"product_cat","embeddable":true,"href":"https:\/\/www.miksch.de\/de\/wp-json\/wp\/v2\/product_cat?post=3366"}],"curies":[{"name":"wp","href":"https:\/\/api.w.org\/{rel}","templated":true}]}}