{"id":3362,"date":"2024-11-12T13:20:14","date_gmt":"2024-11-12T12:20:14","guid":{"rendered":"https:\/\/www.miksch.de\/?post_type=product&#038;p=3362"},"modified":"2026-03-30T10:19:49","modified_gmt":"2026-03-30T09:19:49","slug":"werkzeugwechsler-fuer-spezifische-loesungen","status":"publish","type":"product","link":"https:\/\/www.miksch.de\/de\/produkt\/werkzeugwechsler-fuer-spezifische-loesungen\/","title":{"rendered":"Werkzeugwechsler f\u00fcr\u2028spezifische \u2028L\u00f6sungen"},"content":{"rendered":"<h2 class=\"title\" style=\"font-size: 24px; padding: 30px 0px 10px;\">IHRE VORTEILE AUF EINEN BLICK<\/h2>\n<div class=\"responsive-columns\">\n<div>\n<h3 style=\"margin-bottom: 15px;\"><strong>Steigerung der Produktivit\u00e4t<\/strong><\/h3>\n<ul>\n<li><img decoding=\"async\" class=\"alignnone size-full wp-image-3279\" src=\"https:\/\/www.miksch.de\/wp-content\/uploads\/2020\/06\/Frame-116.png\" alt=\"\" width=\"16\" height=\"12\" \/><span dir=\"auto\" style=\"vertical-align: inherit;\"><span dir=\"auto\" style=\"vertical-align: inherit;\">Werkzeugwechsel &lt; 0,5 s<\/span><\/span><\/li>\n<li><img decoding=\"async\" class=\"alignnone size-full wp-image-3279\" src=\"https:\/\/www.miksch.de\/wp-content\/uploads\/2020\/06\/Frame-116.png\" alt=\"\" width=\"16\" height=\"12\" \/><span dir=\"auto\" style=\"vertical-align: inherit;\"><span dir=\"auto\" style=\"vertical-align: inherit;\">Werkzeuggewicht bis max. 85 kg m\u00f6glich<\/span><\/span><\/li>\n<li><img decoding=\"async\" class=\"alignnone wp-image-3279\" src=\"https:\/\/www.miksch.de\/wp-content\/uploads\/2020\/06\/Frame-116.png\" alt=\"\" width=\"16\" height=\"12\" \/><span dir=\"auto\" style=\"vertical-align: inherit;\"><span dir=\"auto\" style=\"vertical-align: inherit;\">Reduzierung von Stillstandszeiten<\/span><\/span><\/li>\n<li><img decoding=\"async\" class=\"alignnone wp-image-3279\" src=\"https:\/\/www.miksch.de\/wp-content\/uploads\/2020\/06\/Frame-116.png\" alt=\"\" width=\"16\" height=\"12\" \/><span dir=\"auto\" style=\"vertical-align: inherit;\"><span dir=\"auto\" style=\"vertical-align: inherit;\">Hohe Drehmomentspitzen beherrschbar<\/span><\/span><\/li>\n<li><img decoding=\"async\" class=\"alignnone wp-image-3279\" src=\"https:\/\/www.miksch.de\/wp-content\/uploads\/2020\/06\/Frame-116.png\" alt=\"\" width=\"16\" height=\"12\" \/><span dir=\"auto\" style=\"vertical-align: inherit;\"><span dir=\"auto\" style=\"vertical-align: inherit;\">Einfache und schnelle Integration sowie Werkzeugwechsel<\/span><\/span><\/li>\n<\/ul>\n<\/div>\n<div>\n<h3 style=\"margin-bottom: 15px;\"><strong>Flexibel in der Anwendung<\/strong><\/h3>\n<ul>\n<li><img decoding=\"async\" class=\"alignnone size-full wp-image-3279\" src=\"https:\/\/www.miksch.de\/wp-content\/uploads\/2020\/06\/Frame-116.png\" alt=\"\" width=\"16\" height=\"12\" \/><span dir=\"auto\" style=\"vertical-align: inherit;\"><span dir=\"auto\" style=\"vertical-align: inherit;\">Horizontale und vertikale Einbaulage<\/span><\/span><\/li>\n<li><img decoding=\"async\" class=\"alignnone size-full wp-image-3279\" src=\"https:\/\/www.miksch.de\/wp-content\/uploads\/2020\/06\/Frame-116.png\" alt=\"\" width=\"16\" height=\"12\" \/><span dir=\"auto\" style=\"vertical-align: inherit;\"><span dir=\"auto\" style=\"vertical-align: inherit;\">Positionierung neben oder gegen\u00fcber der Spindel<\/span><\/span><\/li>\n<li><img decoding=\"async\" class=\"alignnone size-full wp-image-3279\" src=\"https:\/\/www.miksch.de\/wp-content\/uploads\/2020\/06\/Frame-116.png\" alt=\"\" width=\"16\" height=\"12\" \/><span dir=\"auto\" style=\"vertical-align: inherit;\"><span dir=\"auto\" style=\"vertical-align: inherit;\">Alle g\u00e4ngigen Werkzeughalter<\/span><\/span><\/li>\n<li><img decoding=\"async\" class=\"alignnone size-full wp-image-3279\" src=\"https:\/\/www.miksch.de\/wp-content\/uploads\/2020\/06\/Frame-116.png\" alt=\"\" width=\"16\" height=\"12\" \/><span dir=\"auto\" style=\"vertical-align: inherit;\"><span dir=\"auto\" style=\"vertical-align: inherit;\">Sonderaufnahmen auf Anfrage erh\u00e4ltlich<\/span><\/span><\/li>\n<li><img decoding=\"async\" class=\"alignnone size-full wp-image-3279\" src=\"https:\/\/www.miksch.de\/wp-content\/uploads\/2020\/06\/Frame-116.png\" alt=\"\" width=\"16\" height=\"12\" \/><span dir=\"auto\" style=\"vertical-align: inherit;\"><span dir=\"auto\" style=\"vertical-align: inherit;\">Mit oder ohne Vorverriegelung<\/span><\/span><\/li>\n<\/ul>\n<\/div>\n<div>\n<h3 style=\"margin-bottom: 15px;\"><strong>Reduzierung der Kosten<\/strong><\/h3>\n<ul>\n<li><img decoding=\"async\" class=\"alignnone size-full wp-image-3279\" src=\"https:\/\/www.miksch.de\/wp-content\/uploads\/2020\/06\/Frame-116.png\" alt=\"\" width=\"16\" height=\"12\" \/><span dir=\"auto\" style=\"vertical-align: inherit;\"><span dir=\"auto\" style=\"vertical-align: inherit;\">Robust und zuverl\u00e4ssig<\/span><\/span><\/li>\n<li><img decoding=\"async\" class=\"alignnone size-full wp-image-3279\" src=\"https:\/\/www.miksch.de\/wp-content\/uploads\/2020\/06\/Frame-116.png\" alt=\"\" width=\"16\" height=\"12\" \/><span dir=\"auto\" style=\"vertical-align: inherit;\"><span dir=\"auto\" style=\"vertical-align: inherit;\">Langfristige Ersatzteilverf\u00fcgbarkeit<\/span><\/span><\/li>\n<li><img decoding=\"async\" class=\"alignnone size-full wp-image-3279\" src=\"https:\/\/www.miksch.de\/wp-content\/uploads\/2020\/06\/Frame-116.png\" alt=\"\" width=\"16\" height=\"12\" \/><span dir=\"auto\" style=\"vertical-align: inherit;\"><span dir=\"auto\" style=\"vertical-align: inherit;\">Geringer Wartungsaufwand<\/span><\/span><\/li>\n<li><img decoding=\"async\" class=\"alignnone size-full wp-image-3279\" src=\"https:\/\/www.miksch.de\/wp-content\/uploads\/2020\/06\/Frame-116.png\" alt=\"\" width=\"16\" height=\"12\" \/><span dir=\"auto\" style=\"vertical-align: inherit;\"><span dir=\"auto\" style=\"vertical-align: inherit;\">Keine zus\u00e4tzliche Steuerung erforderlich<\/span><\/span><\/li>\n<li><img decoding=\"async\" class=\"alignnone size-full wp-image-3279\" src=\"https:\/\/www.miksch.de\/wp-content\/uploads\/2020\/06\/Frame-116.png\" alt=\"\" width=\"16\" height=\"12\" \/><span dir=\"auto\" style=\"vertical-align: inherit;\"><span dir=\"auto\" style=\"vertical-align: inherit;\">Hydraulikfrei<\/span><\/span><\/li>\n<\/ul>\n<\/div>\n<\/div>\n<h2 class=\"title\" style=\"font-size: 24px;\">TECHNISCHE DATEN<\/h2>\n<div lang=\"de\" style=\"width: 100%; max-width: 100%; overflow-x: auto; overflow-y: hidden;\">\n<table style=\"width: 100% !important; max-width: 100% !important; border-collapse: collapse; table-layout: fixed !important; font-size: 14px !important; line-height: 1.2 !important;\" border=\"1\">\n<tbody>\n<tr><!-- Linke Video-Spalte --><\/p>\n<td style=\"width: 33.333% !important; background: #c0c0c0; font-weight: bold; color: #000; padding: 12px; box-sizing: border-box; position: relative; vertical-align: top; overflow: hidden;\" rowspan=\"7\"><!-- Video-Zone: mittig, ohne Scroll, passt sich H\u00f6he\/Breite an --><\/p>\n<div style=\"position: absolute; left: 12px; right: 12px; top: 52px; bottom: 12px; display: flex; align-items: center; justify-content: center; overflow: hidden; z-index: 1;\">\n<div class=\"product-video-thumb\" style=\"height: 100%; width: auto; max-width: 100%; aspect-ratio: 16\/9; max-height: 360px; display: block !important; margin: 0 auto !important;\"><iframe title=\"YouTube video player\" src=\"https:\/\/www.youtube.com\/embed\/dctU8pETB4k?si=A6sikf_U87MW4lcu\" width=\"560\" height=\"315\" frameborder=\"0\" allowfullscreen=\"allowfullscreen\"><\/iframe><\/div>\n<\/div>\n<\/td>\n<td style=\"width: 33.333% !important; background: #c0c0c0; font-weight: bold; color: #000; padding: 6px 10px; vertical-align: middle; box-sizing: border-box; font-size: 14px !important; line-height: 1.2 !important; white-space: normal !important; overflow-wrap: anywhere; word-break: break-word; hyphens: auto;\">Bezeichnung<\/td>\n<td style=\"width: 33.333% !important; background: #d8d8d8; color: #000; padding: 6px 10px; vertical-align: middle; box-sizing: border-box; font-size: 14px !important; line-height: 1.2 !important; white-space: normal !important; overflow-wrap: anywhere; word-break: break-word; hyphens: auto;\">ATC, HTC, MTC<\/td>\n<\/tr>\n<tr>\n<td style=\"background: #cccccc; font-weight: bold; color: #000; padding: 6px 10px; vertical-align: middle; box-sizing: border-box; font-size: 14px !important; line-height: 1.2 !important; white-space: normal !important; overflow-wrap: anywhere; word-break: break-word; hyphens: auto;\">Werkzeuggewicht<\/td>\n<td style=\"background: #e4e4e4; color: #000; padding: 6px 10px; vertical-align: middle; box-sizing: border-box; font-size: 14px !important; line-height: 1.2 !important; white-space: normal !important; overflow-wrap: anywhere; word-break: break-word; hyphens: auto;\">bis 85 kg<\/td>\n<\/tr>\n<tr>\n<td style=\"background: #c0c0c0; font-weight: bold; color: #000; padding: 6px 10px; vertical-align: middle; box-sizing: border-box; font-size: 14px !important; line-height: 1.2 !important; white-space: normal !important; overflow-wrap: anywhere; word-break: break-word; hyphens: auto;\">Einbaulage<\/td>\n<td style=\"background: #d8d8d8; color: #000; padding: 6px 10px; vertical-align: middle; box-sizing: border-box; font-size: 14px !important; line-height: 1.2 !important; white-space: normal !important; overflow-wrap: anywhere; word-break: break-word; hyphens: auto;\">horizontal und vertikal<\/td>\n<\/tr>\n<tr>\n<td style=\"background: #cccccc; font-weight: bold; color: #000; padding: 6px 10px; vertical-align: middle; box-sizing: border-box; font-size: 14px !important; line-height: 1.2 !important; white-space: normal !important; overflow-wrap: anywhere; word-break: break-word; hyphens: auto;\">Positionierung der Spindel<\/td>\n<td style=\"background: #e4e4e4; color: #000; padding: 6px 10px; vertical-align: middle; box-sizing: border-box; font-size: 14px !important; line-height: 1.2 !important; white-space: normal !important; overflow-wrap: anywhere; word-break: break-word; hyphens: auto;\">neben oder gegen\u00fcber<\/td>\n<\/tr>\n<tr>\n<td style=\"background: #c0c0c0; font-weight: bold; color: #000; padding: 6px 10px; vertical-align: middle; box-sizing: border-box; font-size: 14px !important; line-height: 1.2 !important; white-space: normal !important; overflow-wrap: anywhere; word-break: break-word; hyphens: auto;\">Antrieb<\/td>\n<td style=\"background: #d8d8d8; color: #000; padding: 6px 10px; vertical-align: middle; box-sizing: border-box; font-size: 14px !important; line-height: 1.2 !important; white-space: normal !important; overflow-wrap: anywhere; word-break: break-word; hyphens: auto;\">Drehstrom-Bremsmotor, Drehstrommotor, Servomotor<\/td>\n<\/tr>\n<tr>\n<td style=\"background: #cccccc; font-weight: bold; color: #000; padding: 6px 10px; vertical-align: middle; box-sizing: border-box; font-size: 14px !important; line-height: 1.2 !important; white-space: normal !important; overflow-wrap: anywhere; word-break: break-word; hyphens: auto;\">Werkzeugaufnahmen<\/td>\n<td style=\"background: #e4e4e4; color: #000; padding: 6px 10px; vertical-align: middle; box-sizing: border-box; font-size: 14px !important; line-height: 1.2 !important; white-space: normal !important; overflow-wrap: anywhere; word-break: break-word; hyphens: auto;\">alle g\u00e4ngigen Werkzeugaufnahme<br \/>\nSonderaufnahmen auf Anfrage<\/td>\n<\/tr>\n<tr>\n<td style=\"background: #c0c0c0; font-weight: bold; color: #000; padding: 6px 10px; vertical-align: middle; box-sizing: border-box; font-size: 14px !important; line-height: 1.2 !important; white-space: normal !important; overflow-wrap: anywhere; word-break: break-word; hyphens: auto;\">Wechselzeit<\/td>\n<td style=\"background: #d8d8d8; color: #000; padding: 6px 10px; vertical-align: middle; box-sizing: border-box; font-size: 14px !important; line-height: 1.2 !important; white-space: normal !important; overflow-wrap: anywhere; word-break: break-word; hyphens: auto;\">&lt; 0,5 s<\/td>\n<\/tr>\n<\/tbody>\n<\/table>\n<\/div>\n","protected":false},"excerpt":{"rendered":"<p><span dir=\"auto\" style=\"vertical-align: inherit;\"><span dir=\"auto\" style=\"vertical-align: inherit;\">Der <\/span><\/span><strong><span dir=\"auto\" style=\"vertical-align: inherit;\"><span dir=\"auto\" style=\"vertical-align: inherit;\">MIKSCH-Werkzeugwechsler<\/span><\/span><\/strong><span dir=\"auto\" style=\"vertical-align: inherit;\"><span dir=\"auto\" style=\"vertical-align: inherit;\"> erm\u00f6glicht es Ihnen, Ihre Produktionsprozesse noch effizienter zu gestalten und wertvolle Zeit zu sparen. Dank des nockengesteuerten Mechanismus sind Werkzeugwechsel pr\u00e4zise und schnell!<\/span><\/span><\/p>\n<p><span dir=\"auto\" style=\"vertical-align: inherit;\"><span dir=\"auto\" style=\"vertical-align: inherit;\">F\u00fcr <\/span><\/span><strong><span dir=\"auto\" style=\"vertical-align: inherit;\"><span dir=\"auto\" style=\"vertical-align: inherit;\">spezifische<\/span><\/span><\/strong><span dir=\"auto\" style=\"vertical-align: inherit;\"><span dir=\"auto\" style=\"vertical-align: inherit;\"> Anforderungen an den Werkzeugwechsel pr\u00fcfen wir gerne die Machbarkeit. Dabei legen wir besonderen Wert auf den Einsatz m\u00f6glichst vieler Standardkomponenten.<\/span><\/span><\/p>\n<p><span dir=\"auto\" style=\"vertical-align: inherit;\"><span dir=\"auto\" style=\"vertical-align: inherit;\">Ben\u00f6tigen Sie erste technische Daten oder Details zu einem Werkzeugwechsler f\u00fcr spezielle L\u00f6sungen? Kein Problem. Senden Sie uns einfach eine unverbindliche Anfrage \u2013 wir helfen Ihnen gerne weiter.<\/span><\/span><\/p>\n<p><span dir=\"auto\" style=\"vertical-align: inherit;\"><span dir=\"auto\" style=\"vertical-align: inherit;\">Im Bereich \u201eDownload\u201c finden Sie unseren technischen Fragebogen, damit wir Ihre Anfrage im Detail auswerten k\u00f6nnen.<\/span><\/span><\/p>\n<div id=\"linkContainer\">\n<ul>\n<li><a href=\"\/wp-content\/uploads\/2026\/01\/M1323DD2412_WerkzeugwechslerFragebogen.pdf\" target=\"_blank\" rel=\"noopener\"><span dir=\"auto\" style=\"vertical-align: inherit;\"><span dir=\"auto\" style=\"vertical-align: inherit;\">Fragebogen f\u00fcr Werkzeugwechsler<\/span><\/span><\/a><\/li>\n<\/ul>\n<\/div>\n","protected":false},"featured_media":4340,"comment_status":"closed","ping_status":"closed","template":"","meta":{"_acf_changed":false},"product_brand":[],"product_cat":[80],"class_list":{"0":"post-3362","1":"product","2":"type-product","3":"status-publish","4":"has-post-thumbnail","6":"product_cat-werkzeugwechsler-fuer-ihre-produktion-miksch-gmbh","8":"first","9":"instock","10":"shipping-taxable","11":"product-type-external"},"acf":[],"yoast_head":"<!-- This site is optimized with the Yoast SEO plugin v27.3 - https:\/\/yoast.com\/product\/yoast-seo-wordpress\/ -->\n<title>Werkzeugwechsler f\u00fcr\u2028spezifische \u2028L\u00f6sungen<\/title>\n<meta name=\"description\" content=\"MIKSCH bietet Werkzeugwechsler, die auf Ihre spezifischen Produktionsanforderungen zugeschnitten sind. Kontaktieren Sie uns f\u00fcr individuelle L\u00f6sungen.\" \/>\n<meta name=\"robots\" content=\"index, follow, max-snippet:-1, max-image-preview:large, max-video-preview:-1\" \/>\n<link rel=\"canonical\" href=\"https:\/\/www.miksch.de\/de\/produkt\/werkzeugwechsler-fuer-spezifische-loesungen\/\" \/>\n<meta property=\"og:locale\" content=\"de_DE\" \/>\n<meta property=\"og:type\" content=\"article\" \/>\n<meta property=\"og:title\" content=\"Werkzeugwechsler f\u00fcr\u2028spezifische \u2028L\u00f6sungen\" \/>\n<meta property=\"og:description\" content=\"MIKSCH bietet Werkzeugwechsler, die auf Ihre spezifischen Produktionsanforderungen zugeschnitten sind. Kontaktieren Sie uns f\u00fcr individuelle L\u00f6sungen.\" \/>\n<meta property=\"og:url\" content=\"https:\/\/www.miksch.de\/de\/produkt\/werkzeugwechsler-fuer-spezifische-loesungen\/\" \/>\n<meta property=\"og:site_name\" content=\"MIKSCH - accelerates\" \/>\n<meta property=\"article:publisher\" content=\"https:\/\/www.facebook.com\/people\/Miksch-GmbH\/100066497170541\/\" \/>\n<meta property=\"article:modified_time\" content=\"2026-03-30T09:19:49+00:00\" \/>\n<meta property=\"og:image\" content=\"https:\/\/www.miksch.de\/wp-content\/uploads\/2025\/01\/werkzeugwechsler-sonderloesung-tuerantrieb-miksch-Vors.webp\" \/>\n\t<meta property=\"og:image:width\" content=\"350\" \/>\n\t<meta property=\"og:image:height\" content=\"350\" \/>\n\t<meta property=\"og:image:type\" content=\"image\/webp\" \/>\n<meta name=\"twitter:card\" content=\"summary_large_image\" \/>\n<meta name=\"twitter:label1\" content=\"Gesch\u00e4tzte Lesezeit\" \/>\n\t<meta name=\"twitter:data1\" content=\"4\u00a0Minuten\" \/>\n<script type=\"application\/ld+json\" class=\"yoast-schema-graph\">{\"@context\":\"https:\\\/\\\/schema.org\",\"@graph\":[{\"@type\":\"WebPage\",\"@id\":\"https:\\\/\\\/www.miksch.de\\\/produkt\\\/werkzeugwechsler-fuer-spezifische-loesungen\\\/\",\"url\":\"https:\\\/\\\/www.miksch.de\\\/produkt\\\/werkzeugwechsler-fuer-spezifische-loesungen\\\/\",\"name\":\"Werkzeugwechsler f\u00fcr\\u2028spezifische \\u2028L\u00f6sungen\",\"isPartOf\":{\"@id\":\"https:\\\/\\\/www.miksch.de\\\/#website\"},\"primaryImageOfPage\":{\"@id\":\"https:\\\/\\\/www.miksch.de\\\/produkt\\\/werkzeugwechsler-fuer-spezifische-loesungen\\\/#primaryimage\"},\"image\":{\"@id\":\"https:\\\/\\\/www.miksch.de\\\/produkt\\\/werkzeugwechsler-fuer-spezifische-loesungen\\\/#primaryimage\"},\"thumbnailUrl\":\"https:\\\/\\\/www.miksch.de\\\/wp-content\\\/uploads\\\/2025\\\/01\\\/werkzeugwechsler-sonderloesung-tuerantrieb-miksch-Vors.webp\",\"datePublished\":\"2024-11-12T12:20:14+00:00\",\"dateModified\":\"2026-03-30T09:19:49+00:00\",\"description\":\"MIKSCH bietet Werkzeugwechsler, die auf Ihre spezifischen Produktionsanforderungen zugeschnitten sind. Kontaktieren Sie uns f\u00fcr individuelle L\u00f6sungen.\",\"breadcrumb\":{\"@id\":\"https:\\\/\\\/www.miksch.de\\\/produkt\\\/werkzeugwechsler-fuer-spezifische-loesungen\\\/#breadcrumb\"},\"inLanguage\":\"de\",\"potentialAction\":[{\"@type\":\"ReadAction\",\"target\":[\"https:\\\/\\\/www.miksch.de\\\/produkt\\\/werkzeugwechsler-fuer-spezifische-loesungen\\\/\"]}]},{\"@type\":\"ImageObject\",\"inLanguage\":\"de\",\"@id\":\"https:\\\/\\\/www.miksch.de\\\/produkt\\\/werkzeugwechsler-fuer-spezifische-loesungen\\\/#primaryimage\",\"url\":\"https:\\\/\\\/www.miksch.de\\\/wp-content\\\/uploads\\\/2025\\\/01\\\/werkzeugwechsler-sonderloesung-tuerantrieb-miksch-Vors.webp\",\"contentUrl\":\"https:\\\/\\\/www.miksch.de\\\/wp-content\\\/uploads\\\/2025\\\/01\\\/werkzeugwechsler-sonderloesung-tuerantrieb-miksch-Vors.webp\",\"width\":350,\"height\":350,\"caption\":\"Innovative Sonderl\u00f6sung: T\u00fcrantrieb auf Basis eines Werkzeugwechslers.\"},{\"@type\":\"BreadcrumbList\",\"@id\":\"https:\\\/\\\/www.miksch.de\\\/produkt\\\/werkzeugwechsler-fuer-spezifische-loesungen\\\/#breadcrumb\",\"itemListElement\":[{\"@type\":\"ListItem\",\"position\":1,\"name\":\"Home\",\"item\":\"https:\\\/\\\/www.miksch.de\\\/\"},{\"@type\":\"ListItem\",\"position\":2,\"name\":\"Produkte\",\"item\":\"https:\\\/\\\/www.miksch.de\\\/shop\\\/\"},{\"@type\":\"ListItem\",\"position\":3,\"name\":\"Werkzeugwechsler f\u00fcr\\u2028spezifische \\u2028L\u00f6sungen\"}]},{\"@type\":\"WebSite\",\"@id\":\"https:\\\/\\\/www.miksch.de\\\/#website\",\"url\":\"https:\\\/\\\/www.miksch.de\\\/\",\"name\":\"MIKSCH GmbH\",\"description\":\"\",\"publisher\":{\"@id\":\"https:\\\/\\\/www.miksch.de\\\/#organization\"},\"potentialAction\":[{\"@type\":\"SearchAction\",\"target\":{\"@type\":\"EntryPoint\",\"urlTemplate\":\"https:\\\/\\\/www.miksch.de\\\/?s={search_term_string}\"},\"query-input\":{\"@type\":\"PropertyValueSpecification\",\"valueRequired\":true,\"valueName\":\"search_term_string\"}}],\"inLanguage\":\"de\"},{\"@type\":\"Organization\",\"@id\":\"https:\\\/\\\/www.miksch.de\\\/#organization\",\"name\":\"MIKSCH GmbH\",\"url\":\"https:\\\/\\\/www.miksch.de\\\/\",\"logo\":{\"@type\":\"ImageObject\",\"inLanguage\":\"de\",\"@id\":\"https:\\\/\\\/www.miksch.de\\\/#\\\/schema\\\/logo\\\/image\\\/\",\"url\":\"https:\\\/\\\/www.miksch.de\\\/wp-content\\\/uploads\\\/2024\\\/11\\\/gcOnlineDirectory-5-2.png\",\"contentUrl\":\"https:\\\/\\\/www.miksch.de\\\/wp-content\\\/uploads\\\/2024\\\/11\\\/gcOnlineDirectory-5-2.png\",\"width\":227,\"height\":48,\"caption\":\"MIKSCH GmbH\"},\"image\":{\"@id\":\"https:\\\/\\\/www.miksch.de\\\/#\\\/schema\\\/logo\\\/image\\\/\"},\"sameAs\":[\"https:\\\/\\\/www.facebook.com\\\/people\\\/Miksch-GmbH\\\/100066497170541\\\/\",\"https:\\\/\\\/au.linkedin.com\\\/company\\\/miksch-gmbh\"]}]}<\/script>\n<!-- \/ Yoast SEO plugin. -->","yoast_head_json":{"title":"Werkzeugwechsler f\u00fcr\u2028spezifische \u2028L\u00f6sungen","description":"MIKSCH bietet Werkzeugwechsler, die auf Ihre spezifischen Produktionsanforderungen zugeschnitten sind. Kontaktieren Sie uns f\u00fcr individuelle L\u00f6sungen.","robots":{"index":"index","follow":"follow","max-snippet":"max-snippet:-1","max-image-preview":"max-image-preview:large","max-video-preview":"max-video-preview:-1"},"canonical":"https:\/\/www.miksch.de\/de\/produkt\/werkzeugwechsler-fuer-spezifische-loesungen\/","og_locale":"de_DE","og_type":"article","og_title":"Werkzeugwechsler f\u00fcr\u2028spezifische \u2028L\u00f6sungen","og_description":"MIKSCH bietet Werkzeugwechsler, die auf Ihre spezifischen Produktionsanforderungen zugeschnitten sind. Kontaktieren Sie uns f\u00fcr individuelle L\u00f6sungen.","og_url":"https:\/\/www.miksch.de\/de\/produkt\/werkzeugwechsler-fuer-spezifische-loesungen\/","og_site_name":"MIKSCH - accelerates","article_publisher":"https:\/\/www.facebook.com\/people\/Miksch-GmbH\/100066497170541\/","article_modified_time":"2026-03-30T09:19:49+00:00","og_image":[{"width":350,"height":350,"url":"https:\/\/www.miksch.de\/wp-content\/uploads\/2025\/01\/werkzeugwechsler-sonderloesung-tuerantrieb-miksch-Vors.webp","type":"image\/webp"}],"twitter_card":"summary_large_image","twitter_misc":{"Gesch\u00e4tzte Lesezeit":"4\u00a0Minuten"},"schema":{"@context":"https:\/\/schema.org","@graph":[{"@type":"WebPage","@id":"https:\/\/www.miksch.de\/produkt\/werkzeugwechsler-fuer-spezifische-loesungen\/","url":"https:\/\/www.miksch.de\/produkt\/werkzeugwechsler-fuer-spezifische-loesungen\/","name":"Werkzeugwechsler f\u00fcr\u2028spezifische \u2028L\u00f6sungen","isPartOf":{"@id":"https:\/\/www.miksch.de\/#website"},"primaryImageOfPage":{"@id":"https:\/\/www.miksch.de\/produkt\/werkzeugwechsler-fuer-spezifische-loesungen\/#primaryimage"},"image":{"@id":"https:\/\/www.miksch.de\/produkt\/werkzeugwechsler-fuer-spezifische-loesungen\/#primaryimage"},"thumbnailUrl":"https:\/\/www.miksch.de\/wp-content\/uploads\/2025\/01\/werkzeugwechsler-sonderloesung-tuerantrieb-miksch-Vors.webp","datePublished":"2024-11-12T12:20:14+00:00","dateModified":"2026-03-30T09:19:49+00:00","description":"MIKSCH bietet Werkzeugwechsler, die auf Ihre spezifischen Produktionsanforderungen zugeschnitten sind. Kontaktieren Sie uns f\u00fcr individuelle L\u00f6sungen.","breadcrumb":{"@id":"https:\/\/www.miksch.de\/produkt\/werkzeugwechsler-fuer-spezifische-loesungen\/#breadcrumb"},"inLanguage":"de","potentialAction":[{"@type":"ReadAction","target":["https:\/\/www.miksch.de\/produkt\/werkzeugwechsler-fuer-spezifische-loesungen\/"]}]},{"@type":"ImageObject","inLanguage":"de","@id":"https:\/\/www.miksch.de\/produkt\/werkzeugwechsler-fuer-spezifische-loesungen\/#primaryimage","url":"https:\/\/www.miksch.de\/wp-content\/uploads\/2025\/01\/werkzeugwechsler-sonderloesung-tuerantrieb-miksch-Vors.webp","contentUrl":"https:\/\/www.miksch.de\/wp-content\/uploads\/2025\/01\/werkzeugwechsler-sonderloesung-tuerantrieb-miksch-Vors.webp","width":350,"height":350,"caption":"Innovative Sonderl\u00f6sung: T\u00fcrantrieb auf Basis eines Werkzeugwechslers."},{"@type":"BreadcrumbList","@id":"https:\/\/www.miksch.de\/produkt\/werkzeugwechsler-fuer-spezifische-loesungen\/#breadcrumb","itemListElement":[{"@type":"ListItem","position":1,"name":"Home","item":"https:\/\/www.miksch.de\/"},{"@type":"ListItem","position":2,"name":"Produkte","item":"https:\/\/www.miksch.de\/shop\/"},{"@type":"ListItem","position":3,"name":"Werkzeugwechsler f\u00fcr\u2028spezifische \u2028L\u00f6sungen"}]},{"@type":"WebSite","@id":"https:\/\/www.miksch.de\/#website","url":"https:\/\/www.miksch.de\/","name":"MIKSCH GmbH","description":"","publisher":{"@id":"https:\/\/www.miksch.de\/#organization"},"potentialAction":[{"@type":"SearchAction","target":{"@type":"EntryPoint","urlTemplate":"https:\/\/www.miksch.de\/?s={search_term_string}"},"query-input":{"@type":"PropertyValueSpecification","valueRequired":true,"valueName":"search_term_string"}}],"inLanguage":"de"},{"@type":"Organization","@id":"https:\/\/www.miksch.de\/#organization","name":"MIKSCH GmbH","url":"https:\/\/www.miksch.de\/","logo":{"@type":"ImageObject","inLanguage":"de","@id":"https:\/\/www.miksch.de\/#\/schema\/logo\/image\/","url":"https:\/\/www.miksch.de\/wp-content\/uploads\/2024\/11\/gcOnlineDirectory-5-2.png","contentUrl":"https:\/\/www.miksch.de\/wp-content\/uploads\/2024\/11\/gcOnlineDirectory-5-2.png","width":227,"height":48,"caption":"MIKSCH GmbH"},"image":{"@id":"https:\/\/www.miksch.de\/#\/schema\/logo\/image\/"},"sameAs":["https:\/\/www.facebook.com\/people\/Miksch-GmbH\/100066497170541\/","https:\/\/au.linkedin.com\/company\/miksch-gmbh"]}]}},"_links":{"self":[{"href":"https:\/\/www.miksch.de\/de\/wp-json\/wp\/v2\/product\/3362","targetHints":{"allow":["GET"]}}],"collection":[{"href":"https:\/\/www.miksch.de\/de\/wp-json\/wp\/v2\/product"}],"about":[{"href":"https:\/\/www.miksch.de\/de\/wp-json\/wp\/v2\/types\/product"}],"replies":[{"embeddable":true,"href":"https:\/\/www.miksch.de\/de\/wp-json\/wp\/v2\/comments?post=3362"}],"wp:featuredmedia":[{"embeddable":true,"href":"https:\/\/www.miksch.de\/de\/wp-json\/wp\/v2\/media\/4340"}],"wp:attachment":[{"href":"https:\/\/www.miksch.de\/de\/wp-json\/wp\/v2\/media?parent=3362"}],"wp:term":[{"taxonomy":"product_brand","embeddable":true,"href":"https:\/\/www.miksch.de\/de\/wp-json\/wp\/v2\/product_brand?post=3362"},{"taxonomy":"product_cat","embeddable":true,"href":"https:\/\/www.miksch.de\/de\/wp-json\/wp\/v2\/product_cat?post=3362"}],"curies":[{"name":"wp","href":"https:\/\/api.w.org\/{rel}","templated":true}]}}