{"id":3346,"date":"2024-11-12T10:01:40","date_gmt":"2024-11-12T10:01:40","guid":{"rendered":"https:\/\/www.miksch.de\/?post_type=product&#038;p=3346"},"modified":"2026-03-30T14:13:04","modified_gmt":"2026-03-30T13:13:04","slug":"werkzeugwechsler-fuer-ihre-produktion-miksch-gmbh","status":"publish","type":"product","link":"https:\/\/www.miksch.de\/de\/produkt\/werkzeugwechsler-fuer-ihre-produktion-miksch-gmbh\/","title":{"rendered":"Werkzeugwechsler f\u00fcr effizientere Produktionsprozesse"},"content":{"rendered":"<h2 class=\"title\" style=\"font-size: 24px; padding: 30px 0px 10px;\">IHRE VORTEILE AUF EINEN BLICK<\/h2>\n<div class=\"responsive-columns\">\n<div>\n<h3 style=\"margin-bottom: 15px;\"><strong>Steigerung der Produktivit\u00e4t<\/strong><\/h3>\n<ul>\n<li><img decoding=\"async\" class=\"alignnone size-full wp-image-3279\" src=\"https:\/\/www.miksch.de\/wp-content\/uploads\/2020\/06\/Frame-116.png\" alt=\"\" width=\"16\" height=\"12\" \/> Werkzeugwechsel &lt; 0,5 s<\/li>\n<li><img decoding=\"async\" class=\"alignnone size-full wp-image-3279\" src=\"https:\/\/www.miksch.de\/wp-content\/uploads\/2020\/06\/Frame-116.png\" alt=\"\" width=\"16\" height=\"12\" \/> Werkzeuggewicht bis 85 kg m\u00f6glich<\/li>\n<li><img decoding=\"async\" class=\"alignnone wp-image-3279\" src=\"https:\/\/www.miksch.de\/wp-content\/uploads\/2020\/06\/Frame-116.png\" alt=\"\" width=\"16\" height=\"12\" \/> reduziert Stillstandszeiten<\/li>\n<li><img decoding=\"async\" class=\"alignnone wp-image-3279\" src=\"https:\/\/www.miksch.de\/wp-content\/uploads\/2020\/06\/Frame-116.png\" alt=\"\" width=\"16\" height=\"12\" \/> hohe Kippmomente<\/li>\n<li><img decoding=\"async\" class=\"alignnone wp-image-3279\" src=\"https:\/\/www.miksch.de\/wp-content\/uploads\/2020\/06\/Frame-116.png\" alt=\"\" width=\"16\" height=\"12\" \/> einfache und schnelle Integration sowie Austausch<\/li>\n<\/ul>\n<\/div>\n<div>\n<h3 style=\"margin-bottom: 15px;\"><strong>Flexibel in der Anwendung<\/strong><\/h3>\n<ul>\n<li><img decoding=\"async\" class=\"alignnone size-full wp-image-3279\" src=\"https:\/\/www.miksch.de\/wp-content\/uploads\/2020\/06\/Frame-116.png\" alt=\"\" width=\"16\" height=\"12\" \/> verschiedene Einbaulagen m\u00f6glich<\/li>\n<li><img decoding=\"async\" class=\"alignnone size-full wp-image-3279\" src=\"https:\/\/www.miksch.de\/wp-content\/uploads\/2020\/06\/Frame-116.png\" alt=\"\" width=\"16\" height=\"12\" \/> alle g\u00e4ngigen Werkzeugaufnahmen<\/li>\n<li><img decoding=\"async\" class=\"alignnone wp-image-3279\" src=\"https:\/\/www.miksch.de\/wp-content\/uploads\/2020\/06\/Frame-116.png\" alt=\"\" width=\"16\" height=\"12\" \/> Sonderaufnahmen auf Anfrage<\/li>\n<li><img decoding=\"async\" class=\"alignnone wp-image-3279\" src=\"https:\/\/www.miksch.de\/wp-content\/uploads\/2020\/06\/Frame-116.png\" alt=\"\" width=\"16\" height=\"12\" \/> mit oder ohne Vorverriegelung<\/li>\n<li><img decoding=\"async\" class=\"alignnone size-full wp-image-3279\" src=\"https:\/\/www.miksch.de\/wp-content\/uploads\/2020\/06\/Frame-116.png\" alt=\"\" width=\"16\" height=\"12\" \/> Positionierung neben oder gegen\u00fcber der Spindel<\/li>\n<\/ul>\n<\/div>\n<div>\n<h3 style=\"margin-bottom: 15px;\"><strong>Reduzierung der Kosten<\/strong><\/h3>\n<ul>\n<li><img decoding=\"async\" class=\"alignnone size-full wp-image-3279\" src=\"https:\/\/www.miksch.de\/wp-content\/uploads\/2020\/06\/Frame-116.png\" alt=\"\" width=\"16\" height=\"12\" \/> lange Verf\u00fcgbarkeit von Ersatzteilen<\/li>\n<li><img decoding=\"async\" class=\"alignnone size-full wp-image-3279\" src=\"https:\/\/www.miksch.de\/wp-content\/uploads\/2020\/06\/Frame-116.png\" alt=\"\" width=\"16\" height=\"12\" \/> robust und zuverl\u00e4ssig<\/li>\n<li><img decoding=\"async\" class=\"alignnone wp-image-3279\" src=\"https:\/\/www.miksch.de\/wp-content\/uploads\/2020\/06\/Frame-116.png\" alt=\"\" width=\"16\" height=\"12\" \/> geringer Wartungsaufwand<\/li>\n<li><img decoding=\"async\" class=\"alignnone size-full wp-image-3279\" src=\"https:\/\/www.miksch.de\/wp-content\/uploads\/2020\/06\/Frame-116.png\" alt=\"\" width=\"16\" height=\"12\" \/> keine zus\u00e4tzliche Steuerung erforderlich<\/li>\n<li><img decoding=\"async\" class=\"alignnone size-full wp-image-3279\" src=\"https:\/\/www.miksch.de\/wp-content\/uploads\/2020\/06\/Frame-116.png\" alt=\"\" width=\"16\" height=\"12\" \/> frei von Hydraulik<\/li>\n<\/ul>\n<\/div>\n<\/div>\n<h2 class=\"title\" style=\"font-size: 24px;\">TECHNISCHE DATEN<\/h2>\n<p>&nbsp;<\/p>\n<div lang=\"de\" style=\"width: 100%; max-width: 100%; overflow-x: auto; overflow-y: hidden;\">\n<table style=\"width: 100% !important; max-width: 100% !important; border-collapse: collapse; table-layout: fixed !important; font-size: 14px !important; line-height: 1.2 !important;\" border=\"1\">\n<tbody>\n<tr>\n<td style=\"width: 33.333% !important; background: #c0c0c0; font-weight: bold; color: #000; padding: 12px; box-sizing: border-box; position: relative; vertical-align: top; overflow: hidden;\" rowspan=\"7\">\n<div style=\"position: absolute; left: 12px; right: 12px; top: 52px; bottom: 12px; display: flex; align-items: center; justify-content: center; overflow: hidden; z-index: 1;\">\n<div class=\"product-video-thumb\" style=\"height: 100%; width: auto; max-width: 100%; aspect-ratio: 16\/9; max-height: 360px; display: block !important; margin: 0 auto !important;\"><iframe style=\"width: 100% !important; height: 100% !important; border: 0; display: block !important; visibility: visible !important; opacity: 1 !important;\" title=\"V\u00eddeo do produto\" src=\"https:\/\/www.youtube.com\/embed\/dctU8pETB4k?si=vsvJmO_wfV5rJRTS\" width=\"560\" height=\"315\" frameborder=\"0\" allowfullscreen=\"allowfullscreen\"><\/iframe> frameborder=&#8220;0&#8243; allow=&#8220;accelerometer; autoplay; clipboard-write; encrypted-media; gyroscope; picture-in-picture; web-share&#8220; referrerpolicy=&#8220;strict-origin-when-cross-origin&#8220; allowfullscreen&gt;YouTube video player&#8220; frameborder=&#8220;0&#8243; allow=&#8220;accelerometer; autoplay; clipboard-write; encrypted-media; gyroscope; picture-in-picture; web-share&#8220; referrerpolicy=&#8220;strict-origin-when-cross-origin&#8220; allowfullscreen&gt;title=&#8220;YouTube video player&#8220; frameborder=&#8220;0&#8243; allow=&#8220;accelerometer; autoplay; clipboard-write; encrypted-media; gyroscope; picture-in-picture; web-share&#8220; referrerpolicy=&#8220;strict-origin-when-cross-origin&#8220; allowfullscreen&gt;<\/div>\n<\/div>\n<\/td>\n<td style=\"width: 33.333% !important; background: #c0c0c0; font-weight: bold; color: #000; padding: 6px 10px; vertical-align: middle; box-sizing: border-box; font-size: 14px !important; line-height: 1.2 !important; white-space: normal !important; overflow-wrap: anywhere; word-break: break-word; hyphens: auto;\">Bezeichnung<\/td>\n<td style=\"width: 33.333% !important; background: #d8d8d8; color: #000; padding: 6px 10px; vertical-align: middle; box-sizing: border-box; font-size: 14px !important; line-height: 1.2 !important; white-space: normal !important; overflow-wrap: anywhere; word-break: break-word; hyphens: auto;\">ATC, HTC, MTC<\/td>\n<\/tr>\n<tr>\n<td style=\"background: #cccccc; font-weight: bold; color: #000; padding: 6px 10px; vertical-align: middle; box-sizing: border-box; font-size: 14px !important; line-height: 1.2 !important; white-space: normal !important; overflow-wrap: anywhere; word-break: break-word; hyphens: auto;\">Werkzeuggewicht<\/td>\n<td style=\"background: #e4e4e4; color: #000; padding: 6px 10px; vertical-align: middle; box-sizing: border-box; font-size: 14px !important; line-height: 1.2 !important; white-space: normal !important; overflow-wrap: anywhere; word-break: break-word; hyphens: auto;\">bis 85 kg<\/td>\n<\/tr>\n<tr>\n<td style=\"background: #c0c0c0; font-weight: bold; color: #000; padding: 6px 10px; vertical-align: middle; box-sizing: border-box; font-size: 14px !important; line-height: 1.2 !important; white-space: normal !important; overflow-wrap: anywhere; word-break: break-word; hyphens: auto;\">Einbaulage<\/td>\n<td style=\"background: #d8d8d8; color: #000; padding: 6px 10px; vertical-align: middle; box-sizing: border-box; font-size: 14px !important; line-height: 1.2 !important; white-space: normal !important; overflow-wrap: anywhere; word-break: break-word; hyphens: auto;\">horizontal und vertikal<\/td>\n<\/tr>\n<tr>\n<td style=\"background: #cccccc; font-weight: bold; color: #000; padding: 6px 10px; vertical-align: middle; box-sizing: border-box; font-size: 14px !important; line-height: 1.2 !important; white-space: normal !important; overflow-wrap: anywhere; word-break: break-word; hyphens: auto;\">Positionierung der Spindel<\/td>\n<td style=\"background: #e4e4e4; color: #000; padding: 6px 10px; vertical-align: middle; box-sizing: border-box; font-size: 14px !important; line-height: 1.2 !important; white-space: normal !important; overflow-wrap: anywhere; word-break: break-word; hyphens: auto;\">neben oder gegen\u00fcber<\/td>\n<\/tr>\n<tr>\n<td style=\"background: #c0c0c0; font-weight: bold; color: #000; padding: 6px 10px; vertical-align: middle; box-sizing: border-box; font-size: 14px !important; line-height: 1.2 !important; white-space: normal !important; overflow-wrap: anywhere; word-break: break-word; hyphens: auto;\">Antrieb<\/td>\n<td style=\"background: #d8d8d8; color: #000; padding: 6px 10px; vertical-align: middle; box-sizing: border-box; font-size: 14px !important; line-height: 1.2 !important; white-space: normal !important; overflow-wrap: anywhere; word-break: break-word; hyphens: auto;\">Drehstrom-Bremsmotor, Drehstrommotor, Servomotor<\/td>\n<\/tr>\n<tr>\n<td style=\"background: #cccccc; font-weight: bold; color: #000; padding: 6px 10px; vertical-align: middle; box-sizing: border-box; font-size: 14px !important; line-height: 1.2 !important; white-space: normal !important; overflow-wrap: anywhere; word-break: break-word; hyphens: auto;\">Werkzeugaufnahmen<\/td>\n<td style=\"background: #e4e4e4; color: #000; padding: 6px 10px; vertical-align: middle; box-sizing: border-box; font-size: 14px !important; line-height: 1.2 !important; white-space: normal !important; overflow-wrap: anywhere; word-break: break-word; hyphens: auto;\">alle g\u00e4ngigen Werkzeugaufnahme<br \/>\nSonderaufnahmen auf Anfrage<\/td>\n<\/tr>\n<tr>\n<td style=\"background: #c0c0c0; font-weight: bold; color: #000; padding: 6px 10px; vertical-align: middle; box-sizing: border-box; font-size: 14px !important; line-height: 1.2 !important; white-space: normal !important; overflow-wrap: anywhere; word-break: break-word; hyphens: auto;\">Wechselzeit<\/td>\n<td style=\"background: #d8d8d8; color: #000; padding: 6px 10px; vertical-align: middle; box-sizing: border-box; font-size: 14px !important; line-height: 1.2 !important; white-space: normal !important; overflow-wrap: anywhere; word-break: break-word; hyphens: auto;\">&lt; 0,5 s<\/td>\n<\/tr>\n<\/tbody>\n<\/table>\n<\/div>\n<h4 class=\"title\" style=\"font-size: 24px;\">UNSERE WERKZEUGWECHSLER IM \u00dcBERBLICK<\/h4>\n","protected":false},"excerpt":{"rendered":"<pre style=\"text-align: right;\"><strong><em>Schnell - Robust - Zuverl\u00e4ssig<\/em><\/strong><\/pre>\n<p>Mit dem <strong>MIKSCH Werkzeugwechsler<\/strong> k\u00f6nnen Sie Ihre Produktionsprozesse noch effizienter gestalten und damit wertvolle Zeit sparen. Dank der kurvengesteuerten Mechanik sind pr\u00e4zise und schnelle Werkzeugwechsel mit bis unter 0,5 Sekunden m\u00f6glich, was zu einer h\u00f6heren Produktivit\u00e4t f\u00fchrt. Au\u00dferdem ben\u00f6tigt der Werkzeugwechsler nur wenig Wartung und ist somit eine langlebige und zuverl\u00e4ssige Investition in Ihr Unternehmen.<\/p>\n<p>Sie ben\u00f6tigen erste Technische Daten oder Details zu einem Werkzeugwechsler? Kein Problem. Lassen Sie uns hierzu eine v\u00f6llig unverbindliche Anfrage zukommen und wir helfen Ihnen gerne weiter.<\/p>\n<p>Unter \u201eDownload\u201c finden Sie unseren technischen Fragebogen, damit wir Ihre Anfrage konkret auslegen k\u00f6nnen.<\/p>\n<div id=\"linkContainer\">\n<ul>\n<li><a href=\"https:\/\/www.miksch.de\/wp-content\/uploads\/2026\/01\/M1323DD2412_WerkzeugwechslerFragebogen.pdf\" target=\"_blank\" rel=\"noopener\">Fragebogen Werkzeugwechsler<\/a><\/li>\n<\/ul>\n<\/div>\n","protected":false},"featured_media":4337,"comment_status":"closed","ping_status":"closed","template":"","meta":{"_acf_changed":false},"product_brand":[],"product_cat":[80],"class_list":{"0":"post-3346","1":"product","2":"type-product","3":"status-publish","4":"has-post-thumbnail","6":"product_cat-werkzeugwechsler-fuer-ihre-produktion-miksch-gmbh","8":"first","9":"instock","10":"shipping-taxable","11":"product-type-external"},"acf":[],"yoast_head":"<!-- This site is optimized with the Yoast SEO plugin v27.3 - https:\/\/yoast.com\/product\/yoast-seo-wordpress\/ -->\n<title>Werkzeugwechsler f\u00fcr effizientere Produktionsprozesse<\/title>\n<meta name=\"description\" content=\"Werkzeugwechsler von MIKSCH f\u00fcr produktivere Produktionsprozesse - h\u00f6chste Pr\u00e4zision &amp; Effizienz f\u00fcr automatisierte Prozesse in Ihrer Fertigung.\" \/>\n<meta name=\"robots\" content=\"index, follow, max-snippet:-1, max-image-preview:large, max-video-preview:-1\" \/>\n<link rel=\"canonical\" href=\"https:\/\/www.miksch.de\/de\/produkt\/werkzeugwechsler-fuer-ihre-produktion-miksch-gmbh\/\" \/>\n<meta property=\"og:locale\" content=\"de_DE\" \/>\n<meta property=\"og:type\" content=\"article\" \/>\n<meta property=\"og:title\" content=\"Werkzeugwechsler f\u00fcr effizientere Produktionsprozesse\" \/>\n<meta property=\"og:description\" content=\"Werkzeugwechsler von MIKSCH f\u00fcr produktivere Produktionsprozesse - h\u00f6chste Pr\u00e4zision &amp; Effizienz f\u00fcr automatisierte Prozesse in Ihrer Fertigung.\" \/>\n<meta property=\"og:url\" content=\"https:\/\/www.miksch.de\/de\/produkt\/werkzeugwechsler-fuer-ihre-produktion-miksch-gmbh\/\" \/>\n<meta property=\"og:site_name\" content=\"MIKSCH - accelerates\" \/>\n<meta property=\"article:publisher\" content=\"https:\/\/www.facebook.com\/people\/Miksch-GmbH\/100066497170541\/\" \/>\n<meta property=\"article:modified_time\" content=\"2026-03-30T13:13:04+00:00\" \/>\n<meta property=\"og:image\" content=\"https:\/\/www.miksch.de\/wp-content\/uploads\/2025\/01\/werkzeugwechsler-horizontal-25kg-werkzeuggewicht-miksch-Vors.webp\" \/>\n\t<meta property=\"og:image:width\" content=\"350\" \/>\n\t<meta property=\"og:image:height\" content=\"350\" \/>\n\t<meta property=\"og:image:type\" content=\"image\/webp\" \/>\n<meta name=\"twitter:card\" content=\"summary_large_image\" \/>\n<meta name=\"twitter:label1\" content=\"Gesch\u00e4tzte Lesezeit\" \/>\n\t<meta name=\"twitter:data1\" content=\"4\u00a0Minuten\" \/>\n<script type=\"application\/ld+json\" class=\"yoast-schema-graph\">{\"@context\":\"https:\\\/\\\/schema.org\",\"@graph\":[{\"@type\":\"WebPage\",\"@id\":\"https:\\\/\\\/www.miksch.de\\\/produkt\\\/werkzeugwechsler-fuer-ihre-produktion-miksch-gmbh\\\/\",\"url\":\"https:\\\/\\\/www.miksch.de\\\/produkt\\\/werkzeugwechsler-fuer-ihre-produktion-miksch-gmbh\\\/\",\"name\":\"Werkzeugwechsler f\u00fcr effizientere Produktionsprozesse\",\"isPartOf\":{\"@id\":\"https:\\\/\\\/www.miksch.de\\\/#website\"},\"primaryImageOfPage\":{\"@id\":\"https:\\\/\\\/www.miksch.de\\\/produkt\\\/werkzeugwechsler-fuer-ihre-produktion-miksch-gmbh\\\/#primaryimage\"},\"image\":{\"@id\":\"https:\\\/\\\/www.miksch.de\\\/produkt\\\/werkzeugwechsler-fuer-ihre-produktion-miksch-gmbh\\\/#primaryimage\"},\"thumbnailUrl\":\"https:\\\/\\\/www.miksch.de\\\/wp-content\\\/uploads\\\/2025\\\/01\\\/werkzeugwechsler-horizontal-25kg-werkzeuggewicht-miksch-Vors.webp\",\"datePublished\":\"2024-11-12T10:01:40+00:00\",\"dateModified\":\"2026-03-30T13:13:04+00:00\",\"description\":\"Werkzeugwechsler von MIKSCH f\u00fcr produktivere Produktionsprozesse - h\u00f6chste Pr\u00e4zision & Effizienz f\u00fcr automatisierte Prozesse in Ihrer Fertigung.\",\"breadcrumb\":{\"@id\":\"https:\\\/\\\/www.miksch.de\\\/produkt\\\/werkzeugwechsler-fuer-ihre-produktion-miksch-gmbh\\\/#breadcrumb\"},\"inLanguage\":\"de\",\"potentialAction\":[{\"@type\":\"ReadAction\",\"target\":[\"https:\\\/\\\/www.miksch.de\\\/produkt\\\/werkzeugwechsler-fuer-ihre-produktion-miksch-gmbh\\\/\"]}]},{\"@type\":\"ImageObject\",\"inLanguage\":\"de\",\"@id\":\"https:\\\/\\\/www.miksch.de\\\/produkt\\\/werkzeugwechsler-fuer-ihre-produktion-miksch-gmbh\\\/#primaryimage\",\"url\":\"https:\\\/\\\/www.miksch.de\\\/wp-content\\\/uploads\\\/2025\\\/01\\\/werkzeugwechsler-horizontal-25kg-werkzeuggewicht-miksch-Vors.webp\",\"contentUrl\":\"https:\\\/\\\/www.miksch.de\\\/wp-content\\\/uploads\\\/2025\\\/01\\\/werkzeugwechsler-horizontal-25kg-werkzeuggewicht-miksch-Vors.webp\",\"width\":350,\"height\":350,\"caption\":\"Horizontaler Werkzeugwechsler f\u00fcr bis zu 25\u202fkg schwere Werkzeuge.\"},{\"@type\":\"BreadcrumbList\",\"@id\":\"https:\\\/\\\/www.miksch.de\\\/produkt\\\/werkzeugwechsler-fuer-ihre-produktion-miksch-gmbh\\\/#breadcrumb\",\"itemListElement\":[{\"@type\":\"ListItem\",\"position\":1,\"name\":\"Home\",\"item\":\"https:\\\/\\\/www.miksch.de\\\/\"},{\"@type\":\"ListItem\",\"position\":2,\"name\":\"Produkte\",\"item\":\"https:\\\/\\\/www.miksch.de\\\/shop\\\/\"},{\"@type\":\"ListItem\",\"position\":3,\"name\":\"Werkzeugwechsler f\u00fcr effizientere Produktionsprozesse\"}]},{\"@type\":\"WebSite\",\"@id\":\"https:\\\/\\\/www.miksch.de\\\/#website\",\"url\":\"https:\\\/\\\/www.miksch.de\\\/\",\"name\":\"MIKSCH GmbH\",\"description\":\"\",\"publisher\":{\"@id\":\"https:\\\/\\\/www.miksch.de\\\/#organization\"},\"potentialAction\":[{\"@type\":\"SearchAction\",\"target\":{\"@type\":\"EntryPoint\",\"urlTemplate\":\"https:\\\/\\\/www.miksch.de\\\/?s={search_term_string}\"},\"query-input\":{\"@type\":\"PropertyValueSpecification\",\"valueRequired\":true,\"valueName\":\"search_term_string\"}}],\"inLanguage\":\"de\"},{\"@type\":\"Organization\",\"@id\":\"https:\\\/\\\/www.miksch.de\\\/#organization\",\"name\":\"MIKSCH GmbH\",\"url\":\"https:\\\/\\\/www.miksch.de\\\/\",\"logo\":{\"@type\":\"ImageObject\",\"inLanguage\":\"de\",\"@id\":\"https:\\\/\\\/www.miksch.de\\\/#\\\/schema\\\/logo\\\/image\\\/\",\"url\":\"https:\\\/\\\/www.miksch.de\\\/wp-content\\\/uploads\\\/2024\\\/11\\\/gcOnlineDirectory-5-2.png\",\"contentUrl\":\"https:\\\/\\\/www.miksch.de\\\/wp-content\\\/uploads\\\/2024\\\/11\\\/gcOnlineDirectory-5-2.png\",\"width\":227,\"height\":48,\"caption\":\"MIKSCH GmbH\"},\"image\":{\"@id\":\"https:\\\/\\\/www.miksch.de\\\/#\\\/schema\\\/logo\\\/image\\\/\"},\"sameAs\":[\"https:\\\/\\\/www.facebook.com\\\/people\\\/Miksch-GmbH\\\/100066497170541\\\/\",\"https:\\\/\\\/au.linkedin.com\\\/company\\\/miksch-gmbh\"]}]}<\/script>\n<!-- \/ Yoast SEO plugin. -->","yoast_head_json":{"title":"Werkzeugwechsler f\u00fcr effizientere Produktionsprozesse","description":"Werkzeugwechsler von MIKSCH f\u00fcr produktivere Produktionsprozesse - h\u00f6chste Pr\u00e4zision & Effizienz f\u00fcr automatisierte Prozesse in Ihrer Fertigung.","robots":{"index":"index","follow":"follow","max-snippet":"max-snippet:-1","max-image-preview":"max-image-preview:large","max-video-preview":"max-video-preview:-1"},"canonical":"https:\/\/www.miksch.de\/de\/produkt\/werkzeugwechsler-fuer-ihre-produktion-miksch-gmbh\/","og_locale":"de_DE","og_type":"article","og_title":"Werkzeugwechsler f\u00fcr effizientere Produktionsprozesse","og_description":"Werkzeugwechsler von MIKSCH f\u00fcr produktivere Produktionsprozesse - h\u00f6chste Pr\u00e4zision & Effizienz f\u00fcr automatisierte Prozesse in Ihrer Fertigung.","og_url":"https:\/\/www.miksch.de\/de\/produkt\/werkzeugwechsler-fuer-ihre-produktion-miksch-gmbh\/","og_site_name":"MIKSCH - accelerates","article_publisher":"https:\/\/www.facebook.com\/people\/Miksch-GmbH\/100066497170541\/","article_modified_time":"2026-03-30T13:13:04+00:00","og_image":[{"width":350,"height":350,"url":"https:\/\/www.miksch.de\/wp-content\/uploads\/2025\/01\/werkzeugwechsler-horizontal-25kg-werkzeuggewicht-miksch-Vors.webp","type":"image\/webp"}],"twitter_card":"summary_large_image","twitter_misc":{"Gesch\u00e4tzte Lesezeit":"4\u00a0Minuten"},"schema":{"@context":"https:\/\/schema.org","@graph":[{"@type":"WebPage","@id":"https:\/\/www.miksch.de\/produkt\/werkzeugwechsler-fuer-ihre-produktion-miksch-gmbh\/","url":"https:\/\/www.miksch.de\/produkt\/werkzeugwechsler-fuer-ihre-produktion-miksch-gmbh\/","name":"Werkzeugwechsler f\u00fcr effizientere Produktionsprozesse","isPartOf":{"@id":"https:\/\/www.miksch.de\/#website"},"primaryImageOfPage":{"@id":"https:\/\/www.miksch.de\/produkt\/werkzeugwechsler-fuer-ihre-produktion-miksch-gmbh\/#primaryimage"},"image":{"@id":"https:\/\/www.miksch.de\/produkt\/werkzeugwechsler-fuer-ihre-produktion-miksch-gmbh\/#primaryimage"},"thumbnailUrl":"https:\/\/www.miksch.de\/wp-content\/uploads\/2025\/01\/werkzeugwechsler-horizontal-25kg-werkzeuggewicht-miksch-Vors.webp","datePublished":"2024-11-12T10:01:40+00:00","dateModified":"2026-03-30T13:13:04+00:00","description":"Werkzeugwechsler von MIKSCH f\u00fcr produktivere Produktionsprozesse - h\u00f6chste Pr\u00e4zision & Effizienz f\u00fcr automatisierte Prozesse in Ihrer Fertigung.","breadcrumb":{"@id":"https:\/\/www.miksch.de\/produkt\/werkzeugwechsler-fuer-ihre-produktion-miksch-gmbh\/#breadcrumb"},"inLanguage":"de","potentialAction":[{"@type":"ReadAction","target":["https:\/\/www.miksch.de\/produkt\/werkzeugwechsler-fuer-ihre-produktion-miksch-gmbh\/"]}]},{"@type":"ImageObject","inLanguage":"de","@id":"https:\/\/www.miksch.de\/produkt\/werkzeugwechsler-fuer-ihre-produktion-miksch-gmbh\/#primaryimage","url":"https:\/\/www.miksch.de\/wp-content\/uploads\/2025\/01\/werkzeugwechsler-horizontal-25kg-werkzeuggewicht-miksch-Vors.webp","contentUrl":"https:\/\/www.miksch.de\/wp-content\/uploads\/2025\/01\/werkzeugwechsler-horizontal-25kg-werkzeuggewicht-miksch-Vors.webp","width":350,"height":350,"caption":"Horizontaler Werkzeugwechsler f\u00fcr bis zu 25\u202fkg schwere Werkzeuge."},{"@type":"BreadcrumbList","@id":"https:\/\/www.miksch.de\/produkt\/werkzeugwechsler-fuer-ihre-produktion-miksch-gmbh\/#breadcrumb","itemListElement":[{"@type":"ListItem","position":1,"name":"Home","item":"https:\/\/www.miksch.de\/"},{"@type":"ListItem","position":2,"name":"Produkte","item":"https:\/\/www.miksch.de\/shop\/"},{"@type":"ListItem","position":3,"name":"Werkzeugwechsler f\u00fcr effizientere Produktionsprozesse"}]},{"@type":"WebSite","@id":"https:\/\/www.miksch.de\/#website","url":"https:\/\/www.miksch.de\/","name":"MIKSCH GmbH","description":"","publisher":{"@id":"https:\/\/www.miksch.de\/#organization"},"potentialAction":[{"@type":"SearchAction","target":{"@type":"EntryPoint","urlTemplate":"https:\/\/www.miksch.de\/?s={search_term_string}"},"query-input":{"@type":"PropertyValueSpecification","valueRequired":true,"valueName":"search_term_string"}}],"inLanguage":"de"},{"@type":"Organization","@id":"https:\/\/www.miksch.de\/#organization","name":"MIKSCH GmbH","url":"https:\/\/www.miksch.de\/","logo":{"@type":"ImageObject","inLanguage":"de","@id":"https:\/\/www.miksch.de\/#\/schema\/logo\/image\/","url":"https:\/\/www.miksch.de\/wp-content\/uploads\/2024\/11\/gcOnlineDirectory-5-2.png","contentUrl":"https:\/\/www.miksch.de\/wp-content\/uploads\/2024\/11\/gcOnlineDirectory-5-2.png","width":227,"height":48,"caption":"MIKSCH GmbH"},"image":{"@id":"https:\/\/www.miksch.de\/#\/schema\/logo\/image\/"},"sameAs":["https:\/\/www.facebook.com\/people\/Miksch-GmbH\/100066497170541\/","https:\/\/au.linkedin.com\/company\/miksch-gmbh"]}]}},"_links":{"self":[{"href":"https:\/\/www.miksch.de\/de\/wp-json\/wp\/v2\/product\/3346","targetHints":{"allow":["GET"]}}],"collection":[{"href":"https:\/\/www.miksch.de\/de\/wp-json\/wp\/v2\/product"}],"about":[{"href":"https:\/\/www.miksch.de\/de\/wp-json\/wp\/v2\/types\/product"}],"replies":[{"embeddable":true,"href":"https:\/\/www.miksch.de\/de\/wp-json\/wp\/v2\/comments?post=3346"}],"wp:featuredmedia":[{"embeddable":true,"href":"https:\/\/www.miksch.de\/de\/wp-json\/wp\/v2\/media\/4337"}],"wp:attachment":[{"href":"https:\/\/www.miksch.de\/de\/wp-json\/wp\/v2\/media?parent=3346"}],"wp:term":[{"taxonomy":"product_brand","embeddable":true,"href":"https:\/\/www.miksch.de\/de\/wp-json\/wp\/v2\/product_brand?post=3346"},{"taxonomy":"product_cat","embeddable":true,"href":"https:\/\/www.miksch.de\/de\/wp-json\/wp\/v2\/product_cat?post=3346"}],"curies":[{"name":"wp","href":"https:\/\/api.w.org\/{rel}","templated":true}]}}