{"id":5090,"date":"2025-11-26T11:41:30","date_gmt":"2025-11-26T10:41:30","guid":{"rendered":"https:\/\/www.miksch.de\/?page_id=5090"},"modified":"2026-03-16T08:57:58","modified_gmt":"2026-03-16T07:57:58","slug":"umfrage-abgeschlossen","status":"publish","type":"page","link":"https:\/\/www.miksch.de\/de\/umfrage-abgeschlossen\/","title":{"rendered":"Umfrage abgeschlossen"},"content":{"rendered":"\n<h2 class=\"wp-block-heading\">MIKSCH Umfrage erfolgreich abgeschlossen<\/h2>\n\n\n\n<p><\/p>\n\n\n\n<h3 class=\"wp-block-heading\">Wir sagen Dankesch\u00f6n!<\/h3>\n\n\n\n<p>Durch Ihre Unterst\u00fctzung und die gute Zusammenarbeit k\u00f6nnen wir in 2026 weiter an uns und unseren Kompetenzen arbeiten und diese noch besser auf Ihre W\u00fcnsche und Bed\u00fcrfnisse anpassen.<\/p>\n\n\n\n<p>Au\u00dferdem haben Sie durch Ihre Teilnahme einen wertvollen Beitrag geleistet. Denn f\u00fcr jeden ausgef\u00fcllten Fragebogen spendet die MIKSCH GmbH <strong>5 \u20ac<\/strong> an <a href=\"https:\/\/www.gutetaten-nwz.de\/\" target=\"_blank\" rel=\"noreferrer noopener\">Gute Taten<\/a><\/p>\n\n\n\n<figure class=\"wp-block-image size-full\"><a href=\"https:\/\/www.miksch.de\/wp-content\/uploads\/2025\/11\/Gute-Taten.jpg\"><img decoding=\"async\" width=\"568\" height=\"339\" src=\"https:\/\/www.miksch.de\/wp-content\/uploads\/2025\/11\/Gute-Taten.jpg\" alt=\"\" class=\"wp-image-5091\" srcset=\"https:\/\/www.miksch.de\/wp-content\/uploads\/2025\/11\/Gute-Taten.jpg 568w, https:\/\/www.miksch.de\/wp-content\/uploads\/2025\/11\/Gute-Taten-300x179.jpg 300w, https:\/\/www.miksch.de\/wp-content\/uploads\/2025\/11\/Gute-Taten-18x12.jpg 18w, https:\/\/www.miksch.de\/wp-content\/uploads\/2025\/11\/Gute-Taten-500x298.jpg 500w\" sizes=\"(max-width: 568px) 100vw, 568px\" \/><\/a><\/figure>\n\n\n\n<p><\/p>\n\n\n\n<p>Daf\u00fcr wollen wir uns herzlich bei Ihnen bedanken und verlosen deshalb zus\u00e4tzlich zur Spende einen attraktiven Preis. Mit etwas Gl\u00fcck haben Sie die Chance auf den Gewinn einer <strong>\u201eKulinarische Stadtf\u00fchrung\u201c.<\/strong><\/p>\n\n\n\n<figure class=\"wp-block-image size-full\"><a href=\"https:\/\/www.miksch.de\/wp-content\/uploads\/2025\/11\/Stadtbild-1.jpg\"><img decoding=\"async\" width=\"619\" height=\"372\" src=\"https:\/\/www.miksch.de\/wp-content\/uploads\/2025\/11\/Stadtbild-1.jpg\" alt=\"\" class=\"wp-image-5093\" srcset=\"https:\/\/www.miksch.de\/wp-content\/uploads\/2025\/11\/Stadtbild-1.jpg 619w, https:\/\/www.miksch.de\/wp-content\/uploads\/2025\/11\/Stadtbild-1-300x180.jpg 300w, https:\/\/www.miksch.de\/wp-content\/uploads\/2025\/11\/Stadtbild-1-18x12.jpg 18w, https:\/\/www.miksch.de\/wp-content\/uploads\/2025\/11\/Stadtbild-1-500x300.jpg 500w\" sizes=\"(max-width: 619px) 100vw, 619px\" \/><\/a><\/figure>\n\n\n\n<p><\/p>\n\n\n\n<p>Erleben Sie dabei die Vielfalt und Einzigartigkeit, die jede Stadt zu bieten hat. Entdecken Sie verborgene Sch\u00e4tze gewisser Stadtviertel, begleitet von kulinarischen Gen\u00fcssen und F\u00fchrungen. Und das nicht nur in einer <strong>Stadt Ihrer Wahl<\/strong>, sondern f\u00fcr <strong>insgesamt 4 Personen<\/strong>. <\/p>\n\n\n\n<figure class=\"wp-block-image size-full\"><a href=\"https:\/\/www.miksch.de\/wp-content\/uploads\/2025\/11\/Lecker_Essen.jpg\"><img decoding=\"async\" width=\"623\" height=\"334\" src=\"https:\/\/www.miksch.de\/wp-content\/uploads\/2025\/11\/Lecker_Essen.jpg\" alt=\"\" class=\"wp-image-5094\" srcset=\"https:\/\/www.miksch.de\/wp-content\/uploads\/2025\/11\/Lecker_Essen.jpg 623w, https:\/\/www.miksch.de\/wp-content\/uploads\/2025\/11\/Lecker_Essen-300x161.jpg 300w, https:\/\/www.miksch.de\/wp-content\/uploads\/2025\/11\/Lecker_Essen-18x10.jpg 18w, https:\/\/www.miksch.de\/wp-content\/uploads\/2025\/11\/Lecker_Essen-500x268.jpg 500w\" sizes=\"(max-width: 623px) 100vw, 623px\" \/><\/a><\/figure>\n\n\n\n<p><\/p>\n\n\n\n<p>Wir w\u00fcnschen Ihnen heute schon viel Gl\u00fcck dabei! <br><br>Mit den besten Gr\u00fc\u00dfen aus G\u00f6ppingen<br>Ihr MIKSCH-Vertriebs-Team<\/p>\n\n\n\n<h2 class=\"wp-block-heading\"><strong>R\u00fcckblick MIKSCH Umfrage<\/strong><\/h2>\n\n\n\n<p><\/p>\n\n\n\n<h3 class=\"wp-block-heading\"><strong>Unsere Spende<\/strong><\/h3>\n\n\n\n<p><\/p>\n\n\n\n<p>Durch Ihre Teilnahme an unserer Umfrage 2024 konnten wir in 2025 die <a href=\"https:\/\/www.friends-kinderhilfe.de\/\" target=\"_blank\" rel=\"noreferrer noopener\">FRIENDS Kinderhilfe International e.V.<\/a> mit einer Spende in H\u00f6he von <strong>1000 \u20ac <\/strong>unterst\u00fctzen. Daf\u00fcr bedanken wir uns und auch im Namen der Organisation sehr herzlich bei Ihnen.<\/p>\n\n\n\n<p><\/p>\n\n\n\n<figure class=\"wp-block-image size-full is-resized\"><a href=\"https:\/\/www.miksch.de\/wp-content\/uploads\/2025\/11\/Firends-Kinderhilfe-1.jpg\"><img decoding=\"async\" width=\"797\" height=\"452\" src=\"https:\/\/www.miksch.de\/wp-content\/uploads\/2025\/11\/Firends-Kinderhilfe-1.jpg\" alt=\"\" class=\"wp-image-5104\" style=\"width:606px;height:auto\" srcset=\"https:\/\/www.miksch.de\/wp-content\/uploads\/2025\/11\/Firends-Kinderhilfe-1.jpg 797w, https:\/\/www.miksch.de\/wp-content\/uploads\/2025\/11\/Firends-Kinderhilfe-1-300x170.jpg 300w, https:\/\/www.miksch.de\/wp-content\/uploads\/2025\/11\/Firends-Kinderhilfe-1-768x436.jpg 768w, https:\/\/www.miksch.de\/wp-content\/uploads\/2025\/11\/Firends-Kinderhilfe-1-18x10.jpg 18w, https:\/\/www.miksch.de\/wp-content\/uploads\/2025\/11\/Firends-Kinderhilfe-1-500x284.jpg 500w\" sizes=\"(max-width: 797px) 100vw, 797px\" \/><\/a><\/figure>\n\n\n\n<p><\/p>\n\n\n\n<h3 class=\"wp-block-heading\"><strong>Der Gewinn<\/strong><\/h3>\n\n\n\n<p><\/p>\n\n\n\n<p>Der Gewinner unseres Preises aus der Umfrage 2024 staunte nicht schlecht, als wir ihm mitteilten, dass er der Sieger unserer Verlosung ist. F\u00fcr ihn ging es ins wundersch\u00f6ne Allg\u00e4u &#8211; besser gesagt, in den K\u00f6nigwinkel. Dort angekommen gab es erstmal eine herzliche Begr\u00fc\u00dfung mit anschlie\u00dfender Einweisung in Technik und Sicherheit. Und dann startete auch schon der ca. 60-min\u00fctigen Rundflug rund um die Zugspitze, vorbei am Fernpass und den Alpseen, und als kr\u00f6nenden Abschluss &#8211; im wahrsten Sinne des Wortes &#8211; am Schloss Neuschwanstein.<\/p>\n\n\n\n<p><\/p>\n\n\n\n<figure class=\"wp-block-image size-full\"><a href=\"https:\/\/www.miksch.de\/wp-content\/uploads\/2025\/11\/Rundflug.jpg\"><img decoding=\"async\" width=\"614\" height=\"350\" src=\"https:\/\/www.miksch.de\/wp-content\/uploads\/2025\/11\/Rundflug.jpg\" alt=\"\" class=\"wp-image-5103\" srcset=\"https:\/\/www.miksch.de\/wp-content\/uploads\/2025\/11\/Rundflug.jpg 614w, https:\/\/www.miksch.de\/wp-content\/uploads\/2025\/11\/Rundflug-300x171.jpg 300w, https:\/\/www.miksch.de\/wp-content\/uploads\/2025\/11\/Rundflug-18x10.jpg 18w, https:\/\/www.miksch.de\/wp-content\/uploads\/2025\/11\/Rundflug-500x285.jpg 500w\" sizes=\"(max-width: 614px) 100vw, 614px\" \/><\/a><\/figure>\n\n\n\n<p><\/p>\n\n\n\n<p>Wir freuen uns sehr dar\u00fcber, dass wir mit diesem Preis dem Gewinner ein fantastisches und f\u00fcr bis dato f\u00fcr ihn einmaliges Erlebnis erm\u00f6glichen konnten, welches hoffentlich noch lange in Erinnerung bleiben wird.<\/p>\n\n\n\n<p><\/p>\n","protected":false},"excerpt":{"rendered":"<p>MIKSCH Umfrage erfolgreich abgeschlossen Wir sagen Dankesch\u00f6n! Durch Ihre Unterst\u00fctzung und die gute Zusammenarbeit k\u00f6nnen wir in 2026 weiter an uns und unseren Kompetenzen arbeiten und diese noch besser auf Ihre W\u00fcnsche und Bed\u00fcrfnisse anpassen. Au\u00dferdem haben Sie durch Ihre Teilnahme einen wertvollen Beitrag geleistet. Denn f\u00fcr jeden ausgef\u00fcllten Fragebogen<\/p>\n","protected":false},"author":5,"featured_media":0,"parent":0,"menu_order":0,"comment_status":"closed","ping_status":"closed","template":"","meta":{"_acf_changed":false,"footnotes":""},"class_list":["post-5090","page","type-page","status-publish","hentry"],"acf":[],"yoast_head":"<!-- This site is optimized with the Yoast SEO plugin v27.4 - https:\/\/yoast.com\/product\/yoast-seo-wordpress\/ -->\n<title>Umfrage abgeschlossen - MIKSCH - accelerates<\/title>\n<meta name=\"description\" content=\"MIKSCH Umfrage 2025 abgeschlossen. Ein wertvoller Beitrag und die Chance auf einen Gewinn.\" \/>\n<meta name=\"robots\" content=\"index, follow, max-snippet:-1, max-image-preview:large, max-video-preview:-1\" \/>\n<link rel=\"canonical\" href=\"https:\/\/www.miksch.de\/de\/umfrage-abgeschlossen\/\" \/>\n<meta property=\"og:locale\" content=\"de_DE\" \/>\n<meta property=\"og:type\" content=\"article\" \/>\n<meta property=\"og:title\" content=\"Umfrage abgeschlossen - MIKSCH - accelerates\" \/>\n<meta property=\"og:description\" content=\"MIKSCH Umfrage 2025 abgeschlossen. Ein wertvoller Beitrag und die Chance auf einen Gewinn.\" \/>\n<meta property=\"og:url\" content=\"https:\/\/www.miksch.de\/de\/umfrage-abgeschlossen\/\" \/>\n<meta property=\"og:site_name\" content=\"MIKSCH - accelerates\" \/>\n<meta property=\"article:publisher\" content=\"https:\/\/www.facebook.com\/people\/Miksch-GmbH\/100066497170541\/\" \/>\n<meta property=\"article:modified_time\" content=\"2026-03-16T07:57:58+00:00\" \/>\n<meta property=\"og:image\" content=\"https:\/\/www.miksch.de\/wp-content\/uploads\/2025\/11\/Gute-Taten.jpg\" \/>\n\t<meta property=\"og:image:width\" content=\"568\" \/>\n\t<meta property=\"og:image:height\" content=\"339\" \/>\n\t<meta property=\"og:image:type\" content=\"image\/jpeg\" \/>\n<meta name=\"twitter:card\" content=\"summary_large_image\" \/>\n<meta name=\"twitter:label1\" content=\"Gesch\u00e4tzte Lesezeit\" \/>\n\t<meta name=\"twitter:data1\" content=\"3\u00a0Minuten\" \/>\n<script type=\"application\/ld+json\" class=\"yoast-schema-graph\">{\"@context\":\"https:\\\/\\\/schema.org\",\"@graph\":[{\"@type\":\"WebPage\",\"@id\":\"https:\\\/\\\/www.miksch.de\\\/umfrage-abgeschlossen\\\/\",\"url\":\"https:\\\/\\\/www.miksch.de\\\/umfrage-abgeschlossen\\\/\",\"name\":\"Umfrage abgeschlossen - MIKSCH - accelerates\",\"isPartOf\":{\"@id\":\"https:\\\/\\\/www.miksch.de\\\/#website\"},\"primaryImageOfPage\":{\"@id\":\"https:\\\/\\\/www.miksch.de\\\/umfrage-abgeschlossen\\\/#primaryimage\"},\"image\":{\"@id\":\"https:\\\/\\\/www.miksch.de\\\/umfrage-abgeschlossen\\\/#primaryimage\"},\"thumbnailUrl\":\"https:\\\/\\\/www.miksch.de\\\/wp-content\\\/uploads\\\/2025\\\/11\\\/Gute-Taten.jpg\",\"datePublished\":\"2025-11-26T10:41:30+00:00\",\"dateModified\":\"2026-03-16T07:57:58+00:00\",\"description\":\"MIKSCH Umfrage 2025 abgeschlossen. Ein wertvoller Beitrag und die Chance auf einen Gewinn.\",\"breadcrumb\":{\"@id\":\"https:\\\/\\\/www.miksch.de\\\/umfrage-abgeschlossen\\\/#breadcrumb\"},\"inLanguage\":\"de\",\"potentialAction\":[{\"@type\":\"ReadAction\",\"target\":[\"https:\\\/\\\/www.miksch.de\\\/umfrage-abgeschlossen\\\/\"]}]},{\"@type\":\"ImageObject\",\"inLanguage\":\"de\",\"@id\":\"https:\\\/\\\/www.miksch.de\\\/umfrage-abgeschlossen\\\/#primaryimage\",\"url\":\"https:\\\/\\\/www.miksch.de\\\/wp-content\\\/uploads\\\/2025\\\/11\\\/Gute-Taten.jpg\",\"contentUrl\":\"https:\\\/\\\/www.miksch.de\\\/wp-content\\\/uploads\\\/2025\\\/11\\\/Gute-Taten.jpg\"},{\"@type\":\"BreadcrumbList\",\"@id\":\"https:\\\/\\\/www.miksch.de\\\/umfrage-abgeschlossen\\\/#breadcrumb\",\"itemListElement\":[{\"@type\":\"ListItem\",\"position\":1,\"name\":\"Home\",\"item\":\"https:\\\/\\\/www.miksch.de\\\/\"},{\"@type\":\"ListItem\",\"position\":2,\"name\":\"Umfrage abgeschlossen\"}]},{\"@type\":\"WebSite\",\"@id\":\"https:\\\/\\\/www.miksch.de\\\/#website\",\"url\":\"https:\\\/\\\/www.miksch.de\\\/\",\"name\":\"MIKSCH GmbH\",\"description\":\"\",\"publisher\":{\"@id\":\"https:\\\/\\\/www.miksch.de\\\/#organization\"},\"potentialAction\":[{\"@type\":\"SearchAction\",\"target\":{\"@type\":\"EntryPoint\",\"urlTemplate\":\"https:\\\/\\\/www.miksch.de\\\/?s={search_term_string}\"},\"query-input\":{\"@type\":\"PropertyValueSpecification\",\"valueRequired\":true,\"valueName\":\"search_term_string\"}}],\"inLanguage\":\"de\"},{\"@type\":\"Organization\",\"@id\":\"https:\\\/\\\/www.miksch.de\\\/#organization\",\"name\":\"MIKSCH GmbH\",\"url\":\"https:\\\/\\\/www.miksch.de\\\/\",\"logo\":{\"@type\":\"ImageObject\",\"inLanguage\":\"de\",\"@id\":\"https:\\\/\\\/www.miksch.de\\\/#\\\/schema\\\/logo\\\/image\\\/\",\"url\":\"https:\\\/\\\/www.miksch.de\\\/wp-content\\\/uploads\\\/2024\\\/11\\\/gcOnlineDirectory-5-2.png\",\"contentUrl\":\"https:\\\/\\\/www.miksch.de\\\/wp-content\\\/uploads\\\/2024\\\/11\\\/gcOnlineDirectory-5-2.png\",\"width\":227,\"height\":48,\"caption\":\"MIKSCH GmbH\"},\"image\":{\"@id\":\"https:\\\/\\\/www.miksch.de\\\/#\\\/schema\\\/logo\\\/image\\\/\"},\"sameAs\":[\"https:\\\/\\\/www.facebook.com\\\/people\\\/Miksch-GmbH\\\/100066497170541\\\/\",\"https:\\\/\\\/au.linkedin.com\\\/company\\\/miksch-gmbh\"]}]}<\/script>\n<!-- \/ Yoast SEO plugin. -->","yoast_head_json":{"title":"Umfrage abgeschlossen - MIKSCH - accelerates","description":"MIKSCH Umfrage 2025 abgeschlossen. Ein wertvoller Beitrag und die Chance auf einen Gewinn.","robots":{"index":"index","follow":"follow","max-snippet":"max-snippet:-1","max-image-preview":"max-image-preview:large","max-video-preview":"max-video-preview:-1"},"canonical":"https:\/\/www.miksch.de\/de\/umfrage-abgeschlossen\/","og_locale":"de_DE","og_type":"article","og_title":"Umfrage abgeschlossen - MIKSCH - accelerates","og_description":"MIKSCH Umfrage 2025 abgeschlossen. Ein wertvoller Beitrag und die Chance auf einen Gewinn.","og_url":"https:\/\/www.miksch.de\/de\/umfrage-abgeschlossen\/","og_site_name":"MIKSCH - accelerates","article_publisher":"https:\/\/www.facebook.com\/people\/Miksch-GmbH\/100066497170541\/","article_modified_time":"2026-03-16T07:57:58+00:00","og_image":[{"width":568,"height":339,"url":"https:\/\/www.miksch.de\/wp-content\/uploads\/2025\/11\/Gute-Taten.jpg","type":"image\/jpeg"}],"twitter_card":"summary_large_image","twitter_misc":{"Gesch\u00e4tzte Lesezeit":"3\u00a0Minuten"},"schema":{"@context":"https:\/\/schema.org","@graph":[{"@type":"WebPage","@id":"https:\/\/www.miksch.de\/umfrage-abgeschlossen\/","url":"https:\/\/www.miksch.de\/umfrage-abgeschlossen\/","name":"Umfrage abgeschlossen - MIKSCH - accelerates","isPartOf":{"@id":"https:\/\/www.miksch.de\/#website"},"primaryImageOfPage":{"@id":"https:\/\/www.miksch.de\/umfrage-abgeschlossen\/#primaryimage"},"image":{"@id":"https:\/\/www.miksch.de\/umfrage-abgeschlossen\/#primaryimage"},"thumbnailUrl":"https:\/\/www.miksch.de\/wp-content\/uploads\/2025\/11\/Gute-Taten.jpg","datePublished":"2025-11-26T10:41:30+00:00","dateModified":"2026-03-16T07:57:58+00:00","description":"MIKSCH Umfrage 2025 abgeschlossen. Ein wertvoller Beitrag und die Chance auf einen Gewinn.","breadcrumb":{"@id":"https:\/\/www.miksch.de\/umfrage-abgeschlossen\/#breadcrumb"},"inLanguage":"de","potentialAction":[{"@type":"ReadAction","target":["https:\/\/www.miksch.de\/umfrage-abgeschlossen\/"]}]},{"@type":"ImageObject","inLanguage":"de","@id":"https:\/\/www.miksch.de\/umfrage-abgeschlossen\/#primaryimage","url":"https:\/\/www.miksch.de\/wp-content\/uploads\/2025\/11\/Gute-Taten.jpg","contentUrl":"https:\/\/www.miksch.de\/wp-content\/uploads\/2025\/11\/Gute-Taten.jpg"},{"@type":"BreadcrumbList","@id":"https:\/\/www.miksch.de\/umfrage-abgeschlossen\/#breadcrumb","itemListElement":[{"@type":"ListItem","position":1,"name":"Home","item":"https:\/\/www.miksch.de\/"},{"@type":"ListItem","position":2,"name":"Umfrage abgeschlossen"}]},{"@type":"WebSite","@id":"https:\/\/www.miksch.de\/#website","url":"https:\/\/www.miksch.de\/","name":"MIKSCH GmbH","description":"","publisher":{"@id":"https:\/\/www.miksch.de\/#organization"},"potentialAction":[{"@type":"SearchAction","target":{"@type":"EntryPoint","urlTemplate":"https:\/\/www.miksch.de\/?s={search_term_string}"},"query-input":{"@type":"PropertyValueSpecification","valueRequired":true,"valueName":"search_term_string"}}],"inLanguage":"de"},{"@type":"Organization","@id":"https:\/\/www.miksch.de\/#organization","name":"MIKSCH GmbH","url":"https:\/\/www.miksch.de\/","logo":{"@type":"ImageObject","inLanguage":"de","@id":"https:\/\/www.miksch.de\/#\/schema\/logo\/image\/","url":"https:\/\/www.miksch.de\/wp-content\/uploads\/2024\/11\/gcOnlineDirectory-5-2.png","contentUrl":"https:\/\/www.miksch.de\/wp-content\/uploads\/2024\/11\/gcOnlineDirectory-5-2.png","width":227,"height":48,"caption":"MIKSCH GmbH"},"image":{"@id":"https:\/\/www.miksch.de\/#\/schema\/logo\/image\/"},"sameAs":["https:\/\/www.facebook.com\/people\/Miksch-GmbH\/100066497170541\/","https:\/\/au.linkedin.com\/company\/miksch-gmbh"]}]}},"_links":{"self":[{"href":"https:\/\/www.miksch.de\/de\/wp-json\/wp\/v2\/pages\/5090","targetHints":{"allow":["GET"]}}],"collection":[{"href":"https:\/\/www.miksch.de\/de\/wp-json\/wp\/v2\/pages"}],"about":[{"href":"https:\/\/www.miksch.de\/de\/wp-json\/wp\/v2\/types\/page"}],"author":[{"embeddable":true,"href":"https:\/\/www.miksch.de\/de\/wp-json\/wp\/v2\/users\/5"}],"replies":[{"embeddable":true,"href":"https:\/\/www.miksch.de\/de\/wp-json\/wp\/v2\/comments?post=5090"}],"version-history":[{"count":8,"href":"https:\/\/www.miksch.de\/de\/wp-json\/wp\/v2\/pages\/5090\/revisions"}],"predecessor-version":[{"id":5461,"href":"https:\/\/www.miksch.de\/de\/wp-json\/wp\/v2\/pages\/5090\/revisions\/5461"}],"wp:attachment":[{"href":"https:\/\/www.miksch.de\/de\/wp-json\/wp\/v2\/media?parent=5090"}],"curies":[{"name":"wp","href":"https:\/\/api.w.org\/{rel}","templated":true}]}}